{"id":2594,"date":"2023-03-09T14:12:39","date_gmt":"2023-03-09T13:12:39","guid":{"rendered":"https:\/\/www.transport-insurances.com\/?page_id=2594"},"modified":"2023-04-14T13:52:21","modified_gmt":"2023-04-14T11:52:21","slug":"cookie-policy","status":"publish","type":"page","link":"https:\/\/www.transport-insurances.com\/ro\/cookie-policy\/","title":{"rendered":"Politica de cookie-uri"},"content":{"rendered":"<section class=\"wpb-content-wrapper\"><div data-vc-full-width=\"true\" data-vc-full-width-init=\"false\" data-vc-stretch-content=\"true\" class=\"vc_row wpb_row vc_row-fluid vc_row-no-padding\"><div class=\"wpb_column vc_column_container vc_col-sm-12 sc_layouts_column_icons_position_left\"><div class=\"vc_column-inner\"><div class=\"wpb_wrapper\"><div class=\"vc_empty_space\"   style=\"height: 12em\"><span class=\"vc_empty_space_inner\"><\/span><\/div><\/div><\/div><\/div><\/div><div class=\"vc_row-full-width vc_clearfix\"><\/div><div class=\"vc_row wpb_row vc_row-fluid\"><div class=\"wpb_column vc_column_container vc_col-sm-12 sc_layouts_column_icons_position_left\"><div class=\"vc_column-inner\"><div class=\"wpb_wrapper\"><div class=\"vc_empty_space\"   style=\"height: 8em\"><span class=\"vc_empty_space_inner\"><\/span><\/div><div id=\"sc_title_1855796056\"\n\t\tclass=\"sc_title sc_title_default\"><h2 class=\"sc_item_title sc_title_title sc_align_left sc_item_title_style_default\">Politica de cookie-uri<\/h2><\/div><!-- \/.sc_title --><div class=\"vc_empty_space\"   style=\"height: 4em\"><span class=\"vc_empty_space_inner\"><\/span><\/div><\/div><\/div><\/div><\/div><div class=\"vc_row wpb_row vc_row-fluid\"><div class=\"wpb_column vc_column_container vc_col-sm-12 sc_layouts_column_icons_position_left\"><div class=\"vc_column-inner\"><div class=\"wpb_wrapper\">\n\t<div class=\"wpb_text_column wpb_content_element\" >\n\t\t<div class=\"wpb_wrapper\">\n\t\t\t<h4>Ce sunt cookie-urile?<\/h4>\n<p>Cookie-urile sunt fi\u0219iere text mici, simple, care sunt plasate pe hard disk-ul computerului dvs. atunci c\u00e2nd vizita\u021bi o pagin\u0103 web. Aceste cookie-uri v\u0103 pot asigura c\u0103 vizita dvs. pe site este optimizat\u0103. De exemplu, preferin\u021bele dumneavoastr\u0103 sunt re\u021binute pentru a v\u0103 afi\u0219a doar informa\u021bii care v\u0103 intereseaz\u0103. Un alt avantaj este c\u0103 nu trebuie s\u0103 v\u0103 autentifica\u021bi sau s\u0103 completa\u021bi acelea\u0219i informa\u021bii de fiecare dat\u0103 c\u00e2nd vizita\u021bi un anumit site web.<\/p>\n<h4>De ce v\u0103 inform\u0103m despre utilizarea cookie-urilor?<\/h4>\n<p>Din mai 2018 a intrat \u00een vigoare noul regulament din UE: Regulamentul general privind protec\u021bia datelor (GDPR). Cookie-urile pot fi plasate numai cu acordul explicit al utilizatorului de internet. De aceea, v\u0103 anun\u021b\u0103m c\u0103 site-ul nostru web folose\u0219te cookie-uri \u0219i care este motivul.<\/p>\n<h4>Cookie-uri func\u021bionale<\/h4>\n<p>Acestea sunt cookie-uri care sunt necesare pentru func\u021bionarea site-ului web. F\u0103r\u0103 aceste cookie-uri, anumite p\u0103r\u021bi nu pot fi utilizate. Legea ne permite s\u0103 stoc\u0103m cookie-uri pe dispozitivul dumneavoastr\u0103 dac\u0103 acestea sunt strict necesare pentru utilizarea site-ului. Pentru toate celelalte tipuri de cookie-uri avem nevoie de acordul dumneavoastr\u0103.<\/p>\n<h4>Cookie-uri de preferin\u021b\u0103<\/h4>\n<p>Cookie-urile de preferin\u021b\u0103 permit acestui site s\u0103 re\u021bin\u0103 informa\u021bii care influen\u021beaz\u0103 comportamentul \u0219i designul site-ului web, cum ar fi limba preferat\u0103 sau regiunea \u00een care locui\u021bi.<\/p>\n<h4>Cookie-uri analitice<\/h4>\n<p>Statisticile vizitatorilor pot fi urm\u0103rite \u0219i cu ajutorul cookie-urilor. Utiliz\u0103m Google Analytics pentru a ob\u021bine o perspectiv\u0103 asupra comportamentului vizitatorilor site-ului nostru. Pe baza acestor date, ob\u021binem o perspectiv\u0103 asupra comportamentului de navigare \u0219i vizitare al vizitatorilor no\u0219tri \u0219i putem optimiza site-ul nostru pentru dvs. acolo unde este posibil. Informa\u021biile pe care Google le colecteaz\u0103 sunt anonimizate. Prin urmare, nu sunt stocate date personale, ceea ce \u00eenseamn\u0103 c\u0103 ne este permis s\u0103 plas\u0103m aceste cookie-uri f\u0103r\u0103 permisiune. Nu \u00eemp\u0103rt\u0103\u0219im aceste informa\u021bii cu ter\u021bi.<\/p>\n<h4>Cookie-uri de urm\u0103rire<\/h4>\n<p>Cu ajutorul cookie-urilor de urm\u0103rire putem, printre altele, s\u0103 facem publicitate mai specific \u0219i s\u0103 \u00eenregistr\u0103m ce companii \u0219i organiza\u021bii viziteaz\u0103 site-ul nostru. In acest fel putem ajusta ofertele si aborda vizitatorii cu propuneri interesante. Aceste cookie-uri sunt plasate numai dac\u0103 acorda\u021bi permisiunea pentru acest lucru. \u00cen prezent, nu folosim cookie-uri de urm\u0103rire.<\/p>\n<h4>Accepta\u021bi sau refuza\u021bi cookie-urile<\/h4>\n<p>Pute\u021bi decide dac\u0103 accepta\u021bi sau refuza cookie-urile prin intermediul banner-ului cookie care apare pe site-ul nostru web atunci c\u00e2nd \u00eel vizita\u021bi \u0219i prin set\u0103rile browserului dumneavoastr\u0103. Majoritatea browserelor sunt setate s\u0103 accepte cookie-uri \u00een mod implicit, dar de obicei pute\u021bi ajusta set\u0103rile browserului pentru a refuza cookie-urile. Trebuie s\u0103 reseta\u021bi acest lucru pentru fiecare browser \u0219i pentru fiecare computer.<\/p>\n<p>Versiunea: 09.03.2023<\/p>\n\n\t\t<\/div>\n\t<\/div>\n<\/div><\/div><\/div><\/div><div class=\"vc_row wpb_row vc_row-fluid\"><div class=\"wpb_column vc_column_container vc_col-sm-12 sc_layouts_column_icons_position_left\"><div class=\"vc_column-inner\"><div class=\"wpb_wrapper\"><div class=\"vc_empty_space\"   style=\"height: 7.7em\"><span class=\"vc_empty_space_inner\"><\/span><\/div><\/div><\/div><\/div><\/div>\n<\/section>","protected":false},"excerpt":{"rendered":"Cookie policy Wat zijn cookies? Cookies zijn kleine, eenvoudige tekstbestandjes die op de harde schijf van uw computer worden gezet als u een webpagina bezoekt. Deze cookies kunnen ervoor zorgen dat uw websitebezoek wordt geoptimaliseerd. Zo worden bijvoorbeeld uw voorkeuren onthouden om u alleen informatie te tonen die voor u interessant is. Een ander voordeel is dat u zich niet&hellip;","protected":false},"author":1,"featured_media":0,"parent":0,"menu_order":0,"comment_status":"closed","ping_status":"closed","template":"","meta":{"footnotes":""},"class_list":["post-2594","page","type-page","status-publish","hentry"],"yoast_head":"<!-- This site is optimized with the Yoast SEO plugin v23.9 - https:\/\/yoast.com\/wordpress\/plugins\/seo\/ -->\n<title>Cookie policy - TRANSPORT INSURANCE PACKAGE<\/title>\n<meta name=\"description\" content=\"Cookie policy - Transport Insurance Package - Lees in onze cookie policy welke cookies wij gebruiken op onze website.\" \/>\n<meta name=\"robots\" content=\"index, follow, max-snippet:-1, max-image-preview:large, max-video-preview:-1\" \/>\n<link rel=\"canonical\" href=\"https:\/\/www.transport-insurances.com\/ro\/cookie-policy\/\" \/>\n<meta property=\"og:locale\" content=\"ro_RO\" \/>\n<meta property=\"og:type\" content=\"article\" \/>\n<meta property=\"og:title\" content=\"Cookie policy - TRANSPORT INSURANCE PACKAGE\" \/>\n<meta property=\"og:description\" content=\"Cookie policy - Transport Insurance Package - Lees in onze cookie policy welke cookies wij gebruiken op onze website.\" \/>\n<meta property=\"og:url\" content=\"https:\/\/www.transport-insurances.com\/ro\/cookie-policy\/\" \/>\n<meta property=\"og:site_name\" content=\"TRANSPORT INSURANCE PACKAGE\" \/>\n<meta property=\"article:modified_time\" content=\"2023-04-14T11:52:21+00:00\" \/>\n<meta name=\"twitter:card\" content=\"summary_large_image\" \/>\n<meta name=\"twitter:label1\" content=\"Timp estimat pentru citire\" \/>\n\t<meta name=\"twitter:data1\" content=\"3 minute\" \/>\n<script type=\"application\/ld+json\" class=\"yoast-schema-graph\">{\"@context\":\"https:\/\/schema.org\",\"@graph\":[{\"@type\":\"WebPage\",\"@id\":\"https:\/\/www.transport-insurances.com\/cookie-policy\/\",\"url\":\"https:\/\/www.transport-insurances.com\/cookie-policy\/\",\"name\":\"Cookie policy - TRANSPORT INSURANCE PACKAGE\",\"isPartOf\":{\"@id\":\"https:\/\/www.transport-insurances.com\/#website\"},\"datePublished\":\"2023-03-09T13:12:39+00:00\",\"dateModified\":\"2023-04-14T11:52:21+00:00\",\"description\":\"Cookie policy - Transport Insurance Package - Lees in onze cookie policy welke cookies wij gebruiken op onze website.\",\"breadcrumb\":{\"@id\":\"https:\/\/www.transport-insurances.com\/cookie-policy\/#breadcrumb\"},\"inLanguage\":\"ro-RO\",\"potentialAction\":[{\"@type\":\"ReadAction\",\"target\":[\"https:\/\/www.transport-insurances.com\/cookie-policy\/\"]}]},{\"@type\":\"BreadcrumbList\",\"@id\":\"https:\/\/www.transport-insurances.com\/cookie-policy\/#breadcrumb\",\"itemListElement\":[{\"@type\":\"ListItem\",\"position\":1,\"name\":\"Home\",\"item\":\"https:\/\/www.transport-insurances.com\/\"},{\"@type\":\"ListItem\",\"position\":2,\"name\":\"Cookie policy\"}]},{\"@type\":\"WebSite\",\"@id\":\"https:\/\/www.transport-insurances.com\/#website\",\"url\":\"https:\/\/www.transport-insurances.com\/\",\"name\":\"TRANSPORT INSURANCE PACKAGE\",\"description\":\"Goed verzekerd en veilig de baan op\",\"potentialAction\":[{\"@type\":\"SearchAction\",\"target\":{\"@type\":\"EntryPoint\",\"urlTemplate\":\"https:\/\/www.transport-insurances.com\/?s={search_term_string}\"},\"query-input\":{\"@type\":\"PropertyValueSpecification\",\"valueRequired\":true,\"valueName\":\"search_term_string\"}}],\"inLanguage\":\"ro-RO\"}]}<\/script>\n<!-- \/ Yoast SEO plugin. -->","yoast_head_json":{"title":"Cookie policy - TRANSPORT INSURANCE PACKAGE","description":"Cookie policy - Transport Insurance Package - Lees in onze cookie policy welke cookies wij gebruiken op onze website.","robots":{"index":"index","follow":"follow","max-snippet":"max-snippet:-1","max-image-preview":"max-image-preview:large","max-video-preview":"max-video-preview:-1"},"canonical":"https:\/\/www.transport-insurances.com\/ro\/cookie-policy\/","og_locale":"ro_RO","og_type":"article","og_title":"Cookie policy - TRANSPORT INSURANCE PACKAGE","og_description":"Cookie policy - Transport Insurance Package - Lees in onze cookie policy welke cookies wij gebruiken op onze website.","og_url":"https:\/\/www.transport-insurances.com\/ro\/cookie-policy\/","og_site_name":"TRANSPORT INSURANCE PACKAGE","article_modified_time":"2023-04-14T11:52:21+00:00","twitter_card":"summary_large_image","twitter_misc":{"Timp estimat pentru citire":"3 minute"},"schema":{"@context":"https:\/\/schema.org","@graph":[{"@type":"WebPage","@id":"https:\/\/www.transport-insurances.com\/cookie-policy\/","url":"https:\/\/www.transport-insurances.com\/cookie-policy\/","name":"Cookie policy - TRANSPORT INSURANCE PACKAGE","isPartOf":{"@id":"https:\/\/www.transport-insurances.com\/#website"},"datePublished":"2023-03-09T13:12:39+00:00","dateModified":"2023-04-14T11:52:21+00:00","description":"Cookie policy - Transport Insurance Package - Lees in onze cookie policy welke cookies wij gebruiken op onze website.","breadcrumb":{"@id":"https:\/\/www.transport-insurances.com\/cookie-policy\/#breadcrumb"},"inLanguage":"ro-RO","potentialAction":[{"@type":"ReadAction","target":["https:\/\/www.transport-insurances.com\/cookie-policy\/"]}]},{"@type":"BreadcrumbList","@id":"https:\/\/www.transport-insurances.com\/cookie-policy\/#breadcrumb","itemListElement":[{"@type":"ListItem","position":1,"name":"Home","item":"https:\/\/www.transport-insurances.com\/"},{"@type":"ListItem","position":2,"name":"Cookie policy"}]},{"@type":"WebSite","@id":"https:\/\/www.transport-insurances.com\/#website","url":"https:\/\/www.transport-insurances.com\/","name":"TRANSPORT INSURANCE PACKAGE","description":"Goed verzekerd en veilig de baan op","potentialAction":[{"@type":"SearchAction","target":{"@type":"EntryPoint","urlTemplate":"https:\/\/www.transport-insurances.com\/?s={search_term_string}"},"query-input":{"@type":"PropertyValueSpecification","valueRequired":true,"valueName":"search_term_string"}}],"inLanguage":"ro-RO"}]}},"_links":{"self":[{"href":"https:\/\/www.transport-insurances.com\/ro\/wp-json\/wp\/v2\/pages\/2594","targetHints":{"allow":["GET"]}}],"collection":[{"href":"https:\/\/www.transport-insurances.com\/ro\/wp-json\/wp\/v2\/pages"}],"about":[{"href":"https:\/\/www.transport-insurances.com\/ro\/wp-json\/wp\/v2\/types\/page"}],"author":[{"embeddable":true,"href":"https:\/\/www.transport-insurances.com\/ro\/wp-json\/wp\/v2\/users\/1"}],"replies":[{"embeddable":true,"href":"https:\/\/www.transport-insurances.com\/ro\/wp-json\/wp\/v2\/comments?post=2594"}],"version-history":[{"count":6,"href":"https:\/\/www.transport-insurances.com\/ro\/wp-json\/wp\/v2\/pages\/2594\/revisions"}],"predecessor-version":[{"id":2597,"href":"https:\/\/www.transport-insurances.com\/ro\/wp-json\/wp\/v2\/pages\/2594\/revisions\/2597"}],"wp:attachment":[{"href":"https:\/\/www.transport-insurances.com\/ro\/wp-json\/wp\/v2\/media?parent=2594"}],"curies":[{"name":"wp","href":"https:\/\/api.w.org\/{rel}","templated":true}]}}