{"id":1246,"date":"2016-11-03T15:19:14","date_gmt":"2016-11-03T15:19:14","guid":{"rendered":"http:\/\/translogic.dv.themerex.net\/?page_id=19"},"modified":"2023-03-09T17:54:43","modified_gmt":"2023-03-09T16:54:43","slug":"premie","status":"publish","type":"page","link":"https:\/\/www.transport-insurances.com\/ro\/premie\/","title":{"rendered":"Prima"},"content":{"rendered":"<section class=\"wpb-content-wrapper\"><div data-vc-full-width=\"true\" data-vc-full-width-init=\"false\" data-vc-stretch-content=\"true\" class=\"vc_row wpb_row vc_row-fluid vc_custom_1591876836782\"><div class=\"wpb_column vc_column_container vc_col-sm-12 sc_layouts_column_icons_position_left\"><div class=\"vc_column-inner\"><div class=\"wpb_wrapper\"><div class=\"vc_empty_space\"   style=\"height: 30em\"><span class=\"vc_empty_space_inner\"><\/span><\/div><\/div><\/div><\/div><\/div><div class=\"vc_row-full-width vc_clearfix\"><\/div><div class=\"vc_row wpb_row vc_row-fluid\"><div class=\"wpb_column vc_column_container vc_col-sm-12 sc_layouts_column_icons_position_left\"><div class=\"vc_column-inner\"><div class=\"wpb_wrapper\">\n\t<div class=\"wpb_text_column wpb_content_element\" >\n\t\t<div class=\"wpb_wrapper\">\n\t\t\t<div class=\"forminator-ui forminator-custom-form forminator-custom-form-2341 forminator-design--default  forminator_ajax\" data-forminator-render=\"0\" data-form=\"forminator-module-2341\" data-uid=\"69e1d3971f6f6\"><br\/><\/div><form\n\t\t\t\tid=\"forminator-module-2341\"\n\t\t\t\tclass=\"forminator-ui forminator-custom-form forminator-custom-form-2341 forminator-design--default  forminator_ajax\"\n\t\t\t\tmethod=\"post\"\n\t\t\t\tdata-forminator-render=\"0\"\n\t\t\t\tdata-form-id=\"2341\"\n\t\t\t\t data-color-option=\"default\" data-design=\"default\" data-grid=\"open\" style=\"display: none;\"\n\t\t\t\tdata-uid=\"69e1d3971f6f6\"\n\t\t\t><div role=\"alert\" aria-live=\"polite\" class=\"forminator-response-message forminator-error\" aria-hidden=\"true\"><\/div><div class=\"forminator-row\"><div id=\"section-1\" class=\"forminator-field-section forminator-col forminator-col-12\"><div class=\"forminator-field\"><h2 class=\"forminator-title\">Calcula\u021bi prima de transport<\/h2><h3 class=\"forminator-subtitle\">Completa\u021bi formularul de mai jos<\/h3><\/div><\/div><\/div><div class=\"forminator-row\"><div id=\"section-2\" class=\"forminator-field-section forminator-col forminator-col-12\"><div class=\"forminator-field\"><h2 class=\"forminator-title\">Informa\u021bii generale<\/h2><\/div><\/div><\/div><div class=\"forminator-row\"><div id=\"name-1\" class=\"forminator-field-name forminator-col forminator-col-12\"><div class=\"forminator-field\"><label for=\"forminator-field-name-1_69e1d3971f6f6\" id=\"forminator-field-name-1_69e1d3971f6f6-label\" class=\"forminator-label\">Denumirea societ\u0103\u021bii <span class=\"forminator-required\">*<\/span><\/label><input type=\"text\" name=\"name-1\" value=\"\" placeholder=\"\" id=\"forminator-field-name-1_69e1d3971f6f6\" class=\"forminator-input forminator-name--field\" aria-required=\"true\" autocomplete=\"name\" \/><\/div><\/div><\/div><div class=\"forminator-row\"><div id=\"name-2\" class=\"forminator-field-name forminator-col forminator-col-6\"><div class=\"forminator-field\"><label for=\"forminator-field-name-2_69e1d3971f6f6\" id=\"forminator-field-name-2_69e1d3971f6f6-label\" class=\"forminator-label\">Numele persoanei de contact <span class=\"forminator-required\">*<\/span><\/label><input type=\"text\" name=\"name-2\" value=\"\" placeholder=\"\" id=\"forminator-field-name-2_69e1d3971f6f6\" class=\"forminator-input forminator-name--field\" aria-required=\"true\" autocomplete=\"name\" \/><\/div><\/div><div id=\"name-3\" class=\"forminator-field-name forminator-col forminator-col-6\"><div class=\"forminator-field\"><label for=\"forminator-field-name-3_69e1d3971f6f6\" id=\"forminator-field-name-3_69e1d3971f6f6-label\" class=\"forminator-label\">Func\u0163ie <span class=\"forminator-required\">*<\/span><\/label><input type=\"text\" name=\"name-3\" value=\"\" placeholder=\"\" id=\"forminator-field-name-3_69e1d3971f6f6\" class=\"forminator-input forminator-name--field\" aria-required=\"true\" autocomplete=\"name\" \/><\/div><\/div><\/div><div class=\"forminator-row\"><div id=\"email-1\" class=\"forminator-field-email forminator-col forminator-col-12\"><div class=\"forminator-field\"><label for=\"forminator-field-email-1_69e1d3971f6f6\" id=\"forminator-field-email-1_69e1d3971f6f6-label\" class=\"forminator-label\">Adresa de email <span class=\"forminator-required\">*<\/span><\/label><input type=\"email\" name=\"email-1\" value=\"\" placeholder=\"\" id=\"forminator-field-email-1_69e1d3971f6f6\" class=\"forminator-input forminator-email--field\" data-required=\"1\" aria-required=\"true\" autocomplete=\"email\" \/><\/div><\/div><\/div><div class=\"forminator-row\"><div id=\"text-2\" class=\"forminator-field-text forminator-col forminator-col-6\"><div class=\"forminator-field\"><label for=\"forminator-field-text-2_69e1d3971f6f6\" id=\"forminator-field-text-2_69e1d3971f6f6-label\" class=\"forminator-label\">TVA <span class=\"forminator-required\">*<\/span><\/label><input type=\"text\" name=\"text-2\" value=\"\" placeholder=\"\" id=\"forminator-field-text-2_69e1d3971f6f6\" class=\"forminator-input forminator-name--field\" data-required=\"1\" \/><\/div><\/div><div id=\"phone-1\" class=\"forminator-field-phone forminator-col forminator-col-6\"><div class=\"forminator-field\"><label for=\"forminator-field-phone-1_69e1d3971f6f6\" id=\"forminator-field-phone-1_69e1d3971f6f6-label\" class=\"forminator-label\">Num\u0103rului de telefon <span class=\"forminator-required\">*<\/span><\/label><input type=\"text\" name=\"phone-1\" value=\"\" placeholder=\"\" id=\"forminator-field-phone-1_69e1d3971f6f6\" class=\"forminator-input forminator-field--phone\" data-required=\"1\" aria-required=\"true\" autocomplete=\"off\" \/><\/div><\/div><\/div><div class=\"forminator-row\"><div id=\"section-3\" class=\"forminator-field-section forminator-col forminator-col-12\"><div class=\"forminator-field\"><h2 class=\"forminator-title\">\u00centreb\u0103ri despre flota dumneavoastr\u0103<\/h2><\/div><\/div><\/div><div class=\"forminator-row\"><div id=\"radio-1\" class=\"forminator-field-radio forminator-col forminator-col-12\"><div role=\"radiogroup\" class=\"forminator-field\" aria-labelledby=\"forminator-radiogroup-radio-1-69e1d3971f6f6-label\"><span id=\"forminator-radiogroup-radio-1-69e1d3971f6f6-label\" class=\"forminator-label\">Ave\u021bi mai multe vehicule ? <span class=\"forminator-required\">*<\/span><\/span><label id=\"forminator-field-radio-1-label-1\" for=\"forminator-field-radio-1-1-69e1d3971f6f6\" class=\"forminator-radio\" title=\"Da\"><input type=\"radio\" name=\"radio-1\" value=\"Ja\" id=\"forminator-field-radio-1-1-69e1d3971f6f6\" aria-labelledby=\"forminator-field-radio-1-label-1\" data-calculation=\"0\"  \/><span class=\"forminator-radio-bullet\" aria-hidden=\"true\"><\/span><span class=\"forminator-radio-label\">Da<\/span><\/label><label id=\"forminator-field-radio-1-label-2\" for=\"forminator-field-radio-1-2-69e1d3971f6f6\" class=\"forminator-radio\" title=\"Nu\"><input type=\"radio\" name=\"radio-1\" value=\"Nee\" id=\"forminator-field-radio-1-2-69e1d3971f6f6\" aria-labelledby=\"forminator-field-radio-1-label-2\" data-calculation=\"0\"  \/><span class=\"forminator-radio-bullet\" aria-hidden=\"true\"><\/span><span class=\"forminator-radio-label\">Nu<\/span><\/label><\/div><\/div><\/div><div class=\"forminator-row\"><div id=\"number-1\" class=\"forminator-field-number forminator-col forminator-col-12\"><div class=\"forminator-field\"><label for=\"forminator-field-number-1_69e1d3971f6f6\" id=\"forminator-field-number-1_69e1d3971f6f6-label\" class=\"forminator-label\">Dac\u0103 da, c\u00e2t?<\/label><input name=\"number-1\" value=\"\" placeholder=\"\" id=\"forminator-field-number-1_69e1d3971f6f6\" class=\"forminator-input forminator-number--field\" inputmode=\"decimal\" data-required=\"\" data-decimals=\"0\" aria-required=\"false\" data-inputmask=\"&#039;groupSeparator&#039;: &#039;&#039;, &#039;radixPoint&#039;: &#039;&#039;, &#039;digits&#039;: &#039;0&#039;\" type=\"number\" step=\"any\" min=\"\" \/><\/div><\/div><\/div><div class=\"forminator-row\"><div id=\"textarea-2\" class=\"forminator-field-textarea forminator-col forminator-col-12\"><div class=\"forminator-field\"><label for=\"forminator-field-textarea-2_69e1d3971f6f6\" id=\"forminator-field-textarea-2_69e1d3971f6f6-label\" class=\"forminator-label\">Pentru fiecare vehicul, nota\u021bi tipul de vehicul (camion, tractor sau altul), tonaj \u0219i valoarea asigurat\u0103.<\/label><textarea name=\"textarea-2\" placeholder=\"D.e. Camion 1: Tonajul maxim de 30 de tone \u0219i valoarea asigurat\u0103 de 17.000 de euro\" id=\"forminator-field-textarea-2_69e1d3971f6f6\" class=\"forminator-textarea\" rows=\"6\" style=\"min-height:140px;\" ><\/textarea><\/div><\/div><\/div><div class=\"forminator-row\"><div id=\"radio-2\" class=\"forminator-field-radio forminator-col forminator-col-12\"><div role=\"radiogroup\" class=\"forminator-field\" aria-labelledby=\"forminator-radiogroup-radio-2-69e1d3971f6f6-label\"><span id=\"forminator-radiogroup-radio-2-69e1d3971f6f6-label\" class=\"forminator-label\">Efectuati transport frigorific\/congelator? <span class=\"forminator-required\">*<\/span><\/span><label id=\"forminator-field-radio-2-label-1\" for=\"forminator-field-radio-2-1-69e1d3971f6f6\" class=\"forminator-radio\" title=\"Da\"><input type=\"radio\" name=\"radio-2\" value=\"Ja\" id=\"forminator-field-radio-2-1-69e1d3971f6f6\" aria-labelledby=\"forminator-field-radio-2-label-1\" data-calculation=\"0\"  \/><span class=\"forminator-radio-bullet\" aria-hidden=\"true\"><\/span><span class=\"forminator-radio-label\">Da<\/span><\/label><label id=\"forminator-field-radio-2-label-2\" for=\"forminator-field-radio-2-2-69e1d3971f6f6\" class=\"forminator-radio\" title=\"Nu\"><input type=\"radio\" name=\"radio-2\" value=\"Nee\" id=\"forminator-field-radio-2-2-69e1d3971f6f6\" aria-labelledby=\"forminator-field-radio-2-label-2\" data-calculation=\"0\"  \/><span class=\"forminator-radio-bullet\" aria-hidden=\"true\"><\/span><span class=\"forminator-radio-label\">Nu<\/span><\/label><\/div><\/div><\/div><div class=\"forminator-row\"><div id=\"radio-3\" class=\"forminator-field-radio forminator-col forminator-col-12\"><div role=\"radiogroup\" class=\"forminator-field\" aria-labelledby=\"forminator-radiogroup-radio-3-69e1d3971f6f6-label\"><span id=\"forminator-radiogroup-radio-3-69e1d3971f6f6-label\" class=\"forminator-label\">Efectua\u021bi transport \u00een vrac\/cistern\u0103? <span class=\"forminator-required\">*<\/span><\/span><label id=\"forminator-field-radio-3-label-1\" for=\"forminator-field-radio-3-1-69e1d3971f6f6\" class=\"forminator-radio\" title=\"Da\"><input type=\"radio\" name=\"radio-3\" value=\"Ja\" id=\"forminator-field-radio-3-1-69e1d3971f6f6\" aria-labelledby=\"forminator-field-radio-3-label-1\" data-calculation=\"0\"  \/><span class=\"forminator-radio-bullet\" aria-hidden=\"true\"><\/span><span class=\"forminator-radio-label\">Da<\/span><\/label><label id=\"forminator-field-radio-3-label-2\" for=\"forminator-field-radio-3-2-69e1d3971f6f6\" class=\"forminator-radio\" title=\"Nu\"><input type=\"radio\" name=\"radio-3\" value=\"Nee\" id=\"forminator-field-radio-3-2-69e1d3971f6f6\" aria-labelledby=\"forminator-field-radio-3-label-2\" data-calculation=\"0\"  \/><span class=\"forminator-radio-bullet\" aria-hidden=\"true\"><\/span><span class=\"forminator-radio-label\">Nu<\/span><\/label><\/div><\/div><\/div><div class=\"forminator-row\"><div id=\"radio-4\" class=\"forminator-field-radio forminator-col forminator-col-12\"><div role=\"radiogroup\" class=\"forminator-field\" aria-labelledby=\"forminator-radiogroup-radio-4-69e1d3971f6f6-label\"><span id=\"forminator-radiogroup-radio-4-69e1d3971f6f6-label\" class=\"forminator-label\">Efectuati transport ADR? <span class=\"forminator-required\">*<\/span><\/span><label id=\"forminator-field-radio-4-label-1\" for=\"forminator-field-radio-4-1-69e1d3971f6f6\" class=\"forminator-radio\" title=\"Da\"><input type=\"radio\" name=\"radio-4\" value=\"Ja\" id=\"forminator-field-radio-4-1-69e1d3971f6f6\" aria-labelledby=\"forminator-field-radio-4-label-1\" data-calculation=\"0\"  \/><span class=\"forminator-radio-bullet\" aria-hidden=\"true\"><\/span><span class=\"forminator-radio-label\">Da<\/span><\/label><label id=\"forminator-field-radio-4-label-2\" for=\"forminator-field-radio-4-2-69e1d3971f6f6\" class=\"forminator-radio\" title=\"Nu\"><input type=\"radio\" name=\"radio-4\" value=\"Nee\" id=\"forminator-field-radio-4-2-69e1d3971f6f6\" aria-labelledby=\"forminator-field-radio-4-label-2\" data-calculation=\"0\"  \/><span class=\"forminator-radio-bullet\" aria-hidden=\"true\"><\/span><span class=\"forminator-radio-label\">Nu<\/span><\/label><\/div><\/div><\/div><div class=\"forminator-row\"><div id=\"text-1\" class=\"forminator-field-text forminator-col forminator-col-12\"><div class=\"forminator-field\"><label for=\"forminator-field-text-1_69e1d3971f6f6\" id=\"forminator-field-text-1_69e1d3971f6f6-label\" class=\"forminator-label\">Introduce\u021bi aici codul furnizorului, dac\u0103 ave\u021bi unul.<\/label><input type=\"text\" name=\"text-1\" value=\"\" placeholder=\"\" id=\"forminator-field-text-1_69e1d3971f6f6\" class=\"forminator-input forminator-name--field\" data-required=\"\" \/><\/div><\/div><\/div><div class=\"forminator-row\"><div id=\"textarea-1\" class=\"forminator-field-textarea forminator-col forminator-col-12\"><div class=\"forminator-field\"><label for=\"forminator-field-textarea-1_69e1d3971f6f6\" id=\"forminator-field-textarea-1_69e1d3971f6f6-label\" class=\"forminator-label\">Commentaires<\/label><textarea name=\"textarea-1\" placeholder=\"\" id=\"forminator-field-textarea-1_69e1d3971f6f6\" class=\"forminator-textarea\" rows=\"6\" style=\"min-height:140px;\" ><\/textarea><\/div><\/div><\/div><div class=\"forminator-row\"><div id=\"captcha-1\" class=\"forminator-field-captcha forminator-col forminator-col-12\"><div class=\"forminator-captcha-left forminator-g-recaptcha\" data-theme=\"light\"  data-sitekey=\"6LdaoegdAAAAAEcFMivIYcRlomPzmR0vafp183eo\" data-size=\"normal\"><\/div> <\/div><\/div><input type=\"hidden\" name=\"referer_url\" value=\"\" \/><div class=\"forminator-row forminator-row-last\"><div class=\"forminator-col\"><div class=\"forminator-field\"><button class=\"forminator-button forminator-button-submit\">Trimite<\/button><\/div><\/div><\/div><input type=\"hidden\" id=\"forminator_nonce\" name=\"forminator_nonce\" value=\"363fedc585\" \/><input type=\"hidden\" name=\"_wp_http_referer\" value=\"\/ro\/wp-json\/wp\/v2\/pages\/1246\" \/><input type=\"hidden\" name=\"form_id\" value=\"2341\"><input type=\"hidden\" name=\"page_id\" value=\"1246\"><input type=\"hidden\" name=\"form_type\" value=\"default\"><input type=\"hidden\" name=\"current_url\" value=\"https:\/\/www.transport-insurances.com\/ro\/premie\/\"><input type=\"hidden\" name=\"render_id\" value=\"0\"><input type=\"hidden\" name=\"action\" value=\"forminator_submit_form_custom-forms\"><input type=\"hidden\" name=\"trp-form-language\" value=\"ro\"\/><\/form>\n\n\t\t<\/div>\n\t<\/div>\n<\/div><\/div><\/div><\/div><div class=\"vc_row wpb_row vc_row-fluid\"><div class=\"wpb_column vc_column_container vc_col-sm-12 sc_layouts_column_icons_position_left\"><div class=\"vc_column-inner\"><div class=\"wpb_wrapper\"><div class=\"vc_empty_space\"   style=\"height: 3.5em\"><span class=\"vc_empty_space_inner\"><\/span><\/div><\/div><\/div><\/div><\/div>\n<\/section>","protected":false},"excerpt":{"rendered":"Premie transport berekenenVul onderstaande inAlgemene infoNaam van de onderneming *Naam contactpersoon *Functie *E-mailadres *BTW nummer *Telefoonnummer *Vragen over uw vlootU heeft meerdere voertuigen? *JaNeeIndien ja, hoeveel?Noteer bij ieder voertuig het type voertuig (vrachtwagen, trekker of andere), de tonnage en de verzekerde waarde.Voert u koel-\/vriesvervoer uit? *JaNeeVoert u bulk-\/tankvervoer uit? *JaNeeVoert u ADR transport uit? *JaNeeVul hier uw leverancierscode in, indien&hellip;","protected":false},"author":2,"featured_media":0,"parent":0,"menu_order":0,"comment_status":"closed","ping_status":"closed","template":"","meta":{"footnotes":""},"class_list":["post-1246","page","type-page","status-publish","hentry"],"yoast_head":"<!-- This site is optimized with the Yoast SEO plugin v23.9 - https:\/\/yoast.com\/wordpress\/plugins\/seo\/ -->\n<title>Premie - TRANSPORT INSURANCE PACKAGE<\/title>\n<meta name=\"description\" content=\"Premie berekenen - Kom te weten hoeveel uw premie zal bedragen voor de Transport Insurance Package.\" \/>\n<meta name=\"robots\" content=\"index, follow, max-snippet:-1, max-image-preview:large, max-video-preview:-1\" \/>\n<link rel=\"canonical\" href=\"https:\/\/www.transport-insurances.com\/ro\/premie\/\" \/>\n<meta property=\"og:locale\" content=\"ro_RO\" \/>\n<meta property=\"og:type\" content=\"article\" \/>\n<meta property=\"og:title\" content=\"Premie - TRANSPORT INSURANCE PACKAGE\" \/>\n<meta property=\"og:description\" content=\"Premie berekenen - Kom te weten hoeveel uw premie zal bedragen voor de Transport Insurance Package.\" \/>\n<meta property=\"og:url\" content=\"https:\/\/www.transport-insurances.com\/ro\/premie\/\" \/>\n<meta property=\"og:site_name\" content=\"TRANSPORT INSURANCE PACKAGE\" \/>\n<meta property=\"article:modified_time\" content=\"2023-03-09T16:54:43+00:00\" \/>\n<meta name=\"twitter:card\" content=\"summary_large_image\" \/>\n<meta name=\"twitter:label1\" content=\"Timp estimat pentru citire\" \/>\n\t<meta name=\"twitter:data1\" content=\"1 minut\" \/>\n<script type=\"application\/ld+json\" class=\"yoast-schema-graph\">{\"@context\":\"https:\/\/schema.org\",\"@graph\":[{\"@type\":\"WebPage\",\"@id\":\"https:\/\/www.transport-insurances.com\/premie\/\",\"url\":\"https:\/\/www.transport-insurances.com\/premie\/\",\"name\":\"Premie - TRANSPORT INSURANCE PACKAGE\",\"isPartOf\":{\"@id\":\"https:\/\/www.transport-insurances.com\/#website\"},\"datePublished\":\"2016-11-03T15:19:14+00:00\",\"dateModified\":\"2023-03-09T16:54:43+00:00\",\"description\":\"Premie berekenen - Kom te weten hoeveel uw premie zal bedragen voor de Transport Insurance Package.\",\"breadcrumb\":{\"@id\":\"https:\/\/www.transport-insurances.com\/premie\/#breadcrumb\"},\"inLanguage\":\"ro-RO\",\"potentialAction\":[{\"@type\":\"ReadAction\",\"target\":[\"https:\/\/www.transport-insurances.com\/premie\/\"]}]},{\"@type\":\"BreadcrumbList\",\"@id\":\"https:\/\/www.transport-insurances.com\/premie\/#breadcrumb\",\"itemListElement\":[{\"@type\":\"ListItem\",\"position\":1,\"name\":\"Home\",\"item\":\"https:\/\/www.transport-insurances.com\/\"},{\"@type\":\"ListItem\",\"position\":2,\"name\":\"Premie\"}]},{\"@type\":\"WebSite\",\"@id\":\"https:\/\/www.transport-insurances.com\/#website\",\"url\":\"https:\/\/www.transport-insurances.com\/\",\"name\":\"TRANSPORT INSURANCE PACKAGE\",\"description\":\"Goed verzekerd en veilig de baan op\",\"potentialAction\":[{\"@type\":\"SearchAction\",\"target\":{\"@type\":\"EntryPoint\",\"urlTemplate\":\"https:\/\/www.transport-insurances.com\/?s={search_term_string}\"},\"query-input\":{\"@type\":\"PropertyValueSpecification\",\"valueRequired\":true,\"valueName\":\"search_term_string\"}}],\"inLanguage\":\"ro-RO\"}]}<\/script>\n<!-- \/ Yoast SEO plugin. -->","yoast_head_json":{"title":"Premie - TRANSPORT INSURANCE PACKAGE","description":"Premie berekenen - Kom te weten hoeveel uw premie zal bedragen voor de Transport Insurance Package.","robots":{"index":"index","follow":"follow","max-snippet":"max-snippet:-1","max-image-preview":"max-image-preview:large","max-video-preview":"max-video-preview:-1"},"canonical":"https:\/\/www.transport-insurances.com\/ro\/premie\/","og_locale":"ro_RO","og_type":"article","og_title":"Premie - TRANSPORT INSURANCE PACKAGE","og_description":"Premie berekenen - Kom te weten hoeveel uw premie zal bedragen voor de Transport Insurance Package.","og_url":"https:\/\/www.transport-insurances.com\/ro\/premie\/","og_site_name":"TRANSPORT INSURANCE PACKAGE","article_modified_time":"2023-03-09T16:54:43+00:00","twitter_card":"summary_large_image","twitter_misc":{"Timp estimat pentru citire":"1 minut"},"schema":{"@context":"https:\/\/schema.org","@graph":[{"@type":"WebPage","@id":"https:\/\/www.transport-insurances.com\/premie\/","url":"https:\/\/www.transport-insurances.com\/premie\/","name":"Premie - TRANSPORT INSURANCE PACKAGE","isPartOf":{"@id":"https:\/\/www.transport-insurances.com\/#website"},"datePublished":"2016-11-03T15:19:14+00:00","dateModified":"2023-03-09T16:54:43+00:00","description":"Premie berekenen - Kom te weten hoeveel uw premie zal bedragen voor de Transport Insurance Package.","breadcrumb":{"@id":"https:\/\/www.transport-insurances.com\/premie\/#breadcrumb"},"inLanguage":"ro-RO","potentialAction":[{"@type":"ReadAction","target":["https:\/\/www.transport-insurances.com\/premie\/"]}]},{"@type":"BreadcrumbList","@id":"https:\/\/www.transport-insurances.com\/premie\/#breadcrumb","itemListElement":[{"@type":"ListItem","position":1,"name":"Home","item":"https:\/\/www.transport-insurances.com\/"},{"@type":"ListItem","position":2,"name":"Premie"}]},{"@type":"WebSite","@id":"https:\/\/www.transport-insurances.com\/#website","url":"https:\/\/www.transport-insurances.com\/","name":"TRANSPORT INSURANCE PACKAGE","description":"Goed verzekerd en veilig de baan op","potentialAction":[{"@type":"SearchAction","target":{"@type":"EntryPoint","urlTemplate":"https:\/\/www.transport-insurances.com\/?s={search_term_string}"},"query-input":{"@type":"PropertyValueSpecification","valueRequired":true,"valueName":"search_term_string"}}],"inLanguage":"ro-RO"}]}},"_links":{"self":[{"href":"https:\/\/www.transport-insurances.com\/ro\/wp-json\/wp\/v2\/pages\/1246","targetHints":{"allow":["GET"]}}],"collection":[{"href":"https:\/\/www.transport-insurances.com\/ro\/wp-json\/wp\/v2\/pages"}],"about":[{"href":"https:\/\/www.transport-insurances.com\/ro\/wp-json\/wp\/v2\/types\/page"}],"author":[{"embeddable":true,"href":"https:\/\/www.transport-insurances.com\/ro\/wp-json\/wp\/v2\/users\/2"}],"replies":[{"embeddable":true,"href":"https:\/\/www.transport-insurances.com\/ro\/wp-json\/wp\/v2\/comments?post=1246"}],"version-history":[{"count":1,"href":"https:\/\/www.transport-insurances.com\/ro\/wp-json\/wp\/v2\/pages\/1246\/revisions"}],"predecessor-version":[{"id":2611,"href":"https:\/\/www.transport-insurances.com\/ro\/wp-json\/wp\/v2\/pages\/1246\/revisions\/2611"}],"wp:attachment":[{"href":"https:\/\/www.transport-insurances.com\/ro\/wp-json\/wp\/v2\/media?parent=1246"}],"curies":[{"name":"wp","href":"https:\/\/api.w.org\/{rel}","templated":true}]}}