{"id":1215,"date":"2020-10-16T12:25:23","date_gmt":"2020-10-16T10:25:23","guid":{"rendered":"https:\/\/transport-insurances.com\/?page_id=1215"},"modified":"2023-03-09T15:16:54","modified_gmt":"2023-03-09T14:16:54","slug":"ba-uitbating-ba-na-levering","status":"publish","type":"page","link":"https:\/\/www.transport-insurances.com\/ro\/ba-uitbating-ba-na-levering\/","title":{"rendered":"BA UITBATING &#038; BA NA LEVERING"},"content":{"rendered":"<section class=\"wpb-content-wrapper\"><div data-vc-full-width=\"true\" data-vc-full-width-init=\"false\" data-vc-stretch-content=\"true\" class=\"vc_row wpb_row vc_row-fluid vc_row-no-padding\"><div class=\"wpb_column vc_column_container vc_col-sm-12 sc_layouts_column_icons_position_left\"><div class=\"vc_column-inner\"><div class=\"wpb_wrapper\"><div class=\"vc_empty_space\"   style=\"height: 12em\"><span class=\"vc_empty_space_inner\"><\/span><\/div><\/div><\/div><\/div><\/div><div class=\"vc_row-full-width vc_clearfix\"><\/div><div class=\"vc_row wpb_row vc_row-fluid\"><div class=\"wpb_column vc_column_container vc_col-sm-12 sc_layouts_column_icons_position_left\"><div class=\"vc_column-inner\"><div class=\"wpb_wrapper\"><div class=\"vc_empty_space\"   style=\"height: 3.5em\"><span class=\"vc_empty_space_inner\"><\/span><\/div><div id=\"sc_icons_436177140\" \n\tclass=\"sc_icons sc_icons_default sc_icons_size_large sc_align_left\"><div class=\"sc_icons_item\"><div id=\"sc_icons_436177140_icon-home-alt\" class=\"sc_icons_icon sc_icon_type_fontawesome icon-home-alt\"\n\t\t\t\t\t\t style=\"color: #f4ba08\"\t\t\t\t\t\t><span class=\"sc_icon_type_fontawesome icon-home-alt\" style=\"color: #f4ba08\"><\/span><\/div><\/div><\/div><!-- \/.sc_icons --><div class=\"vc_empty_space\"   style=\"height: 3.5em\"><span class=\"vc_empty_space_inner\"><\/span><\/div><div id=\"sc_title_1896044678\"\n\t\tclass=\"sc_title sc_title_default\"><h2 class=\"sc_item_title sc_title_title sc_align_left sc_item_title_style_default\">EXPLOATAREA BA &amp; BA DUP\u0102 LIVRARE<\/h2><\/div><!-- \/.sc_title --><div class=\"vc_empty_space\"   style=\"height: 3.5em\"><span class=\"vc_empty_space_inner\"><\/span><\/div><\/div><\/div><\/div><\/div><div class=\"vc_row wpb_row vc_row-fluid\"><div class=\"wpb_column vc_column_container vc_col-sm-12 sc_layouts_column_icons_position_left\"><div class=\"vc_column-inner\"><div class=\"wpb_wrapper\">\n\t<div class=\"wpb_text_column wpb_content_element\" >\n\t\t<div class=\"wpb_wrapper\">\n\t\t\t<p>Exploatarea BA este uneori considerat\u0103 o asigurare de familie pentru lumea afacerilor.  Aceast\u0103 poli\u021b\u0103 acoper\u0103 toate daunele provocate ter\u021bilor \u00een interiorul sau \u00een afara companiei. \u00cen plus, num\u0103rul de reclama\u021bii \u0219i sumele solicitate sunt \u00een cre\u0219tere rapid\u0103... o asigurare de r\u0103spundere civil\u0103 este, prin urmare, o necesitate pentru orice companie modern\u0103!<\/p>\n\n\t\t<\/div>\n\t<\/div>\n<div class=\"vc_separator wpb_content_element vc_separator_align_center vc_sep_width_100 vc_sep_pos_align_center vc_separator_no_text vc_sep_color_grey\" ><span class=\"vc_sep_holder vc_sep_holder_l\"><span class=\"vc_sep_line\"><\/span><\/span><span class=\"vc_sep_holder vc_sep_holder_r\"><span class=\"vc_sep_line\"><\/span><\/span>\n<\/div><h3 style=\"color: #f4ba08;text-align: left;font-family:Montserrat;font-weight:700;font-style:normal\" class=\"vc_custom_heading\" >Acoperirea daunelor cauzate ter\u021bilor<\/h3><div class=\"vc_empty_space\"   style=\"height: 1.5em\"><span class=\"vc_empty_space_inner\"><\/span><\/div>\n\t<div class=\"wpb_text_column wpb_content_element\" >\n\t\t<div class=\"wpb_wrapper\">\n\t\t\t<p>Aceast\u0103 asigurare de r\u0103spundere civil\u0103 intervine \u00een cazul \u00een care unul dintre angaja\u021bii dvs. cauzeaz\u0103 daune unor ter\u021be p\u0103r\u021bi.  Sunt acoperite at\u00e2t v\u0103t\u0103m\u0103rile corporale, c\u00e2t \u0219i daunele materiale \u0219i imateriale.<\/p>\n<p>Deoarece nimeni nu \u0219tie dinainte c\u00e2t de mare va fi valoarea pagubelor, cu aceast\u0103 asigurare v\u0103 asigura\u021bi supravie\u021buirea companiei dumneavoastr\u0103.<\/p>\n\n\t\t<\/div>\n\t<\/div>\n<div class=\"vc_separator wpb_content_element vc_separator_align_center vc_sep_width_100 vc_sep_pos_align_center vc_separator_no_text vc_sep_color_grey\" ><span class=\"vc_sep_holder vc_sep_holder_l\"><span class=\"vc_sep_line\"><\/span><\/span><span class=\"vc_sep_holder vc_sep_holder_r\"><span class=\"vc_sep_line\"><\/span><\/span>\n<\/div><h3 style=\"color: #f4ba08;text-align: left;font-family:Montserrat;font-weight:700;font-style:normal\" class=\"vc_custom_heading\" >Ce este acoperit?<\/h3><div class=\"vc_empty_space\"   style=\"height: 1.5em\"><span class=\"vc_empty_space_inner\"><\/span><\/div>\n\t<div class=\"wpb_text_column wpb_content_element\" >\n\t\t<div class=\"wpb_wrapper\">\n\t\t\t<ul>\n<li><span style=\"color: #f4ba08;\">EXPUNERE BA:<\/span><\/li>\n<\/ul>\n<p>Aceasta se refer\u0103 la daunele provocate ter\u021bilor de c\u0103tre persoane sau cl\u0103diri, at\u00e2t \u00een cadrul companiei (de exemplu, furnizori), c\u00e2t \u0219i \u00een afara acesteia (de exemplu, persoane care lucreaz\u0103 pentru ter\u021bi).<\/p>\n<ul>\n<li style=\"list-style-type: none;\">\n<ul>\n<li>V\u0103t\u0103m\u0103ri corporale sau v\u0103t\u0103m\u0103ri corporale<\/li>\n<li>Daune materiale sau materiale<\/li>\n<li>Daune imateriale (indiferent dac\u0103 sunt sau nu ulterioare daunelor de mai sus)<\/li>\n<\/ul>\n<\/li>\n<\/ul>\n<p>&nbsp;<\/p>\n<ul>\n<li><span style=\"color: #f4ba08;\">BA dup\u0103 livrare<\/span><\/li>\n<\/ul>\n<ul>\n<li style=\"list-style-type: none;\">\n<ul>\n<li>R\u0103spunderea pentru produse: produse dup\u0103 livrare<\/li>\n<li>Lucr\u0103ri defectuoase: lucr\u0103ri dup\u0103 execu\u021bie<\/li>\n<\/ul>\n<\/li>\n<\/ul>\n\n\t\t<\/div>\n\t<\/div>\n<div class=\"vc_separator wpb_content_element vc_separator_align_center vc_sep_width_100 vc_sep_pos_align_center vc_separator_no_text vc_sep_color_grey\" ><span class=\"vc_sep_holder vc_sep_holder_l\"><span class=\"vc_sep_line\"><\/span><\/span><span class=\"vc_sep_holder vc_sep_holder_r\"><span class=\"vc_sep_line\"><\/span><\/span>\n<\/div><h3 style=\"color: #f4ba08;text-align: left;font-family:Montserrat;font-weight:700;font-style:normal\" class=\"vc_custom_heading\" >Posibile extinderi<\/h3><div class=\"vc_empty_space\"   style=\"height: 1.5em\"><span class=\"vc_empty_space_inner\"><\/span><\/div>\n\t<div class=\"wpb_text_column wpb_content_element\" >\n\t\t<div class=\"wpb_wrapper\">\n\t\t\t<ul>\n<li>Acoperirea bunurilor \u00eencredin\u021bate asiguratului pentru a lucra la ele<\/li>\n<li>Acoperirea bunurilor \u00eenchiriate<\/li>\n<li>Acoperire pentru uneltele de lucru (\u00eencredin\u021bate sau nu)<\/li>\n<\/ul>\n\n\t\t<\/div>\n\t<\/div>\n<div class=\"vc_empty_space\"   style=\"height: 6em\"><span class=\"vc_empty_space_inner\"><\/span><\/div><\/div><\/div><\/div><\/div><div data-vc-full-width=\"true\" data-vc-full-width-init=\"false\" class=\"vc_row wpb_row vc_row-fluid vc_custom_1675696989485 vc_row-has-fill scheme_dark\"><div class=\"wpb_column vc_column_container vc_col-sm-12 sc_layouts_column_icons_position_left\"><div class=\"vc_column-inner\"><div class=\"wpb_wrapper\"><div class=\"vc_empty_space\"   style=\"height: 3.5em\"><span class=\"vc_empty_space_inner\"><\/span><\/div><div id=\"sc_title_1098772713\"\n\t\tclass=\"scheme_dark sc_title sc_title_default\"><h2 class=\"sc_item_title sc_title_title sc_align_center sc_item_title_style_default\">Calcula\u021bi prima pentru pachet<\/h2><div class=\"sc_item_descr sc_title_descr sc_align_center\">Aici pute\u021bi calcula cu u\u0219urin\u021b\u0103 prima de asigurare.<\/div><\/div><!-- \/.sc_title --><div class=\"vc_empty_space\"   style=\"height: 2em\"><span class=\"vc_empty_space_inner\"><\/span><\/div><div class=\"sc_item_button sc_button_wrap sc_align_center\"><a href=\"https:\/\/www.transport-insurances.com\/ro\/premie\/\" id=\"sc_button_305363971\" class=\"sc_button sc_button_default sc_button_size_large sc_button_icon_right\"><span class=\"sc_button_icon\"><span class=\"icon-right\"><\/span><\/span><span class=\"sc_button_text\"><span class=\"sc_button_title\">Calcula\u021bi aici<\/span><\/span><!-- \/.sc_button_text --><\/a><!-- \/.sc_button --><\/div><!-- \/.sc_item_button --><div class=\"vc_empty_space\"   style=\"height: 2em\"><span class=\"vc_empty_space_inner\"><\/span><\/div><\/div><\/div><\/div><\/div><div class=\"vc_row-full-width vc_clearfix\"><\/div>\n<\/section>","protected":false},"excerpt":{"rendered":"BA UITBATING & BA NA LEVERING BA uitbating wordt wel eens aanzien als de \u2018familiale\u2019 verzekering voor de bedrijfswereld. Deze polis dekt immers alle schade aan derden die binnen of buiten het bedrijf is veroorzaakt. Bovendien schieten het aantal schadevorderingen en de geclaimde bedragen pijlsnel de hoogte in \u2026 een BA uitbating is dus een must voor elk eigentijds bedrijf!&hellip;","protected":false},"author":1,"featured_media":0,"parent":0,"menu_order":0,"comment_status":"closed","ping_status":"closed","template":"","meta":{"footnotes":""},"class_list":["post-1215","page","type-page","status-publish","hentry"],"yoast_head":"<!-- This site is optimized with the Yoast SEO plugin v23.9 - https:\/\/yoast.com\/wordpress\/plugins\/seo\/ -->\n<title>BA UITBATING &amp; BA NA LEVERING - TRANSPORT INSURANCE PACKAGE<\/title>\n<meta name=\"description\" content=\"Ba uitbating - Ba na levering - Dek jezelf in tegen schade aan derden of schade die plaatsvindt tijdens een levering.\" \/>\n<meta name=\"robots\" content=\"index, follow, max-snippet:-1, max-image-preview:large, max-video-preview:-1\" \/>\n<link rel=\"canonical\" href=\"https:\/\/www.transport-insurances.com\/ro\/ba-uitbating-ba-na-levering\/\" \/>\n<meta property=\"og:locale\" content=\"ro_RO\" \/>\n<meta property=\"og:type\" content=\"article\" \/>\n<meta property=\"og:title\" content=\"BA UITBATING &amp; BA NA LEVERING - TRANSPORT INSURANCE PACKAGE\" \/>\n<meta property=\"og:description\" content=\"Ba uitbating - Ba na levering - Dek jezelf in tegen schade aan derden of schade die plaatsvindt tijdens een levering.\" \/>\n<meta property=\"og:url\" content=\"https:\/\/www.transport-insurances.com\/ro\/ba-uitbating-ba-na-levering\/\" \/>\n<meta property=\"og:site_name\" content=\"TRANSPORT INSURANCE PACKAGE\" \/>\n<meta property=\"article:modified_time\" content=\"2023-03-09T14:16:54+00:00\" \/>\n<meta name=\"twitter:card\" content=\"summary_large_image\" \/>\n<meta name=\"twitter:label1\" content=\"Timp estimat pentru citire\" \/>\n\t<meta name=\"twitter:data1\" content=\"2 minute\" \/>\n<script type=\"application\/ld+json\" class=\"yoast-schema-graph\">{\"@context\":\"https:\/\/schema.org\",\"@graph\":[{\"@type\":\"WebPage\",\"@id\":\"https:\/\/www.transport-insurances.com\/ba-uitbating-ba-na-levering\/\",\"url\":\"https:\/\/www.transport-insurances.com\/ba-uitbating-ba-na-levering\/\",\"name\":\"BA UITBATING & BA NA LEVERING - TRANSPORT INSURANCE PACKAGE\",\"isPartOf\":{\"@id\":\"https:\/\/www.transport-insurances.com\/#website\"},\"datePublished\":\"2020-10-16T10:25:23+00:00\",\"dateModified\":\"2023-03-09T14:16:54+00:00\",\"description\":\"Ba uitbating - Ba na levering - Dek jezelf in tegen schade aan derden of schade die plaatsvindt tijdens een levering.\",\"breadcrumb\":{\"@id\":\"https:\/\/www.transport-insurances.com\/ba-uitbating-ba-na-levering\/#breadcrumb\"},\"inLanguage\":\"ro-RO\",\"potentialAction\":[{\"@type\":\"ReadAction\",\"target\":[\"https:\/\/www.transport-insurances.com\/ba-uitbating-ba-na-levering\/\"]}]},{\"@type\":\"BreadcrumbList\",\"@id\":\"https:\/\/www.transport-insurances.com\/ba-uitbating-ba-na-levering\/#breadcrumb\",\"itemListElement\":[{\"@type\":\"ListItem\",\"position\":1,\"name\":\"Home\",\"item\":\"https:\/\/www.transport-insurances.com\/\"},{\"@type\":\"ListItem\",\"position\":2,\"name\":\"BA UITBATING &#038; BA NA LEVERING\"}]},{\"@type\":\"WebSite\",\"@id\":\"https:\/\/www.transport-insurances.com\/#website\",\"url\":\"https:\/\/www.transport-insurances.com\/\",\"name\":\"TRANSPORT INSURANCE PACKAGE\",\"description\":\"Goed verzekerd en veilig de baan op\",\"potentialAction\":[{\"@type\":\"SearchAction\",\"target\":{\"@type\":\"EntryPoint\",\"urlTemplate\":\"https:\/\/www.transport-insurances.com\/?s={search_term_string}\"},\"query-input\":{\"@type\":\"PropertyValueSpecification\",\"valueRequired\":true,\"valueName\":\"search_term_string\"}}],\"inLanguage\":\"ro-RO\"}]}<\/script>\n<!-- \/ Yoast SEO plugin. -->","yoast_head_json":{"title":"BA UITBATING & BA NA LEVERING - TRANSPORT INSURANCE PACKAGE","description":"Ba uitbating - Ba na levering - Dek jezelf in tegen schade aan derden of schade die plaatsvindt tijdens een levering.","robots":{"index":"index","follow":"follow","max-snippet":"max-snippet:-1","max-image-preview":"max-image-preview:large","max-video-preview":"max-video-preview:-1"},"canonical":"https:\/\/www.transport-insurances.com\/ro\/ba-uitbating-ba-na-levering\/","og_locale":"ro_RO","og_type":"article","og_title":"BA UITBATING & BA NA LEVERING - TRANSPORT INSURANCE PACKAGE","og_description":"Ba uitbating - Ba na levering - Dek jezelf in tegen schade aan derden of schade die plaatsvindt tijdens een levering.","og_url":"https:\/\/www.transport-insurances.com\/ro\/ba-uitbating-ba-na-levering\/","og_site_name":"TRANSPORT INSURANCE PACKAGE","article_modified_time":"2023-03-09T14:16:54+00:00","twitter_card":"summary_large_image","twitter_misc":{"Timp estimat pentru citire":"2 minute"},"schema":{"@context":"https:\/\/schema.org","@graph":[{"@type":"WebPage","@id":"https:\/\/www.transport-insurances.com\/ba-uitbating-ba-na-levering\/","url":"https:\/\/www.transport-insurances.com\/ba-uitbating-ba-na-levering\/","name":"BA UITBATING & BA NA LEVERING - TRANSPORT INSURANCE PACKAGE","isPartOf":{"@id":"https:\/\/www.transport-insurances.com\/#website"},"datePublished":"2020-10-16T10:25:23+00:00","dateModified":"2023-03-09T14:16:54+00:00","description":"Ba uitbating - Ba na levering - Dek jezelf in tegen schade aan derden of schade die plaatsvindt tijdens een levering.","breadcrumb":{"@id":"https:\/\/www.transport-insurances.com\/ba-uitbating-ba-na-levering\/#breadcrumb"},"inLanguage":"ro-RO","potentialAction":[{"@type":"ReadAction","target":["https:\/\/www.transport-insurances.com\/ba-uitbating-ba-na-levering\/"]}]},{"@type":"BreadcrumbList","@id":"https:\/\/www.transport-insurances.com\/ba-uitbating-ba-na-levering\/#breadcrumb","itemListElement":[{"@type":"ListItem","position":1,"name":"Home","item":"https:\/\/www.transport-insurances.com\/"},{"@type":"ListItem","position":2,"name":"BA UITBATING &#038; BA NA LEVERING"}]},{"@type":"WebSite","@id":"https:\/\/www.transport-insurances.com\/#website","url":"https:\/\/www.transport-insurances.com\/","name":"TRANSPORT INSURANCE PACKAGE","description":"Goed verzekerd en veilig de baan op","potentialAction":[{"@type":"SearchAction","target":{"@type":"EntryPoint","urlTemplate":"https:\/\/www.transport-insurances.com\/?s={search_term_string}"},"query-input":{"@type":"PropertyValueSpecification","valueRequired":true,"valueName":"search_term_string"}}],"inLanguage":"ro-RO"}]}},"_links":{"self":[{"href":"https:\/\/www.transport-insurances.com\/ro\/wp-json\/wp\/v2\/pages\/1215","targetHints":{"allow":["GET"]}}],"collection":[{"href":"https:\/\/www.transport-insurances.com\/ro\/wp-json\/wp\/v2\/pages"}],"about":[{"href":"https:\/\/www.transport-insurances.com\/ro\/wp-json\/wp\/v2\/types\/page"}],"author":[{"embeddable":true,"href":"https:\/\/www.transport-insurances.com\/ro\/wp-json\/wp\/v2\/users\/1"}],"replies":[{"embeddable":true,"href":"https:\/\/www.transport-insurances.com\/ro\/wp-json\/wp\/v2\/comments?post=1215"}],"version-history":[{"count":1,"href":"https:\/\/www.transport-insurances.com\/ro\/wp-json\/wp\/v2\/pages\/1215\/revisions"}],"predecessor-version":[{"id":2604,"href":"https:\/\/www.transport-insurances.com\/ro\/wp-json\/wp\/v2\/pages\/1215\/revisions\/2604"}],"wp:attachment":[{"href":"https:\/\/www.transport-insurances.com\/ro\/wp-json\/wp\/v2\/media?parent=1215"}],"curies":[{"name":"wp","href":"https:\/\/api.w.org\/{rel}","templated":true}]}}