{"id":1205,"date":"2020-10-16T12:08:16","date_gmt":"2020-10-16T10:08:16","guid":{"rendered":"https:\/\/transport-insurances.com\/?page_id=1205"},"modified":"2023-03-09T15:18:57","modified_gmt":"2023-03-09T14:18:57","slug":"ba-vrachtwagen-trekker","status":"publish","type":"page","link":"https:\/\/www.transport-insurances.com\/ro\/ba-vrachtwagen-trekker\/","title":{"rendered":"BA Vrachtwagen \/ trekker"},"content":{"rendered":"<section class=\"wpb-content-wrapper\"><div data-vc-full-width=\"true\" data-vc-full-width-init=\"false\" data-vc-stretch-content=\"true\" class=\"vc_row wpb_row vc_row-fluid vc_row-no-padding\"><div class=\"wpb_column vc_column_container vc_col-sm-12 sc_layouts_column_icons_position_left\"><div class=\"vc_column-inner\"><div class=\"wpb_wrapper\"><div class=\"vc_empty_space\"   style=\"height: 12em\"><span class=\"vc_empty_space_inner\"><\/span><\/div><\/div><\/div><\/div><\/div><div class=\"vc_row-full-width vc_clearfix\"><\/div><div class=\"vc_row wpb_row vc_row-fluid\"><div class=\"wpb_column vc_column_container vc_col-sm-12 sc_layouts_column_icons_position_left\"><div class=\"vc_column-inner\"><div class=\"wpb_wrapper\"><div class=\"vc_empty_space\"   style=\"height: 3.5em\"><span class=\"vc_empty_space_inner\"><\/span><\/div><div id=\"sc_icons_2010727703\" \n\tclass=\"sc_icons sc_icons_default sc_icons_size_large sc_align_left\"><div class=\"sc_icons_item\"><div id=\"sc_icons_2010727703_icon-cars\" class=\"sc_icons_icon sc_icon_type_fontawesome icon-cars\"\n\t\t\t\t\t\t style=\"color: #f4ba08\"\t\t\t\t\t\t><span class=\"sc_icon_type_fontawesome icon-cars\" style=\"color: #f4ba08\"><\/span><\/div><\/div><\/div><!-- \/.sc_icons --><div class=\"vc_empty_space\"   style=\"height: 3.5em\"><span class=\"vc_empty_space_inner\"><\/span><\/div><div id=\"sc_title_1191023560\"\n\t\tclass=\"sc_title sc_title_default\"><h2 class=\"sc_item_title sc_title_title sc_align_left sc_item_title_style_default\">BA CAMION \/ TRACTOR<\/h2><\/div><!-- \/.sc_title --><div class=\"vc_empty_space\"   style=\"height: 3.5em\"><span class=\"vc_empty_space_inner\"><\/span><\/div><\/div><\/div><\/div><\/div><div class=\"vc_row wpb_row vc_row-fluid\"><div class=\"wpb_column vc_column_container vc_col-sm-12 sc_layouts_column_icons_position_left\"><div class=\"vc_column-inner\"><div class=\"wpb_wrapper\">\n\t<div class=\"wpb_text_column wpb_content_element\" >\n\t\t<div class=\"wpb_wrapper\">\n\t\t\t<p>Asigurarea de r\u0103spundere civil\u0103 pentru camioane \u0219i tractoare este obligatorie \u00een temeiul Legii din 21.11.1989.  Acesta intervine pentru toate daunele fizice \u0219i materiale cauzate ter\u021bilor pentru care vehiculul dumneavoastr\u0103 este considerat responsabil.<\/p>\n\n\t\t<\/div>\n\t<\/div>\n<div class=\"vc_separator wpb_content_element vc_separator_align_center vc_sep_width_100 vc_sep_pos_align_center vc_separator_no_text vc_sep_color_grey\" ><span class=\"vc_sep_holder vc_sep_holder_l\"><span class=\"vc_sep_line\"><\/span><\/span><span class=\"vc_sep_holder vc_sep_holder_r\"><span class=\"vc_sep_line\"><\/span><\/span>\n<\/div><h3 style=\"color: #f4ba08;text-align: left;font-family:Montserrat;font-weight:700;font-style:normal\" class=\"vc_custom_heading\" >Acoperirea daunelor cauzate ter\u021bilor<\/h3><div class=\"vc_empty_space\"   style=\"height: 1.5em\"><span class=\"vc_empty_space_inner\"><\/span><\/div>\n\t<div class=\"wpb_text_column wpb_content_element\" >\n\t\t<div class=\"wpb_wrapper\">\n\t\t\t<p>Asigurarea persoanei care a cauzat daunele este acoperit\u0103 pentru orice fel de daune cauzate ter\u021bilor, de la daune materiale p\u00e2n\u0103 la v\u0103t\u0103m\u0103ri corporale permanente.  De asemenea, sunt acoperite daunele aduse hainelor \u0219i \u00eenc\u0103rc\u0103turii p\u00e2n\u0103 la o anumit\u0103 sum\u0103.<\/p>\n\n\t\t<\/div>\n\t<\/div>\n<div class=\"vc_separator wpb_content_element vc_separator_align_center vc_sep_width_100 vc_sep_pos_align_center vc_separator_no_text vc_sep_color_grey\" ><span class=\"vc_sep_holder vc_sep_holder_l\"><span class=\"vc_sep_line\"><\/span><\/span><span class=\"vc_sep_holder vc_sep_holder_r\"><span class=\"vc_sep_line\"><\/span><\/span>\n<\/div><h3 style=\"color: #f4ba08;text-align: left;font-family:Montserrat;font-weight:700;font-style:normal\" class=\"vc_custom_heading\" >Ce este acoperit?<\/h3><div class=\"vc_empty_space\"   style=\"height: 1.5em\"><span class=\"vc_empty_space_inner\"><\/span><\/div>\n\t<div class=\"wpb_text_column wpb_content_element\" >\n\t\t<div class=\"wpb_wrapper\">\n\t\t\t<ul>\n<li>Pagube fizice \u0219i materiale aduse ter\u021bilor<\/li>\n<li>Posibil\u0103 prelungire cu o clauz\u0103 de sororitate.  \u00cen caz de daune reciproce \u00eentre vehicule din acela\u0219i parc, acestea sunt considerate ca fiind ter\u021be p\u0103r\u021bi.<\/li>\n<\/ul>\n\n\t\t<\/div>\n\t<\/div>\n<div class=\"vc_empty_space\"   style=\"height: 6em\"><span class=\"vc_empty_space_inner\"><\/span><\/div><\/div><\/div><\/div><\/div><div data-vc-full-width=\"true\" data-vc-full-width-init=\"false\" class=\"vc_row wpb_row vc_row-fluid vc_custom_1675696747780 vc_row-has-fill scheme_dark\"><div class=\"wpb_column vc_column_container vc_col-sm-12 sc_layouts_column_icons_position_left\"><div class=\"vc_column-inner\"><div class=\"wpb_wrapper\"><div class=\"vc_empty_space\"   style=\"height: 3.5em\"><span class=\"vc_empty_space_inner\"><\/span><\/div><div id=\"sc_title_1703224797\"\n\t\tclass=\"scheme_dark sc_title sc_title_default\"><h2 class=\"sc_item_title sc_title_title sc_align_center sc_item_title_style_default\">Calcula\u021bi prima pentru pachet<\/h2><div class=\"sc_item_descr sc_title_descr sc_align_center\">Aici pute\u021bi calcula cu u\u0219urin\u021b\u0103 prima de asigurare.<\/div><\/div><!-- \/.sc_title --><div class=\"vc_empty_space\"   style=\"height: 2em\"><span class=\"vc_empty_space_inner\"><\/span><\/div><div class=\"sc_item_button sc_button_wrap sc_align_center\"><a href=\"https:\/\/www.transport-insurances.com\/ro\/premie\/\" id=\"sc_button_786152563\" class=\"sc_button sc_button_default sc_button_size_large sc_button_icon_right\"><span class=\"sc_button_icon\"><span class=\"icon-right\"><\/span><\/span><span class=\"sc_button_text\"><span class=\"sc_button_title\">Calcula\u021bi aici<\/span><\/span><!-- \/.sc_button_text --><\/a><!-- \/.sc_button --><\/div><!-- \/.sc_item_button --><div class=\"vc_empty_space\"   style=\"height: 2em\"><span class=\"vc_empty_space_inner\"><\/span><\/div><\/div><\/div><\/div><\/div><div class=\"vc_row-full-width vc_clearfix\"><\/div>\n<\/section>","protected":false},"excerpt":{"rendered":"BA VRACHTWAGEN \/ TREKKER De verzekering Burgerlijke Aansprakelijkheid voor vrachtwagens en trekkers is verplicht bij Wet van 21\/11\/1989. Ze komt tussen bij alle lichamelijke en stoffelijke schade aan derden waarbij uw voertuig verantwoordelijk gesteld wordt. Schade aan derden dekken De verzekering van de veroorzaker wordt aangesproken bij elke soort schade aan derden, van materi\u00eble schade tot blijvende lichamelijke letsels. Ook&hellip;","protected":false},"author":1,"featured_media":0,"parent":0,"menu_order":0,"comment_status":"closed","ping_status":"closed","template":"","meta":{"footnotes":""},"class_list":["post-1205","page","type-page","status-publish","hentry"],"yoast_head":"<!-- This site is optimized with the Yoast SEO plugin v23.9 - https:\/\/yoast.com\/wordpress\/plugins\/seo\/ -->\n<title>BA Vrachtwagen \/ trekker - TRANSPORT INSURANCE PACKAGE<\/title>\n<meta name=\"description\" content=\"Ba vrachtwagen - Ba trekker - Deze verzekeringen zijn verplicht en dekken stoffelijke of lichamelijke schade tijdens het transport met een vrachtwagen of trekker.\" \/>\n<meta name=\"robots\" content=\"index, follow, max-snippet:-1, max-image-preview:large, max-video-preview:-1\" \/>\n<link rel=\"canonical\" href=\"https:\/\/www.transport-insurances.com\/ro\/ba-vrachtwagen-trekker\/\" \/>\n<meta property=\"og:locale\" content=\"ro_RO\" \/>\n<meta property=\"og:type\" content=\"article\" \/>\n<meta property=\"og:title\" content=\"BA Vrachtwagen \/ trekker - TRANSPORT INSURANCE PACKAGE\" \/>\n<meta property=\"og:description\" content=\"Ba vrachtwagen - Ba trekker - Deze verzekeringen zijn verplicht en dekken stoffelijke of lichamelijke schade tijdens het transport met een vrachtwagen of trekker.\" \/>\n<meta property=\"og:url\" content=\"https:\/\/www.transport-insurances.com\/ro\/ba-vrachtwagen-trekker\/\" \/>\n<meta property=\"og:site_name\" content=\"TRANSPORT INSURANCE PACKAGE\" \/>\n<meta property=\"article:modified_time\" content=\"2023-03-09T14:18:57+00:00\" \/>\n<meta name=\"twitter:card\" content=\"summary_large_image\" \/>\n<meta name=\"twitter:label1\" content=\"Timp estimat pentru citire\" \/>\n\t<meta name=\"twitter:data1\" content=\"1 minut\" \/>\n<script type=\"application\/ld+json\" class=\"yoast-schema-graph\">{\"@context\":\"https:\/\/schema.org\",\"@graph\":[{\"@type\":\"WebPage\",\"@id\":\"https:\/\/www.transport-insurances.com\/de\/ba-vrachtwagen-trekker\/\",\"url\":\"https:\/\/www.transport-insurances.com\/de\/ba-vrachtwagen-trekker\/\",\"name\":\"BA Vrachtwagen \/ trekker - TRANSPORT INSURANCE PACKAGE\",\"isPartOf\":{\"@id\":\"https:\/\/www.transport-insurances.com\/#website\"},\"datePublished\":\"2020-10-16T10:08:16+00:00\",\"dateModified\":\"2023-03-09T14:18:57+00:00\",\"description\":\"Ba vrachtwagen - Ba trekker - Deze verzekeringen zijn verplicht en dekken stoffelijke of lichamelijke schade tijdens het transport met een vrachtwagen of trekker.\",\"breadcrumb\":{\"@id\":\"https:\/\/www.transport-insurances.com\/de\/ba-vrachtwagen-trekker\/#breadcrumb\"},\"inLanguage\":\"ro-RO\",\"potentialAction\":[{\"@type\":\"ReadAction\",\"target\":[\"https:\/\/www.transport-insurances.com\/de\/ba-vrachtwagen-trekker\/\"]}]},{\"@type\":\"BreadcrumbList\",\"@id\":\"https:\/\/www.transport-insurances.com\/de\/ba-vrachtwagen-trekker\/#breadcrumb\",\"itemListElement\":[{\"@type\":\"ListItem\",\"position\":1,\"name\":\"Home\",\"item\":\"https:\/\/www.transport-insurances.com\/\"},{\"@type\":\"ListItem\",\"position\":2,\"name\":\"BA Vrachtwagen \/ trekker\"}]},{\"@type\":\"WebSite\",\"@id\":\"https:\/\/www.transport-insurances.com\/#website\",\"url\":\"https:\/\/www.transport-insurances.com\/\",\"name\":\"TRANSPORT INSURANCE PACKAGE\",\"description\":\"Goed verzekerd en veilig de baan op\",\"potentialAction\":[{\"@type\":\"SearchAction\",\"target\":{\"@type\":\"EntryPoint\",\"urlTemplate\":\"https:\/\/www.transport-insurances.com\/?s={search_term_string}\"},\"query-input\":{\"@type\":\"PropertyValueSpecification\",\"valueRequired\":true,\"valueName\":\"search_term_string\"}}],\"inLanguage\":\"ro-RO\"}]}<\/script>\n<!-- \/ Yoast SEO plugin. -->","yoast_head_json":{"title":"BA Vrachtwagen \/ trekker - TRANSPORT INSURANCE PACKAGE","description":"Ba vrachtwagen - Ba trekker - Deze verzekeringen zijn verplicht en dekken stoffelijke of lichamelijke schade tijdens het transport met een vrachtwagen of trekker.","robots":{"index":"index","follow":"follow","max-snippet":"max-snippet:-1","max-image-preview":"max-image-preview:large","max-video-preview":"max-video-preview:-1"},"canonical":"https:\/\/www.transport-insurances.com\/ro\/ba-vrachtwagen-trekker\/","og_locale":"ro_RO","og_type":"article","og_title":"BA Vrachtwagen \/ trekker - TRANSPORT INSURANCE PACKAGE","og_description":"Ba vrachtwagen - Ba trekker - Deze verzekeringen zijn verplicht en dekken stoffelijke of lichamelijke schade tijdens het transport met een vrachtwagen of trekker.","og_url":"https:\/\/www.transport-insurances.com\/ro\/ba-vrachtwagen-trekker\/","og_site_name":"TRANSPORT INSURANCE PACKAGE","article_modified_time":"2023-03-09T14:18:57+00:00","twitter_card":"summary_large_image","twitter_misc":{"Timp estimat pentru citire":"1 minut"},"schema":{"@context":"https:\/\/schema.org","@graph":[{"@type":"WebPage","@id":"https:\/\/www.transport-insurances.com\/de\/ba-vrachtwagen-trekker\/","url":"https:\/\/www.transport-insurances.com\/de\/ba-vrachtwagen-trekker\/","name":"BA Vrachtwagen \/ trekker - TRANSPORT INSURANCE PACKAGE","isPartOf":{"@id":"https:\/\/www.transport-insurances.com\/#website"},"datePublished":"2020-10-16T10:08:16+00:00","dateModified":"2023-03-09T14:18:57+00:00","description":"Ba vrachtwagen - Ba trekker - Deze verzekeringen zijn verplicht en dekken stoffelijke of lichamelijke schade tijdens het transport met een vrachtwagen of trekker.","breadcrumb":{"@id":"https:\/\/www.transport-insurances.com\/de\/ba-vrachtwagen-trekker\/#breadcrumb"},"inLanguage":"ro-RO","potentialAction":[{"@type":"ReadAction","target":["https:\/\/www.transport-insurances.com\/de\/ba-vrachtwagen-trekker\/"]}]},{"@type":"BreadcrumbList","@id":"https:\/\/www.transport-insurances.com\/de\/ba-vrachtwagen-trekker\/#breadcrumb","itemListElement":[{"@type":"ListItem","position":1,"name":"Home","item":"https:\/\/www.transport-insurances.com\/"},{"@type":"ListItem","position":2,"name":"BA Vrachtwagen \/ trekker"}]},{"@type":"WebSite","@id":"https:\/\/www.transport-insurances.com\/#website","url":"https:\/\/www.transport-insurances.com\/","name":"TRANSPORT INSURANCE PACKAGE","description":"Goed verzekerd en veilig de baan op","potentialAction":[{"@type":"SearchAction","target":{"@type":"EntryPoint","urlTemplate":"https:\/\/www.transport-insurances.com\/?s={search_term_string}"},"query-input":{"@type":"PropertyValueSpecification","valueRequired":true,"valueName":"search_term_string"}}],"inLanguage":"ro-RO"}]}},"_links":{"self":[{"href":"https:\/\/www.transport-insurances.com\/ro\/wp-json\/wp\/v2\/pages\/1205","targetHints":{"allow":["GET"]}}],"collection":[{"href":"https:\/\/www.transport-insurances.com\/ro\/wp-json\/wp\/v2\/pages"}],"about":[{"href":"https:\/\/www.transport-insurances.com\/ro\/wp-json\/wp\/v2\/types\/page"}],"author":[{"embeddable":true,"href":"https:\/\/www.transport-insurances.com\/ro\/wp-json\/wp\/v2\/users\/1"}],"replies":[{"embeddable":true,"href":"https:\/\/www.transport-insurances.com\/ro\/wp-json\/wp\/v2\/comments?post=1205"}],"version-history":[{"count":1,"href":"https:\/\/www.transport-insurances.com\/ro\/wp-json\/wp\/v2\/pages\/1205\/revisions"}],"predecessor-version":[{"id":2605,"href":"https:\/\/www.transport-insurances.com\/ro\/wp-json\/wp\/v2\/pages\/1205\/revisions\/2605"}],"wp:attachment":[{"href":"https:\/\/www.transport-insurances.com\/ro\/wp-json\/wp\/v2\/media?parent=1205"}],"curies":[{"name":"wp","href":"https:\/\/api.w.org\/{rel}","templated":true}]}}