{"id":1203,"date":"2020-10-16T12:02:09","date_gmt":"2020-10-16T10:02:09","guid":{"rendered":"https:\/\/transport-insurances.com\/?page_id=1203"},"modified":"2023-03-13T10:02:29","modified_gmt":"2023-03-13T09:02:29","slug":"verzekeringen","status":"publish","type":"page","link":"https:\/\/www.transport-insurances.com\/ro\/verzekeringen\/","title":{"rendered":"ASIGUR\u0102RI"},"content":{"rendered":"<section class=\"wpb-content-wrapper\"><div data-vc-full-width=\"true\" data-vc-full-width-init=\"false\" class=\"vc_row wpb_row vc_row-fluid\"><div class=\"wpb_column vc_column_container vc_col-sm-12 sc_layouts_column_icons_position_left\"><div class=\"vc_column-inner\"><div class=\"wpb_wrapper\"><div class=\"vc_empty_space\"   style=\"height: 20em\"><span class=\"vc_empty_space_inner\"><\/span><\/div><\/div><\/div><\/div><\/div><div class=\"vc_row-full-width vc_clearfix\"><\/div><div data-vc-full-width=\"true\" data-vc-full-width-init=\"false\" data-vc-stretch-content=\"true\" class=\"vc_row wpb_row vc_row-fluid vc_row-o-equal-height vc_row-flex\"><div class=\"wpb_column vc_column_container vc_col-sm-3 vc_col-has-fill sc_layouts_column_icons_position_left\"><div class=\"vc_column-inner vc_custom_1590477224183\"><div class=\"wpb_wrapper\"><div class=\"vc_empty_space\"   style=\"height: 7.45em\"><span class=\"vc_empty_space_inner\"><\/span><\/div><div id=\"sc_icons_1962069659\" \n\tclass=\"sc_icons sc_icons_default sc_icons_size_small sc_align_center  vc_custom_1590476250416\"><div class=\"sc_icons_item\"><div id=\"sc_icons_1962069659_icon-cars\" class=\"sc_icons_icon sc_icon_type_fontawesome icon-cars\"\n\t\t\t\t\t\t\t\t\t\t\t\t><span class=\"sc_icon_type_fontawesome icon-cars\"><\/span><\/div><\/div><\/div><!-- \/.sc_icons -->\n\t<div class=\"wpb_text_column wpb_content_element  vc_custom_1591867255954\" >\n\t\t<div class=\"wpb_wrapper\">\n\t\t\t<h4 style=\"text-align: center;\">1. BA CAMION \/ TRACTOR<\/h4>\n\n\t\t<\/div>\n\t<\/div>\n<div class=\"vc_empty_space\"   style=\"height: 1em\"><span class=\"vc_empty_space_inner\"><\/span><\/div>\n\t<div class=\"wpb_text_column wpb_content_element  vc_custom_1603195603211\" >\n\t\t<div class=\"wpb_wrapper\">\n\t\t\t<p style=\"text-align: center;\">Asigurarea de r\u0103spundere civil\u0103 pentru camioane \u0219i tractoare este obligatorie \u00een temeiul Legii din 21.11.1989.  Acesta intervine pentru toate daunele fizice \u0219i materiale cauzate ter\u021bilor pentru care vehiculul dumneavoastr\u0103 este considerat responsabil.<\/p>\n<p style=\"text-align: center;\"><a href=\"https:\/\/www.transport-insurances.com\/ro\/ba-vrachtwagen-trekker\/\">&gt; Cite\u0219te mai mult ...<\/a><\/p>\n\n\t\t<\/div>\n\t<\/div>\n<div class=\"vc_empty_space\"   style=\"height: 7.6em\"><span class=\"vc_empty_space_inner\"><\/span><\/div><\/div><\/div><\/div><div class=\"wpb_column vc_column_container vc_col-sm-3 vc_col-has-fill sc_layouts_column_icons_position_left\"><div class=\"vc_column-inner vc_custom_1603448077028\"><div class=\"wpb_wrapper\"><div class=\"vc_empty_space\"   style=\"height: 7.45em\"><span class=\"vc_empty_space_inner\"><\/span><\/div><div id=\"sc_icons_146009090\" \n\tclass=\"sc_icons sc_icons_default sc_icons_size_small sc_align_center  vc_custom_1590476858882\"><div class=\"sc_icons_item\"><div id=\"sc_icons_146009090_icon-paper-plane\" class=\"sc_icons_icon sc_icon_type_fontawesome icon-paper-plane\"\n\t\t\t\t\t\t\t\t\t\t\t\t><span class=\"sc_icon_type_fontawesome icon-paper-plane\"><\/span><\/div><\/div><\/div><!-- \/.sc_icons -->\n\t<div class=\"wpb_text_column wpb_content_element  vc_custom_1591867339663\" >\n\t\t<div class=\"wpb_wrapper\">\n\t\t\t<h4 style=\"text-align: center;\">2. ASIGURAREA PERSONALULUI<\/h4>\n\n\t\t<\/div>\n\t<\/div>\n<div class=\"vc_empty_space\"   style=\"height: 1em\"><span class=\"vc_empty_space_inner\"><\/span><\/div>\n\t<div class=\"wpb_text_column wpb_content_element  vc_custom_1603195703338\" >\n\t\t<div class=\"wpb_wrapper\">\n\t\t\t<p style=\"text-align: center;\">Din momentul \u00een care angaja\u021bi un membru al personalului, asigurarea de accidente de munc\u0103 este obligatorie \u00een Belgia.  Asigurarea intervine \u00een diferite domenii atunci c\u00e2nd are loc un accident.<\/p>\n<p style=\"text-align: center;\"><a href=\"https:\/\/www.transport-insurances.com\/ro\/personeels-verzekeringen\/\">&gt; Cite\u0219te mai mult ...<\/a><\/p>\n\n\t\t<\/div>\n\t<\/div>\n<div class=\"vc_empty_space\"   style=\"height: 7.6em\"><span class=\"vc_empty_space_inner\"><\/span><\/div><\/div><\/div><\/div><div class=\"wpb_column vc_column_container vc_col-sm-3 vc_col-has-fill sc_layouts_column_icons_position_left scheme_dark\"><div class=\"vc_column-inner vc_custom_1589551735926\"><div class=\"wpb_wrapper\"><div class=\"vc_empty_space\"   style=\"height: 7.45em\"><span class=\"vc_empty_space_inner\"><\/span><\/div><div id=\"sc_icons_2046803667\" \n\tclass=\"sc_icons sc_icons_default sc_icons_size_small sc_align_center  vc_custom_1590475615296\"><div class=\"sc_icons_item\"><div id=\"sc_icons_2046803667_icon-3\" class=\"sc_icons_icon sc_icon_type_fontawesome icon-3\"\n\t\t\t\t\t\t\t\t\t\t\t\t><span class=\"sc_icon_type_fontawesome icon-3\"><\/span><\/div><\/div><\/div><!-- \/.sc_icons -->\n\t<div class=\"wpb_text_column wpb_content_element  vc_custom_1591867389911\" >\n\t\t<div class=\"wpb_wrapper\">\n\t\t\t<h4 style=\"text-align: center;\">3. ASISTEN\u021a\u0102 JURIDIC\u0102 CAMION \/ TRACTOR<\/h4>\n\n\t\t<\/div>\n\t<\/div>\n<div class=\"vc_empty_space\"   style=\"height: 1em\"><span class=\"vc_empty_space_inner\"><\/span><\/div>\n\t<div class=\"wpb_text_column wpb_content_element  vc_custom_1678286840585\" >\n\t\t<div class=\"wpb_wrapper\">\n\t\t\t<p style=\"text-align: center;\"><span style=\"color: #ffffff;\">Asisten\u021b\u0103 juridic\u0103 \u00een litigii cu clien\u021bii sau furnizorii, p\u00e2n\u0103 la o sum\u0103 asigurat\u0103 de 100 000 EUR per cerere de desp\u0103gubire pentru diferite acoperiri, cum ar fi ap\u0103rare penal\u0103, desp\u0103gubiri civile, ap\u0103rare civil\u0103, ...<\/span><\/p>\n<p style=\"text-align: center;\"><span style=\"color: #ffffff;\"><a style=\"color: #ffffff;\" href=\"https:\/\/www.transport-insurances.com\/ro\/rechtbijstand-vrachtwagen-trekker\/\">&gt; Cite\u0219te mai mult ...<\/a><\/span><\/p>\n\n\t\t<\/div>\n\t<\/div>\n<div class=\"vc_empty_space\"   style=\"height: 7.6em\"><span class=\"vc_empty_space_inner\"><\/span><\/div><\/div><\/div><\/div><div class=\"wpb_column vc_column_container vc_col-sm-3 vc_col-has-fill sc_layouts_column_icons_position_left scheme_dark\"><div class=\"vc_column-inner vc_custom_1591867028271\"><div class=\"wpb_wrapper\"><div class=\"vc_empty_space\"   style=\"height: 7.45em\"><span class=\"vc_empty_space_inner\"><\/span><\/div><div id=\"sc_icons_724943653\" \n\tclass=\"sc_icons sc_icons_default sc_icons_size_small sc_align_center  vc_custom_1591872236975\"><div class=\"sc_icons_item\"><div id=\"sc_icons_724943653_fa fa-sticky-note-o\" class=\"sc_icons_icon sc_icon_type_fontawesome fa fa-sticky-note-o\"\n\t\t\t\t\t\t style=\"color: #ffffff\"\t\t\t\t\t\t><span class=\"sc_icon_type_fontawesome fa fa-sticky-note-o\" style=\"color: #ffffff\"><\/span><\/div><\/div><\/div><!-- \/.sc_icons -->\n\t<div class=\"wpb_text_column wpb_content_element  vc_custom_1591867451700\" >\n\t\t<div class=\"wpb_wrapper\">\n\t\t\t<h4 style=\"text-align: center;\">4. CMR: R\u0102SPUNDEREA CONTRACTUAL\u0102 A TRANSPORTATORULUI<\/h4>\n\n\t\t<\/div>\n\t<\/div>\n<div class=\"vc_empty_space\"   style=\"height: 1em\"><span class=\"vc_empty_space_inner\"><\/span><\/div>\n\t<div class=\"wpb_text_column wpb_content_element  vc_custom_1603195650828\" >\n\t\t<div class=\"wpb_wrapper\">\n\t\t\t<p style=\"text-align: center;\"><span style=\"color: #ffffff;\">\u00cen calitate de companie de transport, transporta\u021bi m\u0103rfuri \u00een \u021bar\u0103 \u0219i\/sau \u00een str\u0103in\u0103tate?  \u00cen acest caz, asigurarea CMR este obligatorie \u00een orice caz.  Aceast\u0103 poli\u021b\u0103 intervine \u00een caz de deteriorare, pierdere, furt, ... \u00een perioada \u00een care sunte\u021bi responsabil pentru bunuri.<\/span><\/p>\n<p style=\"text-align: center;\"><span style=\"color: #ffffff;\"><a style=\"color: #ffffff;\" href=\"https:\/\/www.transport-insurances.com\/ro\/cmr-contractuele-aansprakelijkheid-van-de-vervoerder\/\">&gt; Cite\u0219te mai mult ...<\/a><\/span><\/p>\n\n\t\t<\/div>\n\t<\/div>\n<div class=\"vc_empty_space\"   style=\"height: 7.6em\"><span class=\"vc_empty_space_inner\"><\/span><\/div><\/div><\/div><\/div><\/div><div class=\"vc_row-full-width vc_clearfix\"><\/div><div data-vc-full-width=\"true\" data-vc-full-width-init=\"false\" data-vc-stretch-content=\"true\" class=\"vc_row wpb_row vc_row-fluid vc_custom_1591868631667 vc_row-has-fill vc_row-o-equal-height vc_row-flex\"><div class=\"wpb_column vc_column_container vc_col-sm-3 vc_col-has-fill sc_layouts_column_icons_position_left scheme_dark\"><div class=\"vc_column-inner vc_custom_1678286723632\"><div class=\"wpb_wrapper\"><div class=\"vc_empty_space\"   style=\"height: 7.45em\"><span class=\"vc_empty_space_inner\"><\/span><\/div><div id=\"sc_icons_2097717583\" \n\tclass=\"sc_icons sc_icons_default sc_icons_size_small sc_align_center  vc_custom_1590475762997\"><div class=\"sc_icons_item\"><div id=\"sc_icons_2097717583_icon-box\" class=\"sc_icons_icon sc_icon_type_fontawesome icon-box\"\n\t\t\t\t\t\t style=\"color: #ffffff\"\t\t\t\t\t\t><span class=\"sc_icon_type_fontawesome icon-box\" style=\"color: #ffffff\"><\/span><\/div><\/div><\/div><!-- \/.sc_icons -->\n\t<div class=\"wpb_text_column wpb_content_element  vc_custom_1591867796363\" >\n\t\t<div class=\"wpb_wrapper\">\n\t\t\t<h4 style=\"text-align: center;\">5. CTA : R\u0102SPUNDERE PENTRU CONTAINERE \u0218I REMORCI<\/h4>\n\n\t\t<\/div>\n\t<\/div>\n<div class=\"vc_empty_space\"   style=\"height: 1em\"><span class=\"vc_empty_space_inner\"><\/span><\/div>\n\t<div class=\"wpb_text_column wpb_content_element  vc_custom_1655969101248\" >\n\t\t<div class=\"wpb_wrapper\">\n\t\t\t<p style=\"text-align: center;\"><span style=\"color: #ffffff;\">O asigurare de r\u0103spundere civil\u0103 pentru containere \u0219i remorci, pe scurt CTA, este interesant\u0103 atunci c\u00e2nd \u00eenchiria\u021bi sau \u00eemprumuta\u021bi \u00een mod regulat containere, remorci, ... s\u0103 \u00eenchirieze sau s\u0103 \u00eemprumute.   Aceast\u0103 asigurare va interveni \u00een cazul deterior\u0103rii sau pierderii acestor echipamente \u00eenchiriate.<\/span><\/p>\n<p style=\"text-align: center;\"><span style=\"color: #ffffff;\"><a style=\"color: #ffffff;\" href=\"https:\/\/www.transport-insurances.com\/ro\/cta-container-traileraansprakelijkheid\/\">&gt; Cite\u0219te mai mult ...<\/a><\/span><\/p>\n\n\t\t<\/div>\n\t<\/div>\n<div class=\"vc_empty_space\"   style=\"height: 7.6em\"><span class=\"vc_empty_space_inner\"><\/span><\/div><\/div><\/div><\/div><div class=\"wpb_column vc_column_container vc_col-sm-3 vc_col-has-fill sc_layouts_column_icons_position_left scheme_dark\"><div class=\"vc_column-inner vc_custom_1678286738020\"><div class=\"wpb_wrapper\"><div class=\"vc_empty_space\"   style=\"height: 7.45em\"><span class=\"vc_empty_space_inner\"><\/span><\/div><div id=\"sc_icons_31925339\" \n\tclass=\"sc_icons sc_icons_default sc_icons_size_small sc_align_center  vc_custom_1590475800288\"><div class=\"sc_icons_item\"><div id=\"sc_icons_31925339_icon-home-alt\" class=\"sc_icons_icon sc_icon_type_fontawesome icon-home-alt\"\n\t\t\t\t\t\t\t\t\t\t\t\t><span class=\"sc_icon_type_fontawesome icon-home-alt\"><\/span><\/div><\/div><\/div><!-- \/.sc_icons -->\n\t<div class=\"wpb_text_column wpb_content_element  vc_custom_1591867845410\" >\n\t\t<div class=\"wpb_wrapper\">\n\t\t\t<h4 style=\"text-align: center;\">6. EXPLOATAREA BA &amp; BA DUP\u0102 LIVRARE<\/h4>\n\n\t\t<\/div>\n\t<\/div>\n<div class=\"vc_empty_space\"   style=\"height: 1em\"><span class=\"vc_empty_space_inner\"><\/span><\/div>\n\t<div class=\"wpb_text_column wpb_content_element  vc_custom_1678286772417\" >\n\t\t<div class=\"wpb_wrapper\">\n\t\t\t<p style=\"text-align: center;\"><span style=\"color: #ffffff;\">Exploatarea BA este uneori considerat\u0103 o asigurare de familie pentru lumea afacerilor.  Aceast\u0103 poli\u021b\u0103 acoper\u0103 toate daunele provocate ter\u021bilor \u00een interiorul sau \u00een afara companiei. \u00cen plus, num\u0103rul de reclama\u021bii \u0219i sumele solicitate sunt \u00een cre\u0219tere rapid\u0103... o asigurare de r\u0103spundere civil\u0103 este, prin urmare, o necesitate pentru orice companie modern\u0103!<\/span><\/p>\n<p style=\"text-align: center;\"><span style=\"color: #ffffff;\"><a style=\"color: #ffffff;\" href=\"https:\/\/www.transport-insurances.com\/ro\/ba-uitbating-ba-na-levering\/\">&gt; Cite\u0219te mai mult ...<\/a><\/span><\/p>\n\n\t\t<\/div>\n\t<\/div>\n<div class=\"vc_empty_space\"   style=\"height: 7.6em\"><span class=\"vc_empty_space_inner\"><\/span><\/div><\/div><\/div><\/div><div class=\"wpb_column vc_column_container vc_col-sm-3 vc_col-has-fill sc_layouts_column_icons_position_left\"><div class=\"vc_column-inner vc_custom_1603448087293\"><div class=\"wpb_wrapper\"><div class=\"vc_empty_space\"   style=\"height: 7.45em\"><span class=\"vc_empty_space_inner\"><\/span><\/div><div id=\"sc_icons_645472399\" \n\tclass=\"sc_icons sc_icons_default sc_icons_size_small sc_align_center  vc_custom_1590476041231\"><div class=\"sc_icons_item\"><div id=\"sc_icons_645472399_icon-2\" class=\"sc_icons_icon sc_icon_type_fontawesome icon-2\"\n\t\t\t\t\t\t\t\t\t\t\t\t><span class=\"sc_icon_type_fontawesome icon-2\"><\/span><\/div><\/div><\/div><!-- \/.sc_icons -->\n\t<div class=\"wpb_text_column wpb_content_element  vc_custom_1591867890342\" >\n\t\t<div class=\"wpb_wrapper\">\n\t\t\t<h4 style=\"text-align: center;\">CAMION\/TRACTOR CUPRINZ\u0102TOR<\/h4>\n\n\t\t<\/div>\n\t<\/div>\n<div class=\"vc_empty_space\"   style=\"height: 1em\"><span class=\"vc_empty_space_inner\"><\/span><\/div>\n\t<div class=\"wpb_text_column wpb_content_element  vc_custom_1603195617057\" >\n\t\t<div class=\"wpb_wrapper\">\n\t\t\t<p style=\"text-align: center;\">Asigurarea complet\u0103 este extrem de util\u0103 pentru vehiculele comerciale.  Exist\u0103 o serie de acoperiri specifice, cum ar fi daunele cauzate de marf\u0103.  \u00cen plus, asigurarea complet\u0103 face ceea ce trebuie s\u0103 fac\u0103: acoper\u0103 propriile pierderi.<\/p>\n<p style=\"text-align: center;\"><a href=\"https:\/\/www.transport-insurances.com\/ro\/omnium-vrachtwagen-trekker\/\">&gt; Cite\u0219te mai mult ...<\/a><\/p>\n\n\t\t<\/div>\n\t<\/div>\n<div class=\"vc_empty_space\"   style=\"height: 7.6em\"><span class=\"vc_empty_space_inner\"><\/span><\/div><\/div><\/div><\/div><div class=\"wpb_column vc_column_container vc_col-sm-3 vc_col-has-fill sc_layouts_column_icons_position_left\"><div class=\"vc_column-inner vc_custom_1590477232048\"><div class=\"wpb_wrapper\"><div class=\"vc_empty_space\"   style=\"height: 7.45em\"><span class=\"vc_empty_space_inner\"><\/span><\/div><div id=\"sc_icons_218635052\" \n\tclass=\"sc_icons sc_icons_default sc_icons_size_small sc_align_center  vc_custom_1590476157294\"><div class=\"sc_icons_item\"><div id=\"sc_icons_218635052_icon-1\" class=\"sc_icons_icon sc_icon_type_fontawesome icon-1\"\n\t\t\t\t\t\t\t\t\t\t\t\t><span class=\"sc_icon_type_fontawesome icon-1\"><\/span><\/div><\/div><\/div><!-- \/.sc_icons -->\n\t<div class=\"wpb_text_column wpb_content_element  vc_custom_1590475290502\" >\n\t\t<div class=\"wpb_wrapper\">\n\t\t\t<h4 style=\"text-align: center;\">6 GARAN\u021aII PENTRU 1 PRE\u021a UNIC<\/h4>\n\n\t\t<\/div>\n\t<\/div>\n<div class=\"vc_empty_space\"   style=\"height: 1em\"><span class=\"vc_empty_space_inner\"><\/span><\/div>\n\t<div class=\"wpb_text_column wpb_content_element  vc_custom_1603195717116\" >\n\t\t<div class=\"wpb_wrapper\">\n\t\t\t<p class=\"p1\" style=\"text-align: center;\">Garan\u021bii de baz\u0103:<\/p>\n<ul style=\"text-align: left;\">\n<li class=\"p2\">Autocamion \/ tractor BA<\/li>\n<li class=\"p2\">Asigurarea personalului<\/li>\n<li class=\"p2\">Asisten\u021b\u0103 juridic\u0103 camion\/tractor<\/li>\n<li class=\"p2\">CMR<\/li>\n<li class=\"p2\">CTA<\/li>\n<li class=\"p2\">Exploatarea BA &amp; BA dup\u0103 livrare<\/li>\n<\/ul>\n<p style=\"text-align: center;\">Op\u021bional:<\/p>\n<ul>\n<li style=\"text-align: left;\">Casco Camion\/tractor<\/li>\n<\/ul>\n\n\t\t<\/div>\n\t<\/div>\n<div class=\"vc_empty_space\"   style=\"height: 7.6em\"><span class=\"vc_empty_space_inner\"><\/span><\/div><\/div><\/div><\/div><\/div><div class=\"vc_row-full-width vc_clearfix\"><\/div><div class=\"vc_row wpb_row vc_row-fluid\"><div class=\"wpb_column vc_column_container vc_col-sm-12 sc_layouts_column_icons_position_left\"><div class=\"vc_column-inner\"><div class=\"wpb_wrapper\"><div class=\"vc_empty_space  height_tiny\"   style=\"height: 0.5em\"><span class=\"vc_empty_space_inner\"><\/span><\/div><\/div><\/div><\/div><\/div><div class=\"vc_row wpb_row vc_row-fluid\"><div class=\"wpb_column vc_column_container vc_col-sm-12 sc_layouts_column_icons_position_left\"><div class=\"vc_column-inner\"><div class=\"wpb_wrapper\">\n\t<div class=\"wpb_text_column wpb_content_element\" >\n\t\t<div class=\"wpb_wrapper\">\n\t\t\t<p>\u00a0<\/p>\n\n\t\t<\/div>\n\t<\/div>\n<\/div><\/div><\/div><\/div>\n<\/section>","protected":false},"excerpt":{"rendered":"1. BA VRACHTWAGEN \/ TREKKER De verzekering Burgerlijke Aansprakelijkheid voor vrachtwagens en trekkers is verplicht bij Wet van 21\/11\/1989. Ze komt tussen bij alle lichamelijke en stoffelijke schade aan derden waarbij uw voertuig verantwoordelijk gesteld wordt. &gt; Lees meer 2. PERSONEELSVERZEKERING Van zodra u \u00e9\u00e9n personeelslid in dienst hebt, is een arbeidsongevallenverzekering wettelijk verplicht in Belgi\u00eb. De verzekering komt op&hellip;","protected":false},"author":1,"featured_media":0,"parent":0,"menu_order":0,"comment_status":"closed","ping_status":"closed","template":"","meta":{"footnotes":""},"class_list":["post-1203","page","type-page","status-publish","hentry"],"yoast_head":"<!-- This site is optimized with the Yoast SEO plugin v23.9 - https:\/\/yoast.com\/wordpress\/plugins\/seo\/ -->\n<title>VERZEKERINGEN - TRANSPORT INSURANCE PACKAGE<\/title>\n<meta name=\"description\" content=\"Verzekeringen Transport Insurance Package - Bekijk welke verzekeringen wij allemaal opnemen in onze Transport Insurance Package.\" \/>\n<meta name=\"robots\" content=\"index, follow, max-snippet:-1, max-image-preview:large, max-video-preview:-1\" \/>\n<link rel=\"canonical\" href=\"https:\/\/www.transport-insurances.com\/ro\/verzekeringen\/\" \/>\n<meta property=\"og:locale\" content=\"ro_RO\" \/>\n<meta property=\"og:type\" content=\"article\" \/>\n<meta property=\"og:title\" content=\"VERZEKERINGEN - TRANSPORT INSURANCE PACKAGE\" \/>\n<meta property=\"og:description\" content=\"Verzekeringen Transport Insurance Package - Bekijk welke verzekeringen wij allemaal opnemen in onze Transport Insurance Package.\" \/>\n<meta property=\"og:url\" content=\"https:\/\/www.transport-insurances.com\/ro\/verzekeringen\/\" \/>\n<meta property=\"og:site_name\" content=\"TRANSPORT INSURANCE PACKAGE\" \/>\n<meta property=\"article:modified_time\" content=\"2023-03-13T09:02:29+00:00\" \/>\n<meta name=\"twitter:card\" content=\"summary_large_image\" \/>\n<meta name=\"twitter:label1\" content=\"Timp estimat pentru citire\" \/>\n\t<meta name=\"twitter:data1\" content=\"4 minute\" \/>\n<script type=\"application\/ld+json\" class=\"yoast-schema-graph\">{\"@context\":\"https:\/\/schema.org\",\"@graph\":[{\"@type\":\"WebPage\",\"@id\":\"https:\/\/www.transport-insurances.com\/verzekeringen\/\",\"url\":\"https:\/\/www.transport-insurances.com\/verzekeringen\/\",\"name\":\"VERZEKERINGEN - TRANSPORT INSURANCE PACKAGE\",\"isPartOf\":{\"@id\":\"https:\/\/www.transport-insurances.com\/#website\"},\"datePublished\":\"2020-10-16T10:02:09+00:00\",\"dateModified\":\"2023-03-13T09:02:29+00:00\",\"description\":\"Verzekeringen Transport Insurance Package - Bekijk welke verzekeringen wij allemaal opnemen in onze Transport Insurance Package.\",\"breadcrumb\":{\"@id\":\"https:\/\/www.transport-insurances.com\/verzekeringen\/#breadcrumb\"},\"inLanguage\":\"ro-RO\",\"potentialAction\":[{\"@type\":\"ReadAction\",\"target\":[\"https:\/\/www.transport-insurances.com\/verzekeringen\/\"]}]},{\"@type\":\"BreadcrumbList\",\"@id\":\"https:\/\/www.transport-insurances.com\/verzekeringen\/#breadcrumb\",\"itemListElement\":[{\"@type\":\"ListItem\",\"position\":1,\"name\":\"Home\",\"item\":\"https:\/\/www.transport-insurances.com\/\"},{\"@type\":\"ListItem\",\"position\":2,\"name\":\"VERZEKERINGEN\"}]},{\"@type\":\"WebSite\",\"@id\":\"https:\/\/www.transport-insurances.com\/#website\",\"url\":\"https:\/\/www.transport-insurances.com\/\",\"name\":\"TRANSPORT INSURANCE PACKAGE\",\"description\":\"Goed verzekerd en veilig de baan op\",\"potentialAction\":[{\"@type\":\"SearchAction\",\"target\":{\"@type\":\"EntryPoint\",\"urlTemplate\":\"https:\/\/www.transport-insurances.com\/?s={search_term_string}\"},\"query-input\":{\"@type\":\"PropertyValueSpecification\",\"valueRequired\":true,\"valueName\":\"search_term_string\"}}],\"inLanguage\":\"ro-RO\"}]}<\/script>\n<!-- \/ Yoast SEO plugin. -->","yoast_head_json":{"title":"VERZEKERINGEN - TRANSPORT INSURANCE PACKAGE","description":"Verzekeringen Transport Insurance Package - Bekijk welke verzekeringen wij allemaal opnemen in onze Transport Insurance Package.","robots":{"index":"index","follow":"follow","max-snippet":"max-snippet:-1","max-image-preview":"max-image-preview:large","max-video-preview":"max-video-preview:-1"},"canonical":"https:\/\/www.transport-insurances.com\/ro\/verzekeringen\/","og_locale":"ro_RO","og_type":"article","og_title":"VERZEKERINGEN - TRANSPORT INSURANCE PACKAGE","og_description":"Verzekeringen Transport Insurance Package - Bekijk welke verzekeringen wij allemaal opnemen in onze Transport Insurance Package.","og_url":"https:\/\/www.transport-insurances.com\/ro\/verzekeringen\/","og_site_name":"TRANSPORT INSURANCE PACKAGE","article_modified_time":"2023-03-13T09:02:29+00:00","twitter_card":"summary_large_image","twitter_misc":{"Timp estimat pentru citire":"4 minute"},"schema":{"@context":"https:\/\/schema.org","@graph":[{"@type":"WebPage","@id":"https:\/\/www.transport-insurances.com\/verzekeringen\/","url":"https:\/\/www.transport-insurances.com\/verzekeringen\/","name":"VERZEKERINGEN - TRANSPORT INSURANCE PACKAGE","isPartOf":{"@id":"https:\/\/www.transport-insurances.com\/#website"},"datePublished":"2020-10-16T10:02:09+00:00","dateModified":"2023-03-13T09:02:29+00:00","description":"Verzekeringen Transport Insurance Package - Bekijk welke verzekeringen wij allemaal opnemen in onze Transport Insurance Package.","breadcrumb":{"@id":"https:\/\/www.transport-insurances.com\/verzekeringen\/#breadcrumb"},"inLanguage":"ro-RO","potentialAction":[{"@type":"ReadAction","target":["https:\/\/www.transport-insurances.com\/verzekeringen\/"]}]},{"@type":"BreadcrumbList","@id":"https:\/\/www.transport-insurances.com\/verzekeringen\/#breadcrumb","itemListElement":[{"@type":"ListItem","position":1,"name":"Home","item":"https:\/\/www.transport-insurances.com\/"},{"@type":"ListItem","position":2,"name":"VERZEKERINGEN"}]},{"@type":"WebSite","@id":"https:\/\/www.transport-insurances.com\/#website","url":"https:\/\/www.transport-insurances.com\/","name":"TRANSPORT INSURANCE PACKAGE","description":"Goed verzekerd en veilig de baan op","potentialAction":[{"@type":"SearchAction","target":{"@type":"EntryPoint","urlTemplate":"https:\/\/www.transport-insurances.com\/?s={search_term_string}"},"query-input":{"@type":"PropertyValueSpecification","valueRequired":true,"valueName":"search_term_string"}}],"inLanguage":"ro-RO"}]}},"_links":{"self":[{"href":"https:\/\/www.transport-insurances.com\/ro\/wp-json\/wp\/v2\/pages\/1203","targetHints":{"allow":["GET"]}}],"collection":[{"href":"https:\/\/www.transport-insurances.com\/ro\/wp-json\/wp\/v2\/pages"}],"about":[{"href":"https:\/\/www.transport-insurances.com\/ro\/wp-json\/wp\/v2\/types\/page"}],"author":[{"embeddable":true,"href":"https:\/\/www.transport-insurances.com\/ro\/wp-json\/wp\/v2\/users\/1"}],"replies":[{"embeddable":true,"href":"https:\/\/www.transport-insurances.com\/ro\/wp-json\/wp\/v2\/comments?post=1203"}],"version-history":[{"count":6,"href":"https:\/\/www.transport-insurances.com\/ro\/wp-json\/wp\/v2\/pages\/1203\/revisions"}],"predecessor-version":[{"id":2540,"href":"https:\/\/www.transport-insurances.com\/ro\/wp-json\/wp\/v2\/pages\/1203\/revisions\/2540"}],"wp:attachment":[{"href":"https:\/\/www.transport-insurances.com\/ro\/wp-json\/wp\/v2\/media?parent=1203"}],"curies":[{"name":"wp","href":"https:\/\/api.w.org\/{rel}","templated":true}]}}