{"id":2594,"date":"2023-03-09T14:12:39","date_gmt":"2023-03-09T13:12:39","guid":{"rendered":"https:\/\/www.transport-insurances.com\/?page_id=2594"},"modified":"2023-04-14T13:52:21","modified_gmt":"2023-04-14T11:52:21","slug":"cookie-policy","status":"publish","type":"page","link":"https:\/\/www.transport-insurances.com\/pl\/cookie-policy\/","title":{"rendered":"Polityka Cookie"},"content":{"rendered":"<section class=\"wpb-content-wrapper\"><div data-vc-full-width=\"true\" data-vc-full-width-init=\"false\" data-vc-stretch-content=\"true\" class=\"vc_row wpb_row vc_row-fluid vc_row-no-padding\"><div class=\"wpb_column vc_column_container vc_col-sm-12 sc_layouts_column_icons_position_left\"><div class=\"vc_column-inner\"><div class=\"wpb_wrapper\"><div class=\"vc_empty_space\"   style=\"height: 12em\"><span class=\"vc_empty_space_inner\"><\/span><\/div><\/div><\/div><\/div><\/div><div class=\"vc_row-full-width vc_clearfix\"><\/div><div class=\"vc_row wpb_row vc_row-fluid\"><div class=\"wpb_column vc_column_container vc_col-sm-12 sc_layouts_column_icons_position_left\"><div class=\"vc_column-inner\"><div class=\"wpb_wrapper\"><div class=\"vc_empty_space\"   style=\"height: 8em\"><span class=\"vc_empty_space_inner\"><\/span><\/div><div id=\"sc_title_417186423\"\n\t\tclass=\"sc_title sc_title_default\"><h2 class=\"sc_item_title sc_title_title sc_align_left sc_item_title_style_default\">Polityka Cookie<\/h2><\/div><!-- \/.sc_title --><div class=\"vc_empty_space\"   style=\"height: 4em\"><span class=\"vc_empty_space_inner\"><\/span><\/div><\/div><\/div><\/div><\/div><div class=\"vc_row wpb_row vc_row-fluid\"><div class=\"wpb_column vc_column_container vc_col-sm-12 sc_layouts_column_icons_position_left\"><div class=\"vc_column-inner\"><div class=\"wpb_wrapper\">\n\t<div class=\"wpb_text_column wpb_content_element\" >\n\t\t<div class=\"wpb_wrapper\">\n\t\t\t<h4>Co to s\u0105 pliki cookie?<\/h4>\n<p>Pliki cookie to ma\u0142e, proste pliki tekstowe, kt\u00f3re s\u0105 umieszczane na dysku twardym komputera podczas odwiedzania strony internetowej. Te pliki cookie mog\u0105 zapewni\u0107 optymalizacj\u0119 Twojej wizyty w witrynie. Na przyk\u0142ad Twoje preferencje s\u0105 zapami\u0119tywane, aby wy\u015bwietla\u0107 tylko te informacje, kt\u00f3re Ci\u0119 interesuj\u0105. Kolejn\u0105 zalet\u0105 jest to, \u017ce nie musisz si\u0119 logowa\u0107 ani wpisywa\u0107 tych samych informacji za ka\u017cdym razem, gdy odwiedzasz okre\u015blon\u0105 stron\u0119 internetow\u0105.<\/p>\n<h4>Dlaczego informujemy Ci\u0119 o u\u017cywaniu plik\u00f3w cookies?<\/h4>\n<p>Od maja 2018 roku wesz\u0142o w \u017cycie nowe rozporz\u0105dzenie UE: Og\u00f3lne Rozporz\u0105dzenie o Ochronie Danych Osobowych (RODO). Umieszczenie plik\u00f3w cookies mo\u017ce nast\u0105pi\u0107 wy\u0142\u0105cznie za wyra\u017an\u0105 zgod\u0105 internauty. Dlatego informujemy, \u017ce nasza strona korzysta z plik\u00f3w cookies i jaki jest tego pow\u00f3d.<\/p>\n<h4>Funkcjonalne pliki cookie<\/h4>\n<p>S\u0105 to pliki cookies, kt\u00f3re s\u0105 niezb\u0119dne do funkcjonowania serwisu. Bez tych plik\u00f3w cookie niekt\u00f3re cz\u0119\u015bci nie mog\u0105 by\u0107 u\u017cywane. Przepisy prawa zezwalaj\u0105 nam na przechowywanie plik\u00f3w cookies na Twoim urz\u0105dzeniu, je\u017celi s\u0105 one bezwzgl\u0119dnie niezb\u0119dne do korzystania z serwisu. W przypadku wszystkich innych rodzaj\u00f3w plik\u00f3w cookie potrzebujemy Twojej zgody.<\/p>\n<h4>Pliki cookie preferencji<\/h4>\n<p>Pliki cookie preferencji umo\u017cliwiaj\u0105 tej witrynie zapami\u0119tywanie informacji, kt\u00f3re wp\u0142ywaj\u0105 na zachowanie i wygl\u0105d witryny, takie jak preferowany j\u0119zyk lub region, w kt\u00f3rym mieszkasz.<\/p>\n<h4>Analityczne pliki cookie<\/h4>\n<p>Statystyki odwiedzin mo\u017cna r\u00f3wnie\u017c \u015bledzi\u0107 za pomoc\u0105 plik\u00f3w cookie. Korzystamy z Google Analytics, aby uzyska\u0107 wgl\u0105d w zachowanie os\u00f3b odwiedzaj\u0105cych nasz\u0105 stron\u0119 internetow\u0105. Na podstawie tych danych uzyskujemy wgl\u0105d w zachowanie naszych go\u015bci podczas surfowania i odwiedzania oraz mo\u017cemy optymalizowa\u0107 nasz\u0105 stron\u0119 internetow\u0105 tam, gdzie to mo\u017cliwe. Informacje zbierane przez Google s\u0105 anonimizowane. \u017badne dane osobowe nie s\u0105 zatem przechowywane, co oznacza, \u017ce \u200b\u200bmo\u017cemy umieszcza\u0107 te pliki cookie bez pozwolenia. Nie udost\u0119pniamy tych informacji stronom trzecim.<\/p>\n<h4>\u015aledz\u0105ce pliki cookie<\/h4>\n<p>Za pomoc\u0105 \u015bledz\u0105cych plik\u00f3w cookie mo\u017cemy mi\u0119dzy innymi reklamowa\u0107 si\u0119 bardziej szczeg\u00f3\u0142owo i rejestrowa\u0107, kt\u00f3re firmy i organizacje odwiedzaj\u0105 nasz\u0105 stron\u0119 internetow\u0105. W ten spos\u00f3b mo\u017cemy dostosowywa\u0107 oferty i dociera\u0107 do odwiedzaj\u0105cych z ciekawymi propozycjami. Te pliki cookie s\u0105 umieszczane tylko wtedy, gdy wyrazisz na to zgod\u0119. Obecnie nie u\u017cywamy \u015bledz\u0105cych plik\u00f3w cookie.<\/p>\n<h4>Zaakceptuj lub odrzu\u0107 pliki cookie<\/h4>\n<p>Mo\u017cesz zdecydowa\u0107, czy zaakceptowa\u0107 lub odrzuci\u0107 pliki cookie za pomoc\u0105 banera plik\u00f3w cookie, kt\u00f3ry pojawia si\u0119 na naszej stronie internetowej, gdy j\u0105 odwiedzasz, oraz za pomoc\u0105 ustawie\u0144 przegl\u0105darki. Wi\u0119kszo\u015b\u0107 przegl\u0105darek jest domy\u015blnie ustawiona na akceptowanie plik\u00f3w cookie, ale zwykle mo\u017cna zmieni\u0107 ustawienia przegl\u0105darki, aby odrzuca\u0142a pliki cookie. Musisz zresetowa\u0107 to dla ka\u017cdej przegl\u0105darki i dla ka\u017cdego komputera.<\/p>\n<p>Wersja: 09.03.2023<\/p>\n\n\t\t<\/div>\n\t<\/div>\n<\/div><\/div><\/div><\/div><div class=\"vc_row wpb_row vc_row-fluid\"><div class=\"wpb_column vc_column_container vc_col-sm-12 sc_layouts_column_icons_position_left\"><div class=\"vc_column-inner\"><div class=\"wpb_wrapper\"><div class=\"vc_empty_space\"   style=\"height: 7.7em\"><span class=\"vc_empty_space_inner\"><\/span><\/div><\/div><\/div><\/div><\/div>\n<\/section>","protected":false},"excerpt":{"rendered":"Cookie policy Wat zijn cookies? Cookies zijn kleine, eenvoudige tekstbestandjes die op de harde schijf van uw computer worden gezet als u een webpagina bezoekt. Deze cookies kunnen ervoor zorgen dat uw websitebezoek wordt geoptimaliseerd. Zo worden bijvoorbeeld uw voorkeuren onthouden om u alleen informatie te tonen die voor u interessant is. Een ander voordeel is dat u zich niet&hellip;","protected":false},"author":1,"featured_media":0,"parent":0,"menu_order":0,"comment_status":"closed","ping_status":"closed","template":"","meta":{"footnotes":""},"class_list":["post-2594","page","type-page","status-publish","hentry"],"yoast_head":"<!-- This site is optimized with the Yoast SEO plugin v23.9 - https:\/\/yoast.com\/wordpress\/plugins\/seo\/ -->\n<title>Cookie policy - TRANSPORT INSURANCE PACKAGE<\/title>\n<meta name=\"description\" content=\"Cookie policy - Transport Insurance Package - Lees in onze cookie policy welke cookies wij gebruiken op onze website.\" \/>\n<meta name=\"robots\" content=\"index, follow, max-snippet:-1, max-image-preview:large, max-video-preview:-1\" \/>\n<link rel=\"canonical\" href=\"https:\/\/www.transport-insurances.com\/pl\/cookie-policy\/\" \/>\n<meta property=\"og:locale\" content=\"pl_PL\" \/>\n<meta property=\"og:type\" content=\"article\" \/>\n<meta property=\"og:title\" content=\"Cookie policy - TRANSPORT INSURANCE PACKAGE\" \/>\n<meta property=\"og:description\" content=\"Cookie policy - Transport Insurance Package - Lees in onze cookie policy welke cookies wij gebruiken op onze website.\" \/>\n<meta property=\"og:url\" content=\"https:\/\/www.transport-insurances.com\/pl\/cookie-policy\/\" \/>\n<meta property=\"og:site_name\" content=\"TRANSPORT INSURANCE PACKAGE\" \/>\n<meta property=\"article:modified_time\" content=\"2023-04-14T11:52:21+00:00\" \/>\n<meta name=\"twitter:card\" content=\"summary_large_image\" \/>\n<meta name=\"twitter:label1\" content=\"Szacowany czas czytania\" \/>\n\t<meta name=\"twitter:data1\" content=\"3 minuty\" \/>\n<script type=\"application\/ld+json\" class=\"yoast-schema-graph\">{\"@context\":\"https:\/\/schema.org\",\"@graph\":[{\"@type\":\"WebPage\",\"@id\":\"https:\/\/www.transport-insurances.com\/cookie-policy\/\",\"url\":\"https:\/\/www.transport-insurances.com\/cookie-policy\/\",\"name\":\"Cookie policy - TRANSPORT INSURANCE PACKAGE\",\"isPartOf\":{\"@id\":\"https:\/\/www.transport-insurances.com\/#website\"},\"datePublished\":\"2023-03-09T13:12:39+00:00\",\"dateModified\":\"2023-04-14T11:52:21+00:00\",\"description\":\"Cookie policy - Transport Insurance Package - Lees in onze cookie policy welke cookies wij gebruiken op onze website.\",\"breadcrumb\":{\"@id\":\"https:\/\/www.transport-insurances.com\/cookie-policy\/#breadcrumb\"},\"inLanguage\":\"pl-PL\",\"potentialAction\":[{\"@type\":\"ReadAction\",\"target\":[\"https:\/\/www.transport-insurances.com\/cookie-policy\/\"]}]},{\"@type\":\"BreadcrumbList\",\"@id\":\"https:\/\/www.transport-insurances.com\/cookie-policy\/#breadcrumb\",\"itemListElement\":[{\"@type\":\"ListItem\",\"position\":1,\"name\":\"Home\",\"item\":\"https:\/\/www.transport-insurances.com\/\"},{\"@type\":\"ListItem\",\"position\":2,\"name\":\"Cookie policy\"}]},{\"@type\":\"WebSite\",\"@id\":\"https:\/\/www.transport-insurances.com\/#website\",\"url\":\"https:\/\/www.transport-insurances.com\/\",\"name\":\"TRANSPORT INSURANCE PACKAGE\",\"description\":\"Goed verzekerd en veilig de baan op\",\"potentialAction\":[{\"@type\":\"SearchAction\",\"target\":{\"@type\":\"EntryPoint\",\"urlTemplate\":\"https:\/\/www.transport-insurances.com\/?s={search_term_string}\"},\"query-input\":{\"@type\":\"PropertyValueSpecification\",\"valueRequired\":true,\"valueName\":\"search_term_string\"}}],\"inLanguage\":\"pl-PL\"}]}<\/script>\n<!-- \/ Yoast SEO plugin. -->","yoast_head_json":{"title":"Cookie policy - TRANSPORT INSURANCE PACKAGE","description":"Cookie policy - Transport Insurance Package - Lees in onze cookie policy welke cookies wij gebruiken op onze website.","robots":{"index":"index","follow":"follow","max-snippet":"max-snippet:-1","max-image-preview":"max-image-preview:large","max-video-preview":"max-video-preview:-1"},"canonical":"https:\/\/www.transport-insurances.com\/pl\/cookie-policy\/","og_locale":"pl_PL","og_type":"article","og_title":"Cookie policy - TRANSPORT INSURANCE PACKAGE","og_description":"Cookie policy - Transport Insurance Package - Lees in onze cookie policy welke cookies wij gebruiken op onze website.","og_url":"https:\/\/www.transport-insurances.com\/pl\/cookie-policy\/","og_site_name":"TRANSPORT INSURANCE PACKAGE","article_modified_time":"2023-04-14T11:52:21+00:00","twitter_card":"summary_large_image","twitter_misc":{"Szacowany czas czytania":"3 minuty"},"schema":{"@context":"https:\/\/schema.org","@graph":[{"@type":"WebPage","@id":"https:\/\/www.transport-insurances.com\/cookie-policy\/","url":"https:\/\/www.transport-insurances.com\/cookie-policy\/","name":"Cookie policy - TRANSPORT INSURANCE PACKAGE","isPartOf":{"@id":"https:\/\/www.transport-insurances.com\/#website"},"datePublished":"2023-03-09T13:12:39+00:00","dateModified":"2023-04-14T11:52:21+00:00","description":"Cookie policy - Transport Insurance Package - Lees in onze cookie policy welke cookies wij gebruiken op onze website.","breadcrumb":{"@id":"https:\/\/www.transport-insurances.com\/cookie-policy\/#breadcrumb"},"inLanguage":"pl-PL","potentialAction":[{"@type":"ReadAction","target":["https:\/\/www.transport-insurances.com\/cookie-policy\/"]}]},{"@type":"BreadcrumbList","@id":"https:\/\/www.transport-insurances.com\/cookie-policy\/#breadcrumb","itemListElement":[{"@type":"ListItem","position":1,"name":"Home","item":"https:\/\/www.transport-insurances.com\/"},{"@type":"ListItem","position":2,"name":"Cookie policy"}]},{"@type":"WebSite","@id":"https:\/\/www.transport-insurances.com\/#website","url":"https:\/\/www.transport-insurances.com\/","name":"TRANSPORT INSURANCE PACKAGE","description":"Goed verzekerd en veilig de baan op","potentialAction":[{"@type":"SearchAction","target":{"@type":"EntryPoint","urlTemplate":"https:\/\/www.transport-insurances.com\/?s={search_term_string}"},"query-input":{"@type":"PropertyValueSpecification","valueRequired":true,"valueName":"search_term_string"}}],"inLanguage":"pl-PL"}]}},"_links":{"self":[{"href":"https:\/\/www.transport-insurances.com\/pl\/wp-json\/wp\/v2\/pages\/2594","targetHints":{"allow":["GET"]}}],"collection":[{"href":"https:\/\/www.transport-insurances.com\/pl\/wp-json\/wp\/v2\/pages"}],"about":[{"href":"https:\/\/www.transport-insurances.com\/pl\/wp-json\/wp\/v2\/types\/page"}],"author":[{"embeddable":true,"href":"https:\/\/www.transport-insurances.com\/pl\/wp-json\/wp\/v2\/users\/1"}],"replies":[{"embeddable":true,"href":"https:\/\/www.transport-insurances.com\/pl\/wp-json\/wp\/v2\/comments?post=2594"}],"version-history":[{"count":6,"href":"https:\/\/www.transport-insurances.com\/pl\/wp-json\/wp\/v2\/pages\/2594\/revisions"}],"predecessor-version":[{"id":2597,"href":"https:\/\/www.transport-insurances.com\/pl\/wp-json\/wp\/v2\/pages\/2594\/revisions\/2597"}],"wp:attachment":[{"href":"https:\/\/www.transport-insurances.com\/pl\/wp-json\/wp\/v2\/media?parent=2594"}],"curies":[{"name":"wp","href":"https:\/\/api.w.org\/{rel}","templated":true}]}}