{"id":1215,"date":"2020-10-16T12:25:23","date_gmt":"2020-10-16T10:25:23","guid":{"rendered":"https:\/\/transport-insurances.com\/?page_id=1215"},"modified":"2023-03-09T15:16:54","modified_gmt":"2023-03-09T14:16:54","slug":"ba-uitbating-ba-na-levering","status":"publish","type":"page","link":"https:\/\/www.transport-insurances.com\/pl\/ba-uitbating-ba-na-levering\/","title":{"rendered":"BA UITBATING &#038; BA NA LEVERING"},"content":{"rendered":"<section class=\"wpb-content-wrapper\"><div data-vc-full-width=\"true\" data-vc-full-width-init=\"false\" data-vc-stretch-content=\"true\" class=\"vc_row wpb_row vc_row-fluid vc_row-no-padding\"><div class=\"wpb_column vc_column_container vc_col-sm-12 sc_layouts_column_icons_position_left\"><div class=\"vc_column-inner\"><div class=\"wpb_wrapper\"><div class=\"vc_empty_space\"   style=\"height: 12em\"><span class=\"vc_empty_space_inner\"><\/span><\/div><\/div><\/div><\/div><\/div><div class=\"vc_row-full-width vc_clearfix\"><\/div><div class=\"vc_row wpb_row vc_row-fluid\"><div class=\"wpb_column vc_column_container vc_col-sm-12 sc_layouts_column_icons_position_left\"><div class=\"vc_column-inner\"><div class=\"wpb_wrapper\"><div class=\"vc_empty_space\"   style=\"height: 3.5em\"><span class=\"vc_empty_space_inner\"><\/span><\/div><div id=\"sc_icons_458437231\" \n\tclass=\"sc_icons sc_icons_default sc_icons_size_large sc_align_left\"><div class=\"sc_icons_item\"><div id=\"sc_icons_458437231_icon-home-alt\" class=\"sc_icons_icon sc_icon_type_fontawesome icon-home-alt\"\n\t\t\t\t\t\t style=\"color: #f4ba08\"\t\t\t\t\t\t><span class=\"sc_icon_type_fontawesome icon-home-alt\" style=\"color: #f4ba08\"><\/span><\/div><\/div><\/div><!-- \/.sc_icons --><div class=\"vc_empty_space\"   style=\"height: 3.5em\"><span class=\"vc_empty_space_inner\"><\/span><\/div><div id=\"sc_title_813764670\"\n\t\tclass=\"sc_title sc_title_default\"><h2 class=\"sc_item_title sc_title_title sc_align_left sc_item_title_style_default\">OC DLA TWOJEJ FIRMY &amp; OC PO DOSTAWIE<\/h2><\/div><!-- \/.sc_title --><div class=\"vc_empty_space\"   style=\"height: 3.5em\"><span class=\"vc_empty_space_inner\"><\/span><\/div><\/div><\/div><\/div><\/div><div class=\"vc_row wpb_row vc_row-fluid\"><div class=\"wpb_column vc_column_container vc_col-sm-12 sc_layouts_column_icons_position_left\"><div class=\"vc_column-inner\"><div class=\"wpb_wrapper\">\n\t<div class=\"wpb_text_column wpb_content_element\" >\n\t\t<div class=\"wpb_wrapper\">\n\t\t\t<p>Wykorzystanie OC jest czasami uwa\u017cane za ubezpieczenie rodzinne dla \u015bwiata biznesu.  Polisa ta obejmuje wszelkie szkody wyrz\u0105dzone osobom trzecim wewn\u0105trz i na zewn\u0105trz firmy.  Co wi\u0119cej, liczba roszcze\u0144 i kwoty roszcze\u0144 gwa\u0142townie rosn\u0105... ubezpieczenie OC jest zatem konieczno\u015bci\u0105 dla ka\u017cdej nowoczesnej firmy!<\/p>\n\n\t\t<\/div>\n\t<\/div>\n<div class=\"vc_separator wpb_content_element vc_separator_align_center vc_sep_width_100 vc_sep_pos_align_center vc_separator_no_text vc_sep_color_grey\" ><span class=\"vc_sep_holder vc_sep_holder_l\"><span class=\"vc_sep_line\"><\/span><\/span><span class=\"vc_sep_holder vc_sep_holder_r\"><span class=\"vc_sep_line\"><\/span><\/span>\n<\/div><h3 style=\"color: #f4ba08;text-align: left;font-family:Montserrat;font-weight:700;font-style:normal\" class=\"vc_custom_heading\" >Szkody wyrz\u0105dzone osobom trzecim<\/h3><div class=\"vc_empty_space\"   style=\"height: 1.5em\"><span class=\"vc_empty_space_inner\"><\/span><\/div>\n\t<div class=\"wpb_text_column wpb_content_element\" >\n\t\t<div class=\"wpb_wrapper\">\n\t\t\t<p>To ubezpieczenie od odpowiedzialno\u015bci cywilnej interweniuje, gdy jeden z Twoich pracownik\u00f3w wyrz\u0105dzi szkod\u0119 osobom trzecim.  Ochron\u0105 ubezpieczeniow\u0105 obj\u0119te s\u0105 zar\u00f3wno obra\u017cenia cia\u0142a, jak i szkody materialne i niematerialne.<\/p>\n<p>Poniewa\u017c nikt nie wie z g\u00f3ry, jak du\u017ce b\u0119d\u0105 szkody, dzi\u0119ki temu ubezpieczeniu mo\u017cesz zabezpieczy\u0107 przetrwanie swojej firmy.<\/p>\n\n\t\t<\/div>\n\t<\/div>\n<div class=\"vc_separator wpb_content_element vc_separator_align_center vc_sep_width_100 vc_sep_pos_align_center vc_separator_no_text vc_sep_color_grey\" ><span class=\"vc_sep_holder vc_sep_holder_l\"><span class=\"vc_sep_line\"><\/span><\/span><span class=\"vc_sep_holder vc_sep_holder_r\"><span class=\"vc_sep_line\"><\/span><\/span>\n<\/div><h3 style=\"color: #f4ba08;text-align: left;font-family:Montserrat;font-weight:700;font-style:normal\" class=\"vc_custom_heading\" >Co obejmuje ubezpieczenie ?<\/h3><div class=\"vc_empty_space\"   style=\"height: 1.5em\"><span class=\"vc_empty_space_inner\"><\/span><\/div>\n\t<div class=\"wpb_text_column wpb_content_element\" >\n\t\t<div class=\"wpb_wrapper\">\n\t\t\t<ul>\n<li><span style=\"color: #f4ba08;\">OC DLA FIRMY<\/span><\/li>\n<\/ul>\n<p>Dotyczy to szk\u00f3d wyrz\u0105dzonych osobom trzecim przez osoby lub budynki, zar\u00f3wno wewn\u0105trz firmy (np. dostawcy), jak i poza ni\u0105 (np. pracuj\u0105cy dla os\u00f3b trzecich).<\/p>\n<ul>\n<li style=\"list-style-type: none;\">\n<ul>\n<li>Obra\u017cenia cia\u0142a lub inne uszkodzenia fizyczne<\/li>\n<li>Szkody rzeczowe lub materialne<\/li>\n<li>Szkody niematerialne (niezale\u017cnie od powy\u017cszego)<\/li>\n<\/ul>\n<\/li>\n<\/ul>\n<p>&nbsp;<\/p>\n<ul>\n<li><span style=\"color: #f4ba08;\">OC PO DOSTAWIE<\/span><\/li>\n<\/ul>\n<ul>\n<li style=\"list-style-type: none;\">\n<ul>\n<li>Odpowiedzialno\u015b\u0107 za product: produkty po dostawie<\/li>\n<li>\u0179le wykonane prace<\/li>\n<\/ul>\n<\/li>\n<\/ul>\n\n\t\t<\/div>\n\t<\/div>\n<div class=\"vc_separator wpb_content_element vc_separator_align_center vc_sep_width_100 vc_sep_pos_align_center vc_separator_no_text vc_sep_color_grey\" ><span class=\"vc_sep_holder vc_sep_holder_l\"><span class=\"vc_sep_line\"><\/span><\/span><span class=\"vc_sep_holder vc_sep_holder_r\"><span class=\"vc_sep_line\"><\/span><\/span>\n<\/div><h3 style=\"color: #f4ba08;text-align: left;font-family:Montserrat;font-weight:700;font-style:normal\" class=\"vc_custom_heading\" >Mo\u017cliwe roszczenia<\/h3><div class=\"vc_empty_space\"   style=\"height: 1.5em\"><span class=\"vc_empty_space_inner\"><\/span><\/div>\n\t<div class=\"wpb_text_column wpb_content_element\" >\n\t\t<div class=\"wpb_wrapper\">\n\t\t\t<ul>\n<li>Pokrycie dla towar\u00f3w, kt\u00f3re powierzone s\u0105 Ubezpieczonemu<\/li>\n<li>Pokrycie wynajmowanych d\u00f3br<\/li>\n<li>Pokrycie (powierzonych lub nie) narz\u0119dzi pracy<\/li>\n<\/ul>\n\n\t\t<\/div>\n\t<\/div>\n<div class=\"vc_empty_space\"   style=\"height: 6em\"><span class=\"vc_empty_space_inner\"><\/span><\/div><\/div><\/div><\/div><\/div><div data-vc-full-width=\"true\" data-vc-full-width-init=\"false\" class=\"vc_row wpb_row vc_row-fluid vc_custom_1675696989485 vc_row-has-fill scheme_dark\"><div class=\"wpb_column vc_column_container vc_col-sm-12 sc_layouts_column_icons_position_left\"><div class=\"vc_column-inner\"><div class=\"wpb_wrapper\"><div class=\"vc_empty_space\"   style=\"height: 3.5em\"><span class=\"vc_empty_space_inner\"><\/span><\/div><div id=\"sc_title_56559696\"\n\t\tclass=\"scheme_dark sc_title sc_title_default\"><h2 class=\"sc_item_title sc_title_title sc_align_center sc_item_title_style_default\">Oblicz sk\u0142adk\u0119 za pakiet<\/h2><div class=\"sc_item_descr sc_title_descr sc_align_center\">Tutaj mo\u017cesz w \u0142atwo obliczy\u0107 sk\u0142adk\u0119 za swoje ubezpieczenie.<\/div><\/div><!-- \/.sc_title --><div class=\"vc_empty_space\"   style=\"height: 2em\"><span class=\"vc_empty_space_inner\"><\/span><\/div><div class=\"sc_item_button sc_button_wrap sc_align_center\"><a href=\"https:\/\/www.transport-insurances.com\/pl\/premie\/\" id=\"sc_button_1281616438\" class=\"sc_button sc_button_default sc_button_size_large sc_button_icon_right\"><span class=\"sc_button_icon\"><span class=\"icon-right\"><\/span><\/span><span class=\"sc_button_text\"><span class=\"sc_button_title\">Oblicz tutaj<\/span><\/span><!-- \/.sc_button_text --><\/a><!-- \/.sc_button --><\/div><!-- \/.sc_item_button --><div class=\"vc_empty_space\"   style=\"height: 2em\"><span class=\"vc_empty_space_inner\"><\/span><\/div><\/div><\/div><\/div><\/div><div class=\"vc_row-full-width vc_clearfix\"><\/div>\n<\/section>","protected":false},"excerpt":{"rendered":"BA UITBATING & BA NA LEVERING BA uitbating wordt wel eens aanzien als de \u2018familiale\u2019 verzekering voor de bedrijfswereld. Deze polis dekt immers alle schade aan derden die binnen of buiten het bedrijf is veroorzaakt. Bovendien schieten het aantal schadevorderingen en de geclaimde bedragen pijlsnel de hoogte in \u2026 een BA uitbating is dus een must voor elk eigentijds bedrijf!&hellip;","protected":false},"author":1,"featured_media":0,"parent":0,"menu_order":0,"comment_status":"closed","ping_status":"closed","template":"","meta":{"footnotes":""},"class_list":["post-1215","page","type-page","status-publish","hentry"],"yoast_head":"<!-- This site is optimized with the Yoast SEO plugin v23.9 - https:\/\/yoast.com\/wordpress\/plugins\/seo\/ -->\n<title>BA UITBATING &amp; BA NA LEVERING - TRANSPORT INSURANCE PACKAGE<\/title>\n<meta name=\"description\" content=\"Ba uitbating - Ba na levering - Dek jezelf in tegen schade aan derden of schade die plaatsvindt tijdens een levering.\" \/>\n<meta name=\"robots\" content=\"index, follow, max-snippet:-1, max-image-preview:large, max-video-preview:-1\" \/>\n<link rel=\"canonical\" href=\"https:\/\/www.transport-insurances.com\/pl\/ba-uitbating-ba-na-levering\/\" \/>\n<meta property=\"og:locale\" content=\"pl_PL\" \/>\n<meta property=\"og:type\" content=\"article\" \/>\n<meta property=\"og:title\" content=\"BA UITBATING &amp; BA NA LEVERING - TRANSPORT INSURANCE PACKAGE\" \/>\n<meta property=\"og:description\" content=\"Ba uitbating - Ba na levering - Dek jezelf in tegen schade aan derden of schade die plaatsvindt tijdens een levering.\" \/>\n<meta property=\"og:url\" content=\"https:\/\/www.transport-insurances.com\/pl\/ba-uitbating-ba-na-levering\/\" \/>\n<meta property=\"og:site_name\" content=\"TRANSPORT INSURANCE PACKAGE\" \/>\n<meta property=\"article:modified_time\" content=\"2023-03-09T14:16:54+00:00\" \/>\n<meta name=\"twitter:card\" content=\"summary_large_image\" \/>\n<meta name=\"twitter:label1\" content=\"Szacowany czas czytania\" \/>\n\t<meta name=\"twitter:data1\" content=\"2 minuty\" \/>\n<script type=\"application\/ld+json\" class=\"yoast-schema-graph\">{\"@context\":\"https:\/\/schema.org\",\"@graph\":[{\"@type\":\"WebPage\",\"@id\":\"https:\/\/www.transport-insurances.com\/ba-uitbating-ba-na-levering\/\",\"url\":\"https:\/\/www.transport-insurances.com\/ba-uitbating-ba-na-levering\/\",\"name\":\"BA UITBATING & BA NA LEVERING - TRANSPORT INSURANCE PACKAGE\",\"isPartOf\":{\"@id\":\"https:\/\/www.transport-insurances.com\/#website\"},\"datePublished\":\"2020-10-16T10:25:23+00:00\",\"dateModified\":\"2023-03-09T14:16:54+00:00\",\"description\":\"Ba uitbating - Ba na levering - Dek jezelf in tegen schade aan derden of schade die plaatsvindt tijdens een levering.\",\"breadcrumb\":{\"@id\":\"https:\/\/www.transport-insurances.com\/ba-uitbating-ba-na-levering\/#breadcrumb\"},\"inLanguage\":\"pl-PL\",\"potentialAction\":[{\"@type\":\"ReadAction\",\"target\":[\"https:\/\/www.transport-insurances.com\/ba-uitbating-ba-na-levering\/\"]}]},{\"@type\":\"BreadcrumbList\",\"@id\":\"https:\/\/www.transport-insurances.com\/ba-uitbating-ba-na-levering\/#breadcrumb\",\"itemListElement\":[{\"@type\":\"ListItem\",\"position\":1,\"name\":\"Home\",\"item\":\"https:\/\/www.transport-insurances.com\/\"},{\"@type\":\"ListItem\",\"position\":2,\"name\":\"BA UITBATING &#038; BA NA LEVERING\"}]},{\"@type\":\"WebSite\",\"@id\":\"https:\/\/www.transport-insurances.com\/#website\",\"url\":\"https:\/\/www.transport-insurances.com\/\",\"name\":\"TRANSPORT INSURANCE PACKAGE\",\"description\":\"Goed verzekerd en veilig de baan op\",\"potentialAction\":[{\"@type\":\"SearchAction\",\"target\":{\"@type\":\"EntryPoint\",\"urlTemplate\":\"https:\/\/www.transport-insurances.com\/?s={search_term_string}\"},\"query-input\":{\"@type\":\"PropertyValueSpecification\",\"valueRequired\":true,\"valueName\":\"search_term_string\"}}],\"inLanguage\":\"pl-PL\"}]}<\/script>\n<!-- \/ Yoast SEO plugin. -->","yoast_head_json":{"title":"BA UITBATING & BA NA LEVERING - TRANSPORT INSURANCE PACKAGE","description":"Ba uitbating - Ba na levering - Dek jezelf in tegen schade aan derden of schade die plaatsvindt tijdens een levering.","robots":{"index":"index","follow":"follow","max-snippet":"max-snippet:-1","max-image-preview":"max-image-preview:large","max-video-preview":"max-video-preview:-1"},"canonical":"https:\/\/www.transport-insurances.com\/pl\/ba-uitbating-ba-na-levering\/","og_locale":"pl_PL","og_type":"article","og_title":"BA UITBATING & BA NA LEVERING - TRANSPORT INSURANCE PACKAGE","og_description":"Ba uitbating - Ba na levering - Dek jezelf in tegen schade aan derden of schade die plaatsvindt tijdens een levering.","og_url":"https:\/\/www.transport-insurances.com\/pl\/ba-uitbating-ba-na-levering\/","og_site_name":"TRANSPORT INSURANCE PACKAGE","article_modified_time":"2023-03-09T14:16:54+00:00","twitter_card":"summary_large_image","twitter_misc":{"Szacowany czas czytania":"2 minuty"},"schema":{"@context":"https:\/\/schema.org","@graph":[{"@type":"WebPage","@id":"https:\/\/www.transport-insurances.com\/ba-uitbating-ba-na-levering\/","url":"https:\/\/www.transport-insurances.com\/ba-uitbating-ba-na-levering\/","name":"BA UITBATING & BA NA LEVERING - TRANSPORT INSURANCE PACKAGE","isPartOf":{"@id":"https:\/\/www.transport-insurances.com\/#website"},"datePublished":"2020-10-16T10:25:23+00:00","dateModified":"2023-03-09T14:16:54+00:00","description":"Ba uitbating - Ba na levering - Dek jezelf in tegen schade aan derden of schade die plaatsvindt tijdens een levering.","breadcrumb":{"@id":"https:\/\/www.transport-insurances.com\/ba-uitbating-ba-na-levering\/#breadcrumb"},"inLanguage":"pl-PL","potentialAction":[{"@type":"ReadAction","target":["https:\/\/www.transport-insurances.com\/ba-uitbating-ba-na-levering\/"]}]},{"@type":"BreadcrumbList","@id":"https:\/\/www.transport-insurances.com\/ba-uitbating-ba-na-levering\/#breadcrumb","itemListElement":[{"@type":"ListItem","position":1,"name":"Home","item":"https:\/\/www.transport-insurances.com\/"},{"@type":"ListItem","position":2,"name":"BA UITBATING &#038; BA NA LEVERING"}]},{"@type":"WebSite","@id":"https:\/\/www.transport-insurances.com\/#website","url":"https:\/\/www.transport-insurances.com\/","name":"TRANSPORT INSURANCE PACKAGE","description":"Goed verzekerd en veilig de baan op","potentialAction":[{"@type":"SearchAction","target":{"@type":"EntryPoint","urlTemplate":"https:\/\/www.transport-insurances.com\/?s={search_term_string}"},"query-input":{"@type":"PropertyValueSpecification","valueRequired":true,"valueName":"search_term_string"}}],"inLanguage":"pl-PL"}]}},"_links":{"self":[{"href":"https:\/\/www.transport-insurances.com\/pl\/wp-json\/wp\/v2\/pages\/1215","targetHints":{"allow":["GET"]}}],"collection":[{"href":"https:\/\/www.transport-insurances.com\/pl\/wp-json\/wp\/v2\/pages"}],"about":[{"href":"https:\/\/www.transport-insurances.com\/pl\/wp-json\/wp\/v2\/types\/page"}],"author":[{"embeddable":true,"href":"https:\/\/www.transport-insurances.com\/pl\/wp-json\/wp\/v2\/users\/1"}],"replies":[{"embeddable":true,"href":"https:\/\/www.transport-insurances.com\/pl\/wp-json\/wp\/v2\/comments?post=1215"}],"version-history":[{"count":1,"href":"https:\/\/www.transport-insurances.com\/pl\/wp-json\/wp\/v2\/pages\/1215\/revisions"}],"predecessor-version":[{"id":2604,"href":"https:\/\/www.transport-insurances.com\/pl\/wp-json\/wp\/v2\/pages\/1215\/revisions\/2604"}],"wp:attachment":[{"href":"https:\/\/www.transport-insurances.com\/pl\/wp-json\/wp\/v2\/media?parent=1215"}],"curies":[{"name":"wp","href":"https:\/\/api.w.org\/{rel}","templated":true}]}}