{"id":1213,"date":"2020-10-16T12:23:10","date_gmt":"2020-10-16T10:23:10","guid":{"rendered":"https:\/\/transport-insurances.com\/?page_id=1213"},"modified":"2023-03-09T15:26:49","modified_gmt":"2023-03-09T14:26:49","slug":"cta-container-traileraansprakelijkheid","status":"publish","type":"page","link":"https:\/\/www.transport-insurances.com\/pl\/cta-container-traileraansprakelijkheid\/","title":{"rendered":"CTA : ODPOWIEDZIALNO\u015a\u0106 ZA KONTENER I PRZYCZEP\u0118"},"content":{"rendered":"<section class=\"wpb-content-wrapper\"><div data-vc-full-width=\"true\" data-vc-full-width-init=\"false\" data-vc-stretch-content=\"true\" class=\"vc_row wpb_row vc_row-fluid vc_row-no-padding\"><div class=\"wpb_column vc_column_container vc_col-sm-12 sc_layouts_column_icons_position_left\"><div class=\"vc_column-inner\"><div class=\"wpb_wrapper\"><div class=\"vc_empty_space\"   style=\"height: 12em\"><span class=\"vc_empty_space_inner\"><\/span><\/div><\/div><\/div><\/div><\/div><div class=\"vc_row-full-width vc_clearfix\"><\/div><div class=\"vc_row wpb_row vc_row-fluid\"><div class=\"wpb_column vc_column_container vc_col-sm-12 sc_layouts_column_icons_position_left\"><div class=\"vc_column-inner\"><div class=\"wpb_wrapper\"><div class=\"vc_empty_space\"   style=\"height: 3.5em\"><span class=\"vc_empty_space_inner\"><\/span><\/div><div id=\"sc_icons_237754923\" \n\tclass=\"sc_icons sc_icons_default sc_icons_size_large sc_align_left\"><div class=\"sc_icons_item\"><div id=\"sc_icons_237754923_icon-box\" class=\"sc_icons_icon sc_icon_type_fontawesome icon-box\"\n\t\t\t\t\t\t style=\"color: #f4ba08\"\t\t\t\t\t\t><span class=\"sc_icon_type_fontawesome icon-box\" style=\"color: #f4ba08\"><\/span><\/div><\/div><\/div><!-- \/.sc_icons --><div class=\"vc_empty_space\"   style=\"height: 3.5em\"><span class=\"vc_empty_space_inner\"><\/span><\/div><div id=\"sc_title_194007002\"\n\t\tclass=\"sc_title sc_title_default\"><h2 class=\"sc_item_title sc_title_title sc_align_left sc_item_title_style_default\">CTA : ODPOWIEDZIALNO\u015a\u0106 ZA KONTENER I PRZYCZEP\u0118<\/h2><\/div><!-- \/.sc_title --><div class=\"vc_empty_space\"   style=\"height: 3.5em\"><span class=\"vc_empty_space_inner\"><\/span><\/div><\/div><\/div><\/div><\/div><div class=\"vc_row wpb_row vc_row-fluid\"><div class=\"wpb_column vc_column_container vc_col-sm-12 sc_layouts_column_icons_position_left\"><div class=\"vc_column-inner\"><div class=\"wpb_wrapper\">\n\t<div class=\"wpb_text_column wpb_content_element\" >\n\t\t<div class=\"wpb_wrapper\">\n\t\t\t<p>Ubezpieczenie odpowiedzialno\u015bci cywilnej z tytu\u0142u u\u017cytkowania kontener\u00f3w i naczep, w skr\u00f3cie CTA, jest interesuj\u0105ce, je\u015bli regularnie wynajmujesz lub wypo\u017cyczasz kontenery, naczepy, ... wynajem lub po\u017cyczenie. Ubezpieczenie to b\u0119dzie interweniowa\u0107 w przypadku uszkodzenia lub utraty takiego wypo\u017cyczonego sprz\u0119tu.<\/p>\n\n\t\t<\/div>\n\t<\/div>\n<div class=\"vc_separator wpb_content_element vc_separator_align_center vc_sep_width_100 vc_sep_pos_align_center vc_separator_no_text vc_sep_color_grey\" ><span class=\"vc_sep_holder vc_sep_holder_l\"><span class=\"vc_sep_line\"><\/span><\/span><span class=\"vc_sep_holder vc_sep_holder_r\"><span class=\"vc_sep_line\"><\/span><\/span>\n<\/div><h3 style=\"color: #f4ba08;text-align: left;font-family:Montserrat;font-weight:700;font-style:normal\" class=\"vc_custom_heading\" >Bezpiecznie na drodze z wynaj\u0119tymi kontenerami<\/h3><div class=\"vc_empty_space\"   style=\"height: 1.5em\"><span class=\"vc_empty_space_inner\"><\/span><\/div>\n\t<div class=\"wpb_text_column wpb_content_element\" >\n\t\t<div class=\"wpb_wrapper\">\n\t\t\t<p>Polisa CTA obejmuje wszystkie wynajmowane naczepy, kontenery, przyczepy, naczepy i podwozia kontenerowe, kt\u00f3re ulegaj\u0105 uszkodzeniom na trasie. Pomy\u015bl na przyk\u0142ad o po\u017carze lub utracie wypo\u017cyczonych przedmiot\u00f3w. To ubezpieczenie nie jest specyficzne dla lokalizacji i mo\u017ce by\u0107 stosowane do roszcze\u0144 w kraju i\/lub za granic\u0105. Ubezpieczenie CTA interweniuje r\u00f3wnie\u017c, gdy szkoda wyst\u0105pi podczas transportu towar\u00f3w mi\u0119dzy r\u00f3\u017cnymi krajami.<\/p>\n\n\t\t<\/div>\n\t<\/div>\n<div class=\"vc_separator wpb_content_element vc_separator_align_center vc_sep_width_100 vc_sep_pos_align_center vc_separator_no_text vc_sep_color_grey\" ><span class=\"vc_sep_holder vc_sep_holder_l\"><span class=\"vc_sep_line\"><\/span><\/span><span class=\"vc_sep_holder vc_sep_holder_r\"><span class=\"vc_sep_line\"><\/span><\/span>\n<\/div><h3 style=\"color: #f4ba08;text-align: left;font-family:Montserrat;font-weight:700;font-style:normal\" class=\"vc_custom_heading\" >Co obejmuje ubezpieczenie ?<\/h3><div class=\"vc_empty_space\"   style=\"height: 1.5em\"><span class=\"vc_empty_space_inner\"><\/span><\/div>\n\t<div class=\"wpb_text_column wpb_content_element\" >\n\t\t<div class=\"wpb_wrapper\">\n\t\t\t<ul>\n<li><span style=\"color: #f4ba08;\">Utrata lub uszkodzenie spowodowane<\/span> po\u017carem, zderzeniem, eksplozj\u0105 lub uderzeniem pioruna<\/li>\n<li>Odpowiedzialno\u015b\u0107 cywilna i <span style=\"color: #f4ba08;\">kontraktowa wobec w\u0142a\u015bciciela<\/span><\/li>\n<li><span style=\"color: #f4ba08;\">Ubezpieczeniem<\/span> s\u0105 obj\u0119te tak\u017ce koszty awarii i zwi\u0105zane z nimi koszty dodatkowe<\/li>\n<\/ul>\n<p>Standardowo ubezpieczamy kwot\u0119 25.000 \u20ac w ramach pierwszego ryzyka.<\/p>\n\n\t\t<\/div>\n\t<\/div>\n<div class=\"vc_empty_space\"   style=\"height: 6em\"><span class=\"vc_empty_space_inner\"><\/span><\/div><\/div><\/div><\/div><\/div><div data-vc-full-width=\"true\" data-vc-full-width-init=\"false\" class=\"vc_row wpb_row vc_row-fluid vc_custom_1675696951203 vc_row-has-fill scheme_dark\"><div class=\"wpb_column vc_column_container vc_col-sm-12 sc_layouts_column_icons_position_left\"><div class=\"vc_column-inner\"><div class=\"wpb_wrapper\"><div class=\"vc_empty_space\"   style=\"height: 3.5em\"><span class=\"vc_empty_space_inner\"><\/span><\/div><div id=\"sc_title_1832895698\"\n\t\tclass=\"scheme_dark sc_title sc_title_default\"><h2 class=\"sc_item_title sc_title_title sc_align_center sc_item_title_style_default\">Oblicz sk\u0142adk\u0119 za pakiet<\/h2><div class=\"sc_item_descr sc_title_descr sc_align_center\">Tutaj mo\u017cesz w \u0142atwo obliczy\u0107 sk\u0142adk\u0119 za swoje ubezpieczenie.<\/div><\/div><!-- \/.sc_title --><div class=\"vc_empty_space\"   style=\"height: 2em\"><span class=\"vc_empty_space_inner\"><\/span><\/div><div class=\"sc_item_button sc_button_wrap sc_align_center\"><a href=\"https:\/\/www.transport-insurances.com\/pl\/premie\/\" id=\"sc_button_800173342\" class=\"sc_button sc_button_default sc_button_size_large sc_button_icon_right\"><span class=\"sc_button_icon\"><span class=\"icon-right\"><\/span><\/span><span class=\"sc_button_text\"><span class=\"sc_button_title\">Oblicz tutaj<\/span><\/span><!-- \/.sc_button_text --><\/a><!-- \/.sc_button --><\/div><!-- \/.sc_item_button --><div class=\"vc_empty_space\"   style=\"height: 2em\"><span class=\"vc_empty_space_inner\"><\/span><\/div><\/div><\/div><\/div><\/div><div class=\"vc_row-full-width vc_clearfix\"><\/div>\n<\/section>","protected":false},"excerpt":{"rendered":"CTA: CONTAINER-TRAILERAANSPRAKELIJKHEID Een verzekering container-traileraansprakelijkheid, kortweg CTA, is interessant wanneer u regelmatig containers, trailers, aanhangwagens, \u2026 huurt of leent. Deze verzekering komt tussen bij schade of verlies van dergelijk gehuurd materiaal. Veilig op weg met gehuurde containers Een polis CTA komt tussen voor alle gehuurde opleggers, containers, aanhangwagens, trailers en containerchassis die schade lijden onderweg. Denk bijvoorbeeld aan brand of&hellip;","protected":false},"author":1,"featured_media":0,"parent":0,"menu_order":0,"comment_status":"closed","ping_status":"closed","template":"","meta":{"footnotes":""},"class_list":["post-1213","page","type-page","status-publish","hentry"],"yoast_head":"<!-- This site is optimized with the Yoast SEO plugin v23.9 - https:\/\/yoast.com\/wordpress\/plugins\/seo\/ -->\n<title>CTA: CONTAINER-TRAILERAANSPRAKELIJKHEID - TRANSPORT INSURANCE PACKAGE<\/title>\n<meta name=\"description\" content=\"CTA - Voert u transport uit met trailers of containers dan is een CTA zeker geen overbodige luxe.\" \/>\n<meta name=\"robots\" content=\"index, follow, max-snippet:-1, max-image-preview:large, max-video-preview:-1\" \/>\n<link rel=\"canonical\" href=\"https:\/\/www.transport-insurances.com\/pl\/cta-container-traileraansprakelijkheid\/\" \/>\n<meta property=\"og:locale\" content=\"pl_PL\" \/>\n<meta property=\"og:type\" content=\"article\" \/>\n<meta property=\"og:title\" content=\"CTA: CONTAINER-TRAILERAANSPRAKELIJKHEID - TRANSPORT INSURANCE PACKAGE\" \/>\n<meta property=\"og:description\" content=\"CTA - Voert u transport uit met trailers of containers dan is een CTA zeker geen overbodige luxe.\" \/>\n<meta property=\"og:url\" content=\"https:\/\/www.transport-insurances.com\/pl\/cta-container-traileraansprakelijkheid\/\" \/>\n<meta property=\"og:site_name\" content=\"TRANSPORT INSURANCE PACKAGE\" \/>\n<meta property=\"article:modified_time\" content=\"2023-03-09T14:26:49+00:00\" \/>\n<meta name=\"twitter:card\" content=\"summary_large_image\" \/>\n<meta name=\"twitter:label1\" content=\"Szacowany czas czytania\" \/>\n\t<meta name=\"twitter:data1\" content=\"2 minuty\" \/>\n<script type=\"application\/ld+json\" class=\"yoast-schema-graph\">{\"@context\":\"https:\/\/schema.org\",\"@graph\":[{\"@type\":\"WebPage\",\"@id\":\"https:\/\/www.transport-insurances.com\/cta-container-traileraansprakelijkheid\/\",\"url\":\"https:\/\/www.transport-insurances.com\/cta-container-traileraansprakelijkheid\/\",\"name\":\"CTA: CONTAINER-TRAILERAANSPRAKELIJKHEID - TRANSPORT INSURANCE PACKAGE\",\"isPartOf\":{\"@id\":\"https:\/\/www.transport-insurances.com\/#website\"},\"datePublished\":\"2020-10-16T10:23:10+00:00\",\"dateModified\":\"2023-03-09T14:26:49+00:00\",\"description\":\"CTA - Voert u transport uit met trailers of containers dan is een CTA zeker geen overbodige luxe.\",\"breadcrumb\":{\"@id\":\"https:\/\/www.transport-insurances.com\/cta-container-traileraansprakelijkheid\/#breadcrumb\"},\"inLanguage\":\"pl-PL\",\"potentialAction\":[{\"@type\":\"ReadAction\",\"target\":[\"https:\/\/www.transport-insurances.com\/cta-container-traileraansprakelijkheid\/\"]}]},{\"@type\":\"BreadcrumbList\",\"@id\":\"https:\/\/www.transport-insurances.com\/cta-container-traileraansprakelijkheid\/#breadcrumb\",\"itemListElement\":[{\"@type\":\"ListItem\",\"position\":1,\"name\":\"Home\",\"item\":\"https:\/\/www.transport-insurances.com\/\"},{\"@type\":\"ListItem\",\"position\":2,\"name\":\"CTA: CONTAINER-TRAILERAANSPRAKELIJKHEID\"}]},{\"@type\":\"WebSite\",\"@id\":\"https:\/\/www.transport-insurances.com\/#website\",\"url\":\"https:\/\/www.transport-insurances.com\/\",\"name\":\"TRANSPORT INSURANCE PACKAGE\",\"description\":\"Goed verzekerd en veilig de baan op\",\"potentialAction\":[{\"@type\":\"SearchAction\",\"target\":{\"@type\":\"EntryPoint\",\"urlTemplate\":\"https:\/\/www.transport-insurances.com\/?s={search_term_string}\"},\"query-input\":{\"@type\":\"PropertyValueSpecification\",\"valueRequired\":true,\"valueName\":\"search_term_string\"}}],\"inLanguage\":\"pl-PL\"}]}<\/script>\n<!-- \/ Yoast SEO plugin. -->","yoast_head_json":{"title":"CTA: CONTAINER-TRAILERAANSPRAKELIJKHEID - TRANSPORT INSURANCE PACKAGE","description":"CTA - Voert u transport uit met trailers of containers dan is een CTA zeker geen overbodige luxe.","robots":{"index":"index","follow":"follow","max-snippet":"max-snippet:-1","max-image-preview":"max-image-preview:large","max-video-preview":"max-video-preview:-1"},"canonical":"https:\/\/www.transport-insurances.com\/pl\/cta-container-traileraansprakelijkheid\/","og_locale":"pl_PL","og_type":"article","og_title":"CTA: CONTAINER-TRAILERAANSPRAKELIJKHEID - TRANSPORT INSURANCE PACKAGE","og_description":"CTA - Voert u transport uit met trailers of containers dan is een CTA zeker geen overbodige luxe.","og_url":"https:\/\/www.transport-insurances.com\/pl\/cta-container-traileraansprakelijkheid\/","og_site_name":"TRANSPORT INSURANCE PACKAGE","article_modified_time":"2023-03-09T14:26:49+00:00","twitter_card":"summary_large_image","twitter_misc":{"Szacowany czas czytania":"2 minuty"},"schema":{"@context":"https:\/\/schema.org","@graph":[{"@type":"WebPage","@id":"https:\/\/www.transport-insurances.com\/cta-container-traileraansprakelijkheid\/","url":"https:\/\/www.transport-insurances.com\/cta-container-traileraansprakelijkheid\/","name":"CTA: CONTAINER-TRAILERAANSPRAKELIJKHEID - TRANSPORT INSURANCE PACKAGE","isPartOf":{"@id":"https:\/\/www.transport-insurances.com\/#website"},"datePublished":"2020-10-16T10:23:10+00:00","dateModified":"2023-03-09T14:26:49+00:00","description":"CTA - Voert u transport uit met trailers of containers dan is een CTA zeker geen overbodige luxe.","breadcrumb":{"@id":"https:\/\/www.transport-insurances.com\/cta-container-traileraansprakelijkheid\/#breadcrumb"},"inLanguage":"pl-PL","potentialAction":[{"@type":"ReadAction","target":["https:\/\/www.transport-insurances.com\/cta-container-traileraansprakelijkheid\/"]}]},{"@type":"BreadcrumbList","@id":"https:\/\/www.transport-insurances.com\/cta-container-traileraansprakelijkheid\/#breadcrumb","itemListElement":[{"@type":"ListItem","position":1,"name":"Home","item":"https:\/\/www.transport-insurances.com\/"},{"@type":"ListItem","position":2,"name":"CTA: CONTAINER-TRAILERAANSPRAKELIJKHEID"}]},{"@type":"WebSite","@id":"https:\/\/www.transport-insurances.com\/#website","url":"https:\/\/www.transport-insurances.com\/","name":"TRANSPORT INSURANCE PACKAGE","description":"Goed verzekerd en veilig de baan op","potentialAction":[{"@type":"SearchAction","target":{"@type":"EntryPoint","urlTemplate":"https:\/\/www.transport-insurances.com\/?s={search_term_string}"},"query-input":{"@type":"PropertyValueSpecification","valueRequired":true,"valueName":"search_term_string"}}],"inLanguage":"pl-PL"}]}},"_links":{"self":[{"href":"https:\/\/www.transport-insurances.com\/pl\/wp-json\/wp\/v2\/pages\/1213","targetHints":{"allow":["GET"]}}],"collection":[{"href":"https:\/\/www.transport-insurances.com\/pl\/wp-json\/wp\/v2\/pages"}],"about":[{"href":"https:\/\/www.transport-insurances.com\/pl\/wp-json\/wp\/v2\/types\/page"}],"author":[{"embeddable":true,"href":"https:\/\/www.transport-insurances.com\/pl\/wp-json\/wp\/v2\/users\/1"}],"replies":[{"embeddable":true,"href":"https:\/\/www.transport-insurances.com\/pl\/wp-json\/wp\/v2\/comments?post=1213"}],"version-history":[{"count":1,"href":"https:\/\/www.transport-insurances.com\/pl\/wp-json\/wp\/v2\/pages\/1213\/revisions"}],"predecessor-version":[{"id":2608,"href":"https:\/\/www.transport-insurances.com\/pl\/wp-json\/wp\/v2\/pages\/1213\/revisions\/2608"}],"wp:attachment":[{"href":"https:\/\/www.transport-insurances.com\/pl\/wp-json\/wp\/v2\/media?parent=1213"}],"curies":[{"name":"wp","href":"https:\/\/api.w.org\/{rel}","templated":true}]}}