{"id":1207,"date":"2020-10-16T12:13:48","date_gmt":"2020-10-16T10:13:48","guid":{"rendered":"https:\/\/transport-insurances.com\/?page_id=1207"},"modified":"2023-03-09T15:29:32","modified_gmt":"2023-03-09T14:29:32","slug":"omnium-vrachtwagen-trekker","status":"publish","type":"page","link":"https:\/\/www.transport-insurances.com\/pl\/omnium-vrachtwagen-trekker\/","title":{"rendered":"7. UBEZPIECZENIE AC DLA CI\u0118\u017bAR\u00d3WKI \/ CI\u0104GNIKA SIOD\u0141OWEGO"},"content":{"rendered":"<section class=\"wpb-content-wrapper\"><div data-vc-full-width=\"true\" data-vc-full-width-init=\"false\" data-vc-stretch-content=\"true\" class=\"vc_row wpb_row vc_row-fluid vc_row-no-padding\"><div class=\"wpb_column vc_column_container vc_col-sm-12 sc_layouts_column_icons_position_left\"><div class=\"vc_column-inner\"><div class=\"wpb_wrapper\"><div class=\"vc_empty_space\"   style=\"height: 12em\"><span class=\"vc_empty_space_inner\"><\/span><\/div><\/div><\/div><\/div><\/div><div class=\"vc_row-full-width vc_clearfix\"><\/div><div class=\"vc_row wpb_row vc_row-fluid\"><div class=\"wpb_column vc_column_container vc_col-sm-12 sc_layouts_column_icons_position_left\"><div class=\"vc_column-inner\"><div class=\"wpb_wrapper\"><div class=\"vc_empty_space\"   style=\"height: 3.5em\"><span class=\"vc_empty_space_inner\"><\/span><\/div><div id=\"sc_icons_72523940\" \n\tclass=\"sc_icons sc_icons_default sc_icons_size_large sc_align_left\"><div class=\"sc_icons_item\"><div id=\"sc_icons_72523940_icon-paper-plane\" class=\"sc_icons_icon sc_icon_type_fontawesome icon-paper-plane\"\n\t\t\t\t\t\t style=\"color: #f4ba08\"\t\t\t\t\t\t><span class=\"sc_icon_type_fontawesome icon-paper-plane\" style=\"color: #f4ba08\"><\/span><\/div><\/div><\/div><!-- \/.sc_icons --><div class=\"vc_empty_space\"   style=\"height: 3.5em\"><span class=\"vc_empty_space_inner\"><\/span><\/div><div id=\"sc_title_547301064\"\n\t\tclass=\"sc_title sc_title_default\"><h2 class=\"sc_item_title sc_title_title sc_align_left sc_item_title_style_default\">7. UBEZPIECZENIE AC DLA CI\u0118\u017bAR\u00d3WKI \/ CI\u0104GNIKA SIOD\u0141OWEGO<\/h2><\/div><!-- \/.sc_title --><div class=\"vc_empty_space\"   style=\"height: 3.5em\"><span class=\"vc_empty_space_inner\"><\/span><\/div><\/div><\/div><\/div><\/div><div class=\"vc_row wpb_row vc_row-fluid\"><div class=\"wpb_column vc_column_container vc_col-sm-12 sc_layouts_column_icons_position_left\"><div class=\"vc_column-inner\"><div class=\"wpb_wrapper\">\n\t<div class=\"wpb_text_column wpb_content_element\" >\n\t\t<div class=\"wpb_wrapper\">\n\t\t\t<p>Ubezpieczenie Autocasco jest niezwykle przydatne w przypadku pojazd\u00f3w u\u017cytkowanych.  Istnieje szereg specyficznych pokry\u0107 ubezpieczeniowych, takich jak szkody spowodowane przez \u0142adunek.  Ponadto ubezpieczenie casco robi oczywi\u015bcie to, co do niego nale\u017cy: pokrywa w\u0142asne szkody.<\/p>\n\n\t\t<\/div>\n\t<\/div>\n<div class=\"vc_separator wpb_content_element vc_separator_align_center vc_sep_width_100 vc_sep_pos_align_center vc_separator_no_text vc_sep_color_grey\" ><span class=\"vc_sep_holder vc_sep_holder_l\"><span class=\"vc_sep_line\"><\/span><\/span><span class=\"vc_sep_holder vc_sep_holder_r\"><span class=\"vc_sep_line\"><\/span><\/span>\n<\/div><h3 style=\"color: #f4ba08;text-align: left;font-family:Montserrat;font-weight:700;font-style:normal\" class=\"vc_custom_heading\" >Dopasowane do bran\u017cy transportowej<\/h3><div class=\"vc_empty_space\"   style=\"height: 1.5em\"><span class=\"vc_empty_space_inner\"><\/span><\/div>\n\t<div class=\"wpb_text_column wpb_content_element\" >\n\t\t<div class=\"wpb_wrapper\">\n\t\t\t<p>Nowa ci\u0119\u017car\u00f3wka lub ci\u0105gnik siod\u0142owy?  Ubezpieczenie casco obejmuje wiele mo\u017cliwych szk\u00f3d. Kwota jest ustalana z g\u00f3ry jako limit interwencji za po\u015brednictwem systemu zabezpieczenia ryzyka. Polisa obejmuje r\u00f3wnie\u017c wszelkie koszty awarii i repatriacji. Mo\u017cesz r\u00f3wnie\u017c liczy\u0107 na odszkodowanie za ka\u017cdy dzie\u0144, w kt\u00f3rym pojazd nie mo\u017ce by\u0107 u\u017cywany (utrata zarobku).<\/p>\n\n\t\t<\/div>\n\t<\/div>\n<div class=\"vc_separator wpb_content_element vc_separator_align_center vc_sep_width_100 vc_sep_pos_align_center vc_separator_no_text vc_sep_color_grey\" ><span class=\"vc_sep_holder vc_sep_holder_l\"><span class=\"vc_sep_line\"><\/span><\/span><span class=\"vc_sep_holder vc_sep_holder_r\"><span class=\"vc_sep_line\"><\/span><\/span>\n<\/div><h3 style=\"color: #f4ba08;text-align: left;font-family:Montserrat;font-weight:700;font-style:normal\" class=\"vc_custom_heading\" >Co obejmuje ubezpieczenie ?<\/h3><div class=\"vc_empty_space\"   style=\"height: 1.5em\"><span class=\"vc_empty_space_inner\"><\/span><\/div>\n\t<div class=\"wpb_text_column wpb_content_element\" >\n\t\t<div class=\"wpb_wrapper\">\n\t\t\t<ul>\n<li>Szkody w\u0142asne, pot\u0142uczone szk\u0142o, po\u017car, kradzie\u017c, si\u0142y natury<\/li>\n<li>Specjalne rozszerzenia dla transportu:\n<ul>\n<li>Prosty k\u0105t<\/li>\n<li>Brakuj\u0105ce i za\u0107mienie<\/li>\n<li>Przewr\u00f3cenie, kolizja naczepy z ci\u0105gnikiem w\u0142asnym<\/li>\n<li>Uszkodzenia spowodowane przez \u0142adunek<\/li>\n<\/ul>\n<\/li>\n<li>Mo\u017cliwe jest r\u00f3wnie\u017c ma\u0142e omnium, nie obejmuje to w\u0142asnych szk\u00f3d<\/li>\n<\/ul>\n\n\t\t<\/div>\n\t<\/div>\n<div class=\"vc_empty_space\"   style=\"height: 6em\"><span class=\"vc_empty_space_inner\"><\/span><\/div><\/div><\/div><\/div><\/div><div data-vc-full-width=\"true\" data-vc-full-width-init=\"false\" class=\"vc_row wpb_row vc_row-fluid vc_custom_1675697033090 vc_row-has-fill scheme_dark\"><div class=\"wpb_column vc_column_container vc_col-sm-12 sc_layouts_column_icons_position_left\"><div class=\"vc_column-inner\"><div class=\"wpb_wrapper\"><div class=\"vc_empty_space\"   style=\"height: 3.5em\"><span class=\"vc_empty_space_inner\"><\/span><\/div><div id=\"sc_title_687252364\"\n\t\tclass=\"scheme_dark sc_title sc_title_default\"><h2 class=\"sc_item_title sc_title_title sc_align_center sc_item_title_style_default\">Oblicz sk\u0142adk\u0119 za pakiet<\/h2><div class=\"sc_item_descr sc_title_descr sc_align_center\">Tutaj mo\u017cesz w \u0142atwo obliczy\u0107 sk\u0142adk\u0119 za swoje ubezpieczenie.<\/div><\/div><!-- \/.sc_title --><div class=\"vc_empty_space\"   style=\"height: 2em\"><span class=\"vc_empty_space_inner\"><\/span><\/div><div class=\"sc_item_button sc_button_wrap sc_align_center\"><a href=\"https:\/\/www.transport-insurances.com\/pl\/premie\/\" id=\"sc_button_2082305612\" class=\"sc_button sc_button_default sc_button_size_large sc_button_icon_right\"><span class=\"sc_button_icon\"><span class=\"icon-right\"><\/span><\/span><span class=\"sc_button_text\"><span class=\"sc_button_title\">Oblicz tutaj<\/span><\/span><!-- \/.sc_button_text --><\/a><!-- \/.sc_button --><\/div><!-- \/.sc_item_button --><div class=\"vc_empty_space\"   style=\"height: 2em\"><span class=\"vc_empty_space_inner\"><\/span><\/div><\/div><\/div><\/div><\/div><div class=\"vc_row-full-width vc_clearfix\"><\/div>\n<\/section>","protected":false},"excerpt":{"rendered":"OMNIUM VRACHTWAGEN \/ TREKKER Een omniumverzekering is voor bedrijfsvoertuigen uiterst nuttig. Er zijn namelijk een aantal specifieke dekkingen zoals schade door lading. Daarnaast doet de omnium uiteraard wat hij hoort te doen: eigen schade dekken. Op maat van de transportsector Een nieuwe vrachtwagen of trekker? Een omniumverzekering dekt heel wat mogelijke schade. Via het systeem van dekking in eerste risico&hellip;","protected":false},"author":1,"featured_media":0,"parent":0,"menu_order":0,"comment_status":"closed","ping_status":"closed","template":"","meta":{"footnotes":""},"class_list":["post-1207","page","type-page","status-publish","hentry"],"yoast_head":"<!-- This site is optimized with the Yoast SEO plugin v23.9 - https:\/\/yoast.com\/wordpress\/plugins\/seo\/ -->\n<title>OMNIUM VRACHTWAGEN \/ TREKKER - TRANSPORT INSURANCE PACKAGE<\/title>\n<meta name=\"description\" content=\"Omnium vrachtwagen - Omnium trekker - Hebt u een trekker of een vrachtwagen? Dan kunt u hier ook een omnium voor afsluiten.\" \/>\n<meta name=\"robots\" content=\"index, follow, max-snippet:-1, max-image-preview:large, max-video-preview:-1\" \/>\n<link rel=\"canonical\" href=\"https:\/\/www.transport-insurances.com\/pl\/omnium-vrachtwagen-trekker\/\" \/>\n<meta property=\"og:locale\" content=\"pl_PL\" \/>\n<meta property=\"og:type\" content=\"article\" \/>\n<meta property=\"og:title\" content=\"OMNIUM VRACHTWAGEN \/ TREKKER - TRANSPORT INSURANCE PACKAGE\" \/>\n<meta property=\"og:description\" content=\"Omnium vrachtwagen - Omnium trekker - Hebt u een trekker of een vrachtwagen? Dan kunt u hier ook een omnium voor afsluiten.\" \/>\n<meta property=\"og:url\" content=\"https:\/\/www.transport-insurances.com\/pl\/omnium-vrachtwagen-trekker\/\" \/>\n<meta property=\"og:site_name\" content=\"TRANSPORT INSURANCE PACKAGE\" \/>\n<meta property=\"article:modified_time\" content=\"2023-03-09T14:29:32+00:00\" \/>\n<meta name=\"twitter:card\" content=\"summary_large_image\" \/>\n<meta name=\"twitter:label1\" content=\"Szacowany czas czytania\" \/>\n\t<meta name=\"twitter:data1\" content=\"2 minuty\" \/>\n<script type=\"application\/ld+json\" class=\"yoast-schema-graph\">{\"@context\":\"https:\/\/schema.org\",\"@graph\":[{\"@type\":\"WebPage\",\"@id\":\"https:\/\/www.transport-insurances.com\/pl\/omnium-vrachtwagen-trekker\/\",\"url\":\"https:\/\/www.transport-insurances.com\/pl\/omnium-vrachtwagen-trekker\/\",\"name\":\"OMNIUM VRACHTWAGEN \/ TREKKER - TRANSPORT INSURANCE PACKAGE\",\"isPartOf\":{\"@id\":\"https:\/\/www.transport-insurances.com\/#website\"},\"datePublished\":\"2020-10-16T10:13:48+00:00\",\"dateModified\":\"2023-03-09T14:29:32+00:00\",\"description\":\"Omnium vrachtwagen - Omnium trekker - Hebt u een trekker of een vrachtwagen? Dan kunt u hier ook een omnium voor afsluiten.\",\"breadcrumb\":{\"@id\":\"https:\/\/www.transport-insurances.com\/pl\/omnium-vrachtwagen-trekker\/#breadcrumb\"},\"inLanguage\":\"pl-PL\",\"potentialAction\":[{\"@type\":\"ReadAction\",\"target\":[\"https:\/\/www.transport-insurances.com\/pl\/omnium-vrachtwagen-trekker\/\"]}]},{\"@type\":\"BreadcrumbList\",\"@id\":\"https:\/\/www.transport-insurances.com\/pl\/omnium-vrachtwagen-trekker\/#breadcrumb\",\"itemListElement\":[{\"@type\":\"ListItem\",\"position\":1,\"name\":\"Home\",\"item\":\"https:\/\/www.transport-insurances.com\/\"},{\"@type\":\"ListItem\",\"position\":2,\"name\":\"OMNIUM VRACHTWAGEN \/ TREKKER\"}]},{\"@type\":\"WebSite\",\"@id\":\"https:\/\/www.transport-insurances.com\/#website\",\"url\":\"https:\/\/www.transport-insurances.com\/\",\"name\":\"TRANSPORT INSURANCE PACKAGE\",\"description\":\"Goed verzekerd en veilig de baan op\",\"potentialAction\":[{\"@type\":\"SearchAction\",\"target\":{\"@type\":\"EntryPoint\",\"urlTemplate\":\"https:\/\/www.transport-insurances.com\/?s={search_term_string}\"},\"query-input\":{\"@type\":\"PropertyValueSpecification\",\"valueRequired\":true,\"valueName\":\"search_term_string\"}}],\"inLanguage\":\"pl-PL\"}]}<\/script>\n<!-- \/ Yoast SEO plugin. -->","yoast_head_json":{"title":"OMNIUM VRACHTWAGEN \/ TREKKER - TRANSPORT INSURANCE PACKAGE","description":"Omnium vrachtwagen - Omnium trekker - Hebt u een trekker of een vrachtwagen? Dan kunt u hier ook een omnium voor afsluiten.","robots":{"index":"index","follow":"follow","max-snippet":"max-snippet:-1","max-image-preview":"max-image-preview:large","max-video-preview":"max-video-preview:-1"},"canonical":"https:\/\/www.transport-insurances.com\/pl\/omnium-vrachtwagen-trekker\/","og_locale":"pl_PL","og_type":"article","og_title":"OMNIUM VRACHTWAGEN \/ TREKKER - TRANSPORT INSURANCE PACKAGE","og_description":"Omnium vrachtwagen - Omnium trekker - Hebt u een trekker of een vrachtwagen? Dan kunt u hier ook een omnium voor afsluiten.","og_url":"https:\/\/www.transport-insurances.com\/pl\/omnium-vrachtwagen-trekker\/","og_site_name":"TRANSPORT INSURANCE PACKAGE","article_modified_time":"2023-03-09T14:29:32+00:00","twitter_card":"summary_large_image","twitter_misc":{"Szacowany czas czytania":"2 minuty"},"schema":{"@context":"https:\/\/schema.org","@graph":[{"@type":"WebPage","@id":"https:\/\/www.transport-insurances.com\/pl\/omnium-vrachtwagen-trekker\/","url":"https:\/\/www.transport-insurances.com\/pl\/omnium-vrachtwagen-trekker\/","name":"OMNIUM VRACHTWAGEN \/ TREKKER - TRANSPORT INSURANCE PACKAGE","isPartOf":{"@id":"https:\/\/www.transport-insurances.com\/#website"},"datePublished":"2020-10-16T10:13:48+00:00","dateModified":"2023-03-09T14:29:32+00:00","description":"Omnium vrachtwagen - Omnium trekker - Hebt u een trekker of een vrachtwagen? Dan kunt u hier ook een omnium voor afsluiten.","breadcrumb":{"@id":"https:\/\/www.transport-insurances.com\/pl\/omnium-vrachtwagen-trekker\/#breadcrumb"},"inLanguage":"pl-PL","potentialAction":[{"@type":"ReadAction","target":["https:\/\/www.transport-insurances.com\/pl\/omnium-vrachtwagen-trekker\/"]}]},{"@type":"BreadcrumbList","@id":"https:\/\/www.transport-insurances.com\/pl\/omnium-vrachtwagen-trekker\/#breadcrumb","itemListElement":[{"@type":"ListItem","position":1,"name":"Home","item":"https:\/\/www.transport-insurances.com\/"},{"@type":"ListItem","position":2,"name":"OMNIUM VRACHTWAGEN \/ TREKKER"}]},{"@type":"WebSite","@id":"https:\/\/www.transport-insurances.com\/#website","url":"https:\/\/www.transport-insurances.com\/","name":"TRANSPORT INSURANCE PACKAGE","description":"Goed verzekerd en veilig de baan op","potentialAction":[{"@type":"SearchAction","target":{"@type":"EntryPoint","urlTemplate":"https:\/\/www.transport-insurances.com\/?s={search_term_string}"},"query-input":{"@type":"PropertyValueSpecification","valueRequired":true,"valueName":"search_term_string"}}],"inLanguage":"pl-PL"}]}},"_links":{"self":[{"href":"https:\/\/www.transport-insurances.com\/pl\/wp-json\/wp\/v2\/pages\/1207","targetHints":{"allow":["GET"]}}],"collection":[{"href":"https:\/\/www.transport-insurances.com\/pl\/wp-json\/wp\/v2\/pages"}],"about":[{"href":"https:\/\/www.transport-insurances.com\/pl\/wp-json\/wp\/v2\/types\/page"}],"author":[{"embeddable":true,"href":"https:\/\/www.transport-insurances.com\/pl\/wp-json\/wp\/v2\/users\/1"}],"replies":[{"embeddable":true,"href":"https:\/\/www.transport-insurances.com\/pl\/wp-json\/wp\/v2\/comments?post=1207"}],"version-history":[{"count":1,"href":"https:\/\/www.transport-insurances.com\/pl\/wp-json\/wp\/v2\/pages\/1207\/revisions"}],"predecessor-version":[{"id":2609,"href":"https:\/\/www.transport-insurances.com\/pl\/wp-json\/wp\/v2\/pages\/1207\/revisions\/2609"}],"wp:attachment":[{"href":"https:\/\/www.transport-insurances.com\/pl\/wp-json\/wp\/v2\/media?parent=1207"}],"curies":[{"name":"wp","href":"https:\/\/api.w.org\/{rel}","templated":true}]}}