{"id":2594,"date":"2023-03-09T14:12:39","date_gmt":"2023-03-09T13:12:39","guid":{"rendered":"https:\/\/www.transport-insurances.com\/?page_id=2594"},"modified":"2023-04-14T13:52:21","modified_gmt":"2023-04-14T11:52:21","slug":"cookie-policy","status":"publish","type":"page","link":"https:\/\/www.transport-insurances.com\/fr\/cookie-policy\/","title":{"rendered":"Politique relative aux cookies"},"content":{"rendered":"<section class=\"wpb-content-wrapper\"><div data-vc-full-width=\"true\" data-vc-full-width-init=\"false\" data-vc-stretch-content=\"true\" class=\"vc_row wpb_row vc_row-fluid vc_row-no-padding\"><div class=\"wpb_column vc_column_container vc_col-sm-12 sc_layouts_column_icons_position_left\"><div class=\"vc_column-inner\"><div class=\"wpb_wrapper\"><div class=\"vc_empty_space\"   style=\"height: 12em\"><span class=\"vc_empty_space_inner\"><\/span><\/div><\/div><\/div><\/div><\/div><div class=\"vc_row-full-width vc_clearfix\"><\/div><div class=\"vc_row wpb_row vc_row-fluid\"><div class=\"wpb_column vc_column_container vc_col-sm-12 sc_layouts_column_icons_position_left\"><div class=\"vc_column-inner\"><div class=\"wpb_wrapper\"><div class=\"vc_empty_space\"   style=\"height: 8em\"><span class=\"vc_empty_space_inner\"><\/span><\/div><div id=\"sc_title_1821271071\"\n\t\tclass=\"sc_title sc_title_default\"><h2 class=\"sc_item_title sc_title_title sc_align_left sc_item_title_style_default\">Politique relative aux cookies<\/h2><\/div><!-- \/.sc_title --><div class=\"vc_empty_space\"   style=\"height: 4em\"><span class=\"vc_empty_space_inner\"><\/span><\/div><\/div><\/div><\/div><\/div><div class=\"vc_row wpb_row vc_row-fluid\"><div class=\"wpb_column vc_column_container vc_col-sm-12 sc_layouts_column_icons_position_left\"><div class=\"vc_column-inner\"><div class=\"wpb_wrapper\">\n\t<div class=\"wpb_text_column wpb_content_element\" >\n\t\t<div class=\"wpb_wrapper\">\n\t\t\t<h4>Que sont les cookies ?<\/h4>\n<p>Les cookies sont de petits fichiers texte simples qui sont plac\u00e9s sur le disque dur de votre ordinateur lorsque vous visitez une page Web. Ces cookies peuvent garantir que votre visite sur le site Web est optimis\u00e9e. Par exemple, vos pr\u00e9f\u00e9rences sont m\u00e9moris\u00e9es pour ne vous montrer que les informations qui vous int\u00e9ressent. Un autre avantage est que vous n'avez pas besoin de vous connecter ou de remplir les m\u00eames informations chaque fois que vous visitez un certain site Web.<\/p>\n<h4>Pourquoi vous informons-nous de l'utilisation des cookies ?<\/h4>\n<p>Depuis mai 2018, le nouveau r\u00e8glement de l'UE est entr\u00e9 en vigueur : le R\u00e8glement g\u00e9n\u00e9ral sur la protection des donn\u00e9es (RGPD). Les cookies ne peuvent \u00eatre d\u00e9pos\u00e9s qu'avec le consentement explicite de l'internaute. C'est pourquoi nous vous informons que notre site Web utilise des cookies et quelle en est la raison.<\/p>\n<h4>Cookies fonctionnels<\/h4>\n<p>Il s'agit de cookies n\u00e9cessaires au fonctionnement du site Web. Sans ces cookies, certaines parties ne peuvent pas \u00eatre utilis\u00e9es. La loi nous autorise \u00e0 stocker des cookies sur votre appareil s'ils sont strictement n\u00e9cessaires \u00e0 l'utilisation du site. Pour tous les autres types de cookies, nous avons besoin de votre consentement.<\/p>\n<h4>Cookies de pr\u00e9f\u00e9rence<\/h4>\n<p>Les cookies de pr\u00e9f\u00e9rence permettent \u00e0 ce site de m\u00e9moriser des informations qui influencent le comportement et la conception du site Web, telles que votre langue pr\u00e9f\u00e9r\u00e9e ou la r\u00e9gion dans laquelle vous vivez.<\/p>\n<h4>Cookies analytiques<\/h4>\n<p>Les statistiques des visiteurs peuvent \u00e9galement \u00eatre suivies \u00e0 l'aide de cookies. Nous utilisons Google Analytics pour mieux comprendre le comportement des visiteurs de notre site Web. Sur la base de ces donn\u00e9es, nous obtenons un aper\u00e7u du comportement de navigation et de visite de nos visiteurs et nous pouvons optimiser notre site Web pour vous dans la mesure du possible. Les informations que Google collecte sont anonymis\u00e9es. Aucune donn\u00e9e personnelle n'est donc stock\u00e9e, ce qui signifie que nous sommes autoris\u00e9s \u00e0 placer ces cookies sans autorisation. Nous ne partageons pas ces informations avec des tiers.<\/p>\n<h4>Cookies de suivi<\/h4>\n<p>\u00c0 l'aide de cookies de suivi, nous pouvons, entre autres, faire de la publicit\u00e9 plus sp\u00e9cifiquement et enregistrer les entreprises et organisations qui visitent notre site Web. De cette fa\u00e7on, nous pouvons ajuster les offres et approcher les visiteurs avec des propositions int\u00e9ressantes. Ces cookies ne sont plac\u00e9s que si vous en donnez l'autorisation. Nous n'utilisons actuellement pas de cookies de suivi.<\/p>\n<h4>Accepter ou refuser les cookies<\/h4>\n<p>Vous pouvez d\u00e9cider d'accepter ou de refuser les cookies via le bandeau cookie qui s'affiche sur notre site internet lors de votre visite et via les param\u00e8tres de votre navigateur. La plupart des navigateurs sont configur\u00e9s pour accepter les cookies par d\u00e9faut, mais vous pouvez g\u00e9n\u00e9ralement r\u00e9gler les param\u00e8tres de votre navigateur pour refuser les cookies. Vous devez le r\u00e9initialiser par navigateur et pour chaque ordinateur.<\/p>\n<p>\u00c9dition : 09.03.2023<\/p>\n\n\t\t<\/div>\n\t<\/div>\n<\/div><\/div><\/div><\/div><div class=\"vc_row wpb_row vc_row-fluid\"><div class=\"wpb_column vc_column_container vc_col-sm-12 sc_layouts_column_icons_position_left\"><div class=\"vc_column-inner\"><div class=\"wpb_wrapper\"><div class=\"vc_empty_space\"   style=\"height: 7.7em\"><span class=\"vc_empty_space_inner\"><\/span><\/div><\/div><\/div><\/div><\/div>\n<\/section>","protected":false},"excerpt":{"rendered":"Cookie policy Wat zijn cookies? Cookies zijn kleine, eenvoudige tekstbestandjes die op de harde schijf van uw computer worden gezet als u een webpagina bezoekt. Deze cookies kunnen ervoor zorgen dat uw websitebezoek wordt geoptimaliseerd. Zo worden bijvoorbeeld uw voorkeuren onthouden om u alleen informatie te tonen die voor u interessant is. Een ander voordeel is dat u zich niet&hellip;","protected":false},"author":1,"featured_media":0,"parent":0,"menu_order":0,"comment_status":"closed","ping_status":"closed","template":"","meta":{"footnotes":""},"class_list":["post-2594","page","type-page","status-publish","hentry"],"yoast_head":"<!-- This site is optimized with the Yoast SEO plugin v23.9 - https:\/\/yoast.com\/wordpress\/plugins\/seo\/ -->\n<title>Cookie policy - TRANSPORT INSURANCE PACKAGE<\/title>\n<meta name=\"description\" content=\"Cookie policy - Transport Insurance Package - Lees in onze cookie policy welke cookies wij gebruiken op onze website.\" \/>\n<meta name=\"robots\" content=\"index, follow, max-snippet:-1, max-image-preview:large, max-video-preview:-1\" \/>\n<link rel=\"canonical\" href=\"https:\/\/www.transport-insurances.com\/fr\/cookie-policy\/\" \/>\n<meta property=\"og:locale\" content=\"fr_FR\" \/>\n<meta property=\"og:type\" content=\"article\" \/>\n<meta property=\"og:title\" content=\"Cookie policy - TRANSPORT INSURANCE PACKAGE\" \/>\n<meta property=\"og:description\" content=\"Cookie policy - Transport Insurance Package - Lees in onze cookie policy welke cookies wij gebruiken op onze website.\" \/>\n<meta property=\"og:url\" content=\"https:\/\/www.transport-insurances.com\/fr\/cookie-policy\/\" \/>\n<meta property=\"og:site_name\" content=\"TRANSPORT INSURANCE PACKAGE\" \/>\n<meta property=\"article:modified_time\" content=\"2023-04-14T11:52:21+00:00\" \/>\n<meta name=\"twitter:card\" content=\"summary_large_image\" \/>\n<meta name=\"twitter:label1\" content=\"Dur\u00e9e de lecture est.\" \/>\n\t<meta name=\"twitter:data1\" content=\"3 minutes\" \/>\n<script type=\"application\/ld+json\" class=\"yoast-schema-graph\">{\"@context\":\"https:\/\/schema.org\",\"@graph\":[{\"@type\":\"WebPage\",\"@id\":\"https:\/\/www.transport-insurances.com\/cookie-policy\/\",\"url\":\"https:\/\/www.transport-insurances.com\/cookie-policy\/\",\"name\":\"Cookie policy - TRANSPORT INSURANCE PACKAGE\",\"isPartOf\":{\"@id\":\"https:\/\/www.transport-insurances.com\/#website\"},\"datePublished\":\"2023-03-09T13:12:39+00:00\",\"dateModified\":\"2023-04-14T11:52:21+00:00\",\"description\":\"Cookie policy - Transport Insurance Package - Lees in onze cookie policy welke cookies wij gebruiken op onze website.\",\"breadcrumb\":{\"@id\":\"https:\/\/www.transport-insurances.com\/cookie-policy\/#breadcrumb\"},\"inLanguage\":\"fr-BE\",\"potentialAction\":[{\"@type\":\"ReadAction\",\"target\":[\"https:\/\/www.transport-insurances.com\/cookie-policy\/\"]}]},{\"@type\":\"BreadcrumbList\",\"@id\":\"https:\/\/www.transport-insurances.com\/cookie-policy\/#breadcrumb\",\"itemListElement\":[{\"@type\":\"ListItem\",\"position\":1,\"name\":\"Home\",\"item\":\"https:\/\/www.transport-insurances.com\/\"},{\"@type\":\"ListItem\",\"position\":2,\"name\":\"Cookie policy\"}]},{\"@type\":\"WebSite\",\"@id\":\"https:\/\/www.transport-insurances.com\/#website\",\"url\":\"https:\/\/www.transport-insurances.com\/\",\"name\":\"TRANSPORT INSURANCE PACKAGE\",\"description\":\"Goed verzekerd en veilig de baan op\",\"potentialAction\":[{\"@type\":\"SearchAction\",\"target\":{\"@type\":\"EntryPoint\",\"urlTemplate\":\"https:\/\/www.transport-insurances.com\/?s={search_term_string}\"},\"query-input\":{\"@type\":\"PropertyValueSpecification\",\"valueRequired\":true,\"valueName\":\"search_term_string\"}}],\"inLanguage\":\"fr-BE\"}]}<\/script>\n<!-- \/ Yoast SEO plugin. -->","yoast_head_json":{"title":"Cookie policy - TRANSPORT INSURANCE PACKAGE","description":"Cookie policy - Transport Insurance Package - Lees in onze cookie policy welke cookies wij gebruiken op onze website.","robots":{"index":"index","follow":"follow","max-snippet":"max-snippet:-1","max-image-preview":"max-image-preview:large","max-video-preview":"max-video-preview:-1"},"canonical":"https:\/\/www.transport-insurances.com\/fr\/cookie-policy\/","og_locale":"fr_FR","og_type":"article","og_title":"Cookie policy - TRANSPORT INSURANCE PACKAGE","og_description":"Cookie policy - Transport Insurance Package - Lees in onze cookie policy welke cookies wij gebruiken op onze website.","og_url":"https:\/\/www.transport-insurances.com\/fr\/cookie-policy\/","og_site_name":"TRANSPORT INSURANCE PACKAGE","article_modified_time":"2023-04-14T11:52:21+00:00","twitter_card":"summary_large_image","twitter_misc":{"Dur\u00e9e de lecture est.":"3 minutes"},"schema":{"@context":"https:\/\/schema.org","@graph":[{"@type":"WebPage","@id":"https:\/\/www.transport-insurances.com\/cookie-policy\/","url":"https:\/\/www.transport-insurances.com\/cookie-policy\/","name":"Cookie policy - TRANSPORT INSURANCE PACKAGE","isPartOf":{"@id":"https:\/\/www.transport-insurances.com\/#website"},"datePublished":"2023-03-09T13:12:39+00:00","dateModified":"2023-04-14T11:52:21+00:00","description":"Cookie policy - Transport Insurance Package - Lees in onze cookie policy welke cookies wij gebruiken op onze website.","breadcrumb":{"@id":"https:\/\/www.transport-insurances.com\/cookie-policy\/#breadcrumb"},"inLanguage":"fr-BE","potentialAction":[{"@type":"ReadAction","target":["https:\/\/www.transport-insurances.com\/cookie-policy\/"]}]},{"@type":"BreadcrumbList","@id":"https:\/\/www.transport-insurances.com\/cookie-policy\/#breadcrumb","itemListElement":[{"@type":"ListItem","position":1,"name":"Home","item":"https:\/\/www.transport-insurances.com\/"},{"@type":"ListItem","position":2,"name":"Cookie policy"}]},{"@type":"WebSite","@id":"https:\/\/www.transport-insurances.com\/#website","url":"https:\/\/www.transport-insurances.com\/","name":"TRANSPORT INSURANCE PACKAGE","description":"Goed verzekerd en veilig de baan op","potentialAction":[{"@type":"SearchAction","target":{"@type":"EntryPoint","urlTemplate":"https:\/\/www.transport-insurances.com\/?s={search_term_string}"},"query-input":{"@type":"PropertyValueSpecification","valueRequired":true,"valueName":"search_term_string"}}],"inLanguage":"fr-BE"}]}},"_links":{"self":[{"href":"https:\/\/www.transport-insurances.com\/fr\/wp-json\/wp\/v2\/pages\/2594","targetHints":{"allow":["GET"]}}],"collection":[{"href":"https:\/\/www.transport-insurances.com\/fr\/wp-json\/wp\/v2\/pages"}],"about":[{"href":"https:\/\/www.transport-insurances.com\/fr\/wp-json\/wp\/v2\/types\/page"}],"author":[{"embeddable":true,"href":"https:\/\/www.transport-insurances.com\/fr\/wp-json\/wp\/v2\/users\/1"}],"replies":[{"embeddable":true,"href":"https:\/\/www.transport-insurances.com\/fr\/wp-json\/wp\/v2\/comments?post=2594"}],"version-history":[{"count":6,"href":"https:\/\/www.transport-insurances.com\/fr\/wp-json\/wp\/v2\/pages\/2594\/revisions"}],"predecessor-version":[{"id":2597,"href":"https:\/\/www.transport-insurances.com\/fr\/wp-json\/wp\/v2\/pages\/2594\/revisions\/2597"}],"wp:attachment":[{"href":"https:\/\/www.transport-insurances.com\/fr\/wp-json\/wp\/v2\/media?parent=2594"}],"curies":[{"name":"wp","href":"https:\/\/api.w.org\/{rel}","templated":true}]}}