{"id":1571,"date":"2020-06-02T16:02:28","date_gmt":"2020-06-02T16:02:28","guid":{"rendered":"https:\/\/www.transport-insurance.be\/?page_id=1571"},"modified":"2023-03-13T09:58:48","modified_gmt":"2023-03-13T08:58:48","slug":"safe-t-premium","status":"publish","type":"page","link":"https:\/\/www.transport-insurances.com\/fr\/safe-t-premium\/","title":{"rendered":"SAFE.T PREMIUM"},"content":{"rendered":"<section class=\"wpb-content-wrapper\"><div data-vc-full-width=\"true\" data-vc-full-width-init=\"false\" data-vc-stretch-content=\"true\" class=\"vc_row wpb_row vc_row-fluid vc_row-no-padding\"><div class=\"wpb_column vc_column_container vc_col-sm-12 sc_layouts_column_icons_position_left\"><div class=\"vc_column-inner\"><div class=\"wpb_wrapper\"><div class=\"vc_empty_space\"   style=\"height: 12em\"><span class=\"vc_empty_space_inner\"><\/span><\/div><\/div><\/div><\/div><\/div><div class=\"vc_row-full-width vc_clearfix\"><\/div><div data-vc-parallax=\"1.5\" class=\"vc_row wpb_row vc_row-fluid vc_row-has-fill vc_general vc_parallax vc_parallax-content-moving\"><div class=\"wpb_column vc_column_container vc_col-sm-6 sc_layouts_column_icons_position_left\"><div class=\"vc_column-inner\"><div class=\"wpb_wrapper\"><div class=\"vc_empty_space\"   style=\"height: 8em\"><span class=\"vc_empty_space_inner\"><\/span><\/div><div id=\"sc_title_1460779120\"\n\t\tclass=\"sc_title sc_title_default\"><h2 class=\"sc_item_title sc_title_title sc_align_left sc_item_title_style_default\">SAFE.T PREMIUM<\/h2><\/div><!-- \/.sc_title --><div class=\"vc_empty_space\"   style=\"height: 1.5em\"><span class=\"vc_empty_space_inner\"><\/span><\/div><div class=\"vc_separator wpb_content_element vc_separator_align_center vc_sep_width_100 vc_sep_pos_align_center vc_separator_no_text vc_sep_color_grey\" ><span class=\"vc_sep_holder vc_sep_holder_l\"><span class=\"vc_sep_line\"><\/span><\/span><span class=\"vc_sep_holder vc_sep_holder_r\"><span class=\"vc_sep_line\"><\/span><\/span>\n<\/div><h5 style=\"color: #f4ba08;text-align: left;font-family:Montserrat;font-weight:700;font-style:normal\" class=\"vc_custom_heading\" ><a href=\"https:\/\/www.transport-insurance.be\/safe-t-light\/\" title=\"SAFE.T LIGHT pakket\">Technologie d\u2019att\u00e9nuation des incidents:<\/a><\/h5>\n\t<div class=\"wpb_text_column wpb_content_element\" >\n\t\t<div class=\"wpb_wrapper\">\n\t\t\t<ul>\n<li>Syst\u00e8me de cam\u00e9ra qui surveille\/enregistre tous les incidents qui se produisent devant la voiture.<\/li>\n<li>Fournit aux conducteurs des avertissement sonores et visuels sur les dangers\/incidents potentiels sur la route.<\/li>\n<li>Le Mobileye peut donc \u00eatre d\u00e9crit comme des capteurs SAFE-T suppl\u00e9mentaires sur le v\u00e9hicule.<\/li>\n<\/ul>\n\n\t\t<\/div>\n\t<\/div>\n<div class=\"vc_empty_space\"   style=\"height: 2em\"><span class=\"vc_empty_space_inner\"><\/span><\/div><div class=\"vc_row wpb_row vc_inner vc_row-fluid\"><div class=\"wpb_column vc_column_container vc_col-sm-12 sc_layouts_column_icons_position_left\"><div class=\"vc_column-inner\"><div class=\"wpb_wrapper\">\n\t<div  class=\"wpb_single_image wpb_content_element vc_align_center\">\n\t\t\n\t\t<figure class=\"wpb_wrapper vc_figure\">\n\t\t\t<div class=\"vc_single_image-wrapper   vc_box_border_grey\"><img loading=\"lazy\" decoding=\"async\" width=\"1024\" height=\"189\" src=\"https:\/\/www.transport-insurances.com\/wp-content\/uploads\/2020\/10\/ff-e1634304708709.png\" class=\"vc_single_image-img attachment-large\" alt=\"\" title=\"ff\" srcset=\"https:\/\/www.transport-insurances.com\/wp-content\/uploads\/2020\/10\/ff-e1634304708709.png 1024w, https:\/\/www.transport-insurances.com\/wp-content\/uploads\/2020\/10\/ff-e1634304708709-300x55.png 300w, https:\/\/www.transport-insurances.com\/wp-content\/uploads\/2020\/10\/ff-e1634304708709-768x142.png 768w, https:\/\/www.transport-insurances.com\/wp-content\/uploads\/2020\/10\/ff-e1634304708709-370x68.png 370w, https:\/\/www.transport-insurances.com\/wp-content\/uploads\/2020\/10\/ff-e1634304708709-770x142.png 770w, https:\/\/www.transport-insurances.com\/wp-content\/uploads\/2020\/10\/ff-e1634304708709-18x3.png 18w\" sizes=\"auto, (max-width: 1024px) 100vw, 1024px\" \/><\/div>\n\t\t<\/figure>\n\t<\/div>\n<\/div><\/div><\/div><\/div><\/div><\/div><\/div><div class=\"wpb_column vc_column_container vc_col-sm-6 sc_layouts_column_icons_position_left\"><div class=\"vc_column-inner\"><div class=\"wpb_wrapper\"><div class=\"vc_empty_space\"   style=\"height: 8em\"><span class=\"vc_empty_space_inner\"><\/span><\/div>\n\t<div class=\"wpb_text_column wpb_content_element\" >\n\t\t<div class=\"wpb_wrapper\">\n\t\t\t\n            <div \n                class=\"elfsight-widget-pricing-table elfsight-widget\" \n                data-elfsight-pricing-table-options=\"%7B%22layout%22%3A%22columns%22%2C%22skin%22%3A%22skin1%22%2C%22mainColor%22%3A%22rgb%280%2C%20131%2C%20255%29%22%2C%22styleColumnBorderRadius%22%3Atrue%2C%22styleColumnBorderWidth%22%3Atrue%2C%22headTitle%22%3A%22Plan%20name%22%2C%22headFeatures%22%3A%5B%7B%22text%22%3A%22Feature%201%22%7D%2C%7B%22text%22%3A%22Feature%202%22%7D%5D%2C%22headTextColor%22%3A%22rgb%2823%2C%2025%2C%2026%29%22%2C%22headBackgroundColor%22%3A%22rgb%28247%2C%20247%2C%20247%29%22%2C%22toggleVisible%22%3Afalse%2C%22toggleItems%22%3A%5B%5D%2C%22toggleDefaultItem%22%3A%22%22%2C%22toggleColor%22%3A%22%22%2C%22columns%22%3A%5B%7B%22isFeatured%22%3Atrue%2C%22title%22%3A%22SAFE.T%20PREMIUM%22%2C%22titleCaption%22%3A%22Preventietools%22%2C%22features%22%3A%5B%7B%22text%22%3A%22%3Cdiv%3E%3Ca%20href%3D%5C%22https%3A%5C%2F%5C%2Ftransport-insurances.com%5C%2Fsafe-t-light%5C%22%3ESAFE.T%20LIGHT%3A%26nbsp%3B%3C%5C%2Fa%3E%3C%5C%2Fdiv%3E%3Cdiv%3E%3Cbr%3E%3Cdiv%3E%26gt%3B%20Cardio%5CnID%20DASHCAM%26nbsp%3B%3C%5C%2Fdiv%3E%3Cdiv%3E%26gt%3B%20Cardio%5CnGateway%3C%5C%2Fdiv%3E%3C%5C%2Fdiv%3E%22%2C%22icon%22%3A%22check%22%2C%22hint%22%3A%22%22%7D%2C%7B%22text%22%3A%22%2B%20MOBILEYE%22%2C%22icon%22%3A%22check%22%2C%22hint%22%3A%22%22%7D%2C%7B%22text%22%3A%22%22%2C%22icon%22%3A%22none%22%2C%22hint%22%3A%22%22%7D%5D%2C%22priceCurrency%22%3A%22USD%22%2C%22price%22%3A%22%22%2C%22pricePostfix%22%3A%22%22%2C%22button%22%3A%22Select%22%2C%22buttonLink%22%3A%22%22%2C%22buttonCaption%22%3A%22%22%2C%22mainColor%22%3A%22rgb%28244%2C%20186%2C%208%29%22%2C%22priceOptions%22%3A%5B%5D%2C%22buttonOptions%22%3A%5B%5D%2C%22contentDivider%22%3Anull%2C%22pricePrefix%22%3A%22%22%2C%22priceCaption%22%3A%22%22%2C%22buttonTargetBlank%22%3Afalse%2C%22picture%22%3A%22%22%2C%22ribbonText%22%3A%22Premium%22%2C%22ribbonBackgroundColor%22%3A%22%22%2C%22ribbonTextColor%22%3A%22%22%7D%5D%2C%22elements%22%3A%5B%7B%22complexGroup%22%3A%22title%22%2C%22name%22%3A%22Title%22%2C%22titleEnable%22%3Atrue%2C%22titleCaptionColor%22%3A%22%22%2C%22titleTextColor%22%3A%22%22%2C%22titleFontSize%22%3A24%2C%22titleFontWeight%22%3A400%7D%2C%7B%22complexGroup%22%3A%22features%22%2C%22name%22%3A%22Features%22%2C%22featuresEnable%22%3Atrue%2C%22featuresStyle%22%3A%22clean%22%2C%22featuresIconColor%22%3A%22%22%2C%22featuresTextColor%22%3A%22%22%7D%2C%7B%22complexGroup%22%3A%22price%22%2C%22name%22%3A%22Price%22%2C%22priceEnable%22%3Atrue%2C%22priceCaptionColor%22%3A%22%22%2C%22priceTextColor%22%3A%22%22%2C%22priceFontSize%22%3A32%2C%22priceFontWeight%22%3A600%7D%2C%7B%22complexGroup%22%3A%22button%22%2C%22name%22%3A%22Button%22%2C%22buttonEnable%22%3Afalse%2C%22buttonType%22%3A%22outline%22%2C%22buttonColor%22%3A%22%22%2C%22buttonTextColor%22%3A%22%22%2C%22buttonSize%22%3A%22medium%22%2C%22buttonCaptionColor%22%3A%22%22%7D%2C%7B%22complexGroup%22%3A%22picture%22%2C%22name%22%3A%22Picture%22%2C%22pictureEnable%22%3Atrue%7D%5D%2C%22widgetId%22%3A%222%22%7D\" \n                data-elfsight-pricing-table-version=\"2.5.3\"\n                data-elfsight-widget-id=\"elfsight-pricing-table-2\">\n            <\/div>\n            \n\n\t\t<\/div>\n\t<\/div>\n<div class=\"vc_empty_space\"   style=\"height: 12em\"><span class=\"vc_empty_space_inner\"><\/span><\/div><\/div><\/div><\/div><\/div><div class=\"vc_row wpb_row vc_row-fluid\"><div class=\"wpb_column vc_column_container vc_col-sm-12 sc_layouts_column_icons_position_left\"><div class=\"vc_column-inner\"><div class=\"wpb_wrapper\"><div class=\"vc_empty_space\"   style=\"height: 6em\"><span class=\"vc_empty_space_inner\"><\/span><\/div><\/div><\/div><\/div><\/div><div data-vc-full-width=\"true\" data-vc-full-width-init=\"false\" class=\"vc_row wpb_row vc_row-fluid vc_custom_1675696221859 vc_row-has-fill scheme_dark\"><div class=\"wpb_column vc_column_container vc_col-sm-12 sc_layouts_column_icons_position_left\"><div class=\"vc_column-inner\"><div class=\"wpb_wrapper\"><div class=\"vc_empty_space\"   style=\"height: 2em\"><span class=\"vc_empty_space_inner\"><\/span><\/div><div id=\"sc_title_1777624183\"\n\t\tclass=\"scheme_dark sc_title sc_title_default\"><h2 class=\"sc_item_title sc_title_title sc_align_center sc_item_title_style_default\">VOIR DES EXEMPLES<\/h2><\/div><!-- \/.sc_title --><div class=\"vc_empty_space\"   style=\"height: 2em\"><span class=\"vc_empty_space_inner\"><\/span><\/div><div class=\"sc_item_button sc_button_wrap sc_align_center\"><a href=\"https:\/\/www.transport-insurances.com\/fr\/in-de-praktijk\/\" id=\"sc_button_1012221968\" class=\"sc_button sc_button_default sc_button_size_large sc_button_icon_right\"><span class=\"sc_button_icon\"><span class=\"icon-right\"><\/span><\/span><span class=\"sc_button_text\"><span class=\"sc_button_title\">Voir les ici<\/span><\/span><!-- \/.sc_button_text --><\/a><!-- \/.sc_button --><\/div><!-- \/.sc_item_button --><div class=\"vc_empty_space\"   style=\"height: 2em\"><span class=\"vc_empty_space_inner\"><\/span><\/div><\/div><\/div><\/div><\/div><div class=\"vc_row-full-width vc_clearfix\"><\/div>\n<\/section>","protected":false},"excerpt":{"rendered":"SAFE.T PREMIUM Incident beperkende technologie: Camerasysteem dat alle incidenten monitort\/ opneemt die voor de wagen plaatsvinden. Voorziet de chauffeurs van zowel audio als visuele waarschuwingen over mogelijke gevaren\/ incidenten op de weg. De Mobileye kan dus omschreven worden als extra \u201cSAFE-T sensoren\u201d op het voertuig. VOORBEELDEN BEKIJKENBekijk ze hier","protected":false},"author":2,"featured_media":0,"parent":0,"menu_order":0,"comment_status":"closed","ping_status":"closed","template":"","meta":{"footnotes":""},"class_list":["post-1571","page","type-page","status-publish","hentry"],"yoast_head":"<!-- This site is optimized with the Yoast SEO plugin v23.9 - https:\/\/yoast.com\/wordpress\/plugins\/seo\/ -->\n<title>SAFE.T PREMIUM - TRANSPORT INSURANCE PACKAGE<\/title>\n<meta name=\"description\" content=\"Safe.T Premium - Bekijk wat er allemaal gemeten wordt bij Safe.t Premium.\" \/>\n<meta name=\"robots\" content=\"index, follow, max-snippet:-1, max-image-preview:large, max-video-preview:-1\" \/>\n<link rel=\"canonical\" href=\"https:\/\/www.transport-insurances.com\/fr\/safe-t-premium\/\" \/>\n<meta property=\"og:locale\" content=\"fr_FR\" \/>\n<meta property=\"og:type\" content=\"article\" \/>\n<meta property=\"og:title\" content=\"SAFE.T PREMIUM - TRANSPORT INSURANCE PACKAGE\" \/>\n<meta property=\"og:description\" content=\"Safe.T Premium - Bekijk wat er allemaal gemeten wordt bij Safe.t Premium.\" \/>\n<meta property=\"og:url\" content=\"https:\/\/www.transport-insurances.com\/fr\/safe-t-premium\/\" \/>\n<meta property=\"og:site_name\" content=\"TRANSPORT INSURANCE PACKAGE\" \/>\n<meta property=\"article:modified_time\" content=\"2023-03-13T08:58:48+00:00\" \/>\n<meta name=\"twitter:card\" content=\"summary_large_image\" \/>\n<meta name=\"twitter:label1\" content=\"Dur\u00e9e de lecture est.\" \/>\n\t<meta name=\"twitter:data1\" content=\"1 minute\" \/>\n<script type=\"application\/ld+json\" class=\"yoast-schema-graph\">{\"@context\":\"https:\/\/schema.org\",\"@graph\":[{\"@type\":\"WebPage\",\"@id\":\"https:\/\/www.transport-insurances.com\/safe-t-premium\/\",\"url\":\"https:\/\/www.transport-insurances.com\/safe-t-premium\/\",\"name\":\"SAFE.T PREMIUM - TRANSPORT INSURANCE PACKAGE\",\"isPartOf\":{\"@id\":\"https:\/\/www.transport-insurances.com\/#website\"},\"datePublished\":\"2020-06-02T16:02:28+00:00\",\"dateModified\":\"2023-03-13T08:58:48+00:00\",\"description\":\"Safe.T Premium - Bekijk wat er allemaal gemeten wordt bij Safe.t Premium.\",\"breadcrumb\":{\"@id\":\"https:\/\/www.transport-insurances.com\/safe-t-premium\/#breadcrumb\"},\"inLanguage\":\"fr-BE\",\"potentialAction\":[{\"@type\":\"ReadAction\",\"target\":[\"https:\/\/www.transport-insurances.com\/safe-t-premium\/\"]}]},{\"@type\":\"BreadcrumbList\",\"@id\":\"https:\/\/www.transport-insurances.com\/safe-t-premium\/#breadcrumb\",\"itemListElement\":[{\"@type\":\"ListItem\",\"position\":1,\"name\":\"Home\",\"item\":\"https:\/\/www.transport-insurances.com\/\"},{\"@type\":\"ListItem\",\"position\":2,\"name\":\"SAFE.T PREMIUM\"}]},{\"@type\":\"WebSite\",\"@id\":\"https:\/\/www.transport-insurances.com\/#website\",\"url\":\"https:\/\/www.transport-insurances.com\/\",\"name\":\"TRANSPORT INSURANCE PACKAGE\",\"description\":\"Goed verzekerd en veilig de baan op\",\"potentialAction\":[{\"@type\":\"SearchAction\",\"target\":{\"@type\":\"EntryPoint\",\"urlTemplate\":\"https:\/\/www.transport-insurances.com\/?s={search_term_string}\"},\"query-input\":{\"@type\":\"PropertyValueSpecification\",\"valueRequired\":true,\"valueName\":\"search_term_string\"}}],\"inLanguage\":\"fr-BE\"}]}<\/script>\n<!-- \/ Yoast SEO plugin. -->","yoast_head_json":{"title":"SAFE.T PREMIUM - TRANSPORT INSURANCE PACKAGE","description":"Safe.T Premium - Bekijk wat er allemaal gemeten wordt bij Safe.t Premium.","robots":{"index":"index","follow":"follow","max-snippet":"max-snippet:-1","max-image-preview":"max-image-preview:large","max-video-preview":"max-video-preview:-1"},"canonical":"https:\/\/www.transport-insurances.com\/fr\/safe-t-premium\/","og_locale":"fr_FR","og_type":"article","og_title":"SAFE.T PREMIUM - TRANSPORT INSURANCE PACKAGE","og_description":"Safe.T Premium - Bekijk wat er allemaal gemeten wordt bij Safe.t Premium.","og_url":"https:\/\/www.transport-insurances.com\/fr\/safe-t-premium\/","og_site_name":"TRANSPORT INSURANCE PACKAGE","article_modified_time":"2023-03-13T08:58:48+00:00","twitter_card":"summary_large_image","twitter_misc":{"Dur\u00e9e de lecture est.":"1 minute"},"schema":{"@context":"https:\/\/schema.org","@graph":[{"@type":"WebPage","@id":"https:\/\/www.transport-insurances.com\/safe-t-premium\/","url":"https:\/\/www.transport-insurances.com\/safe-t-premium\/","name":"SAFE.T PREMIUM - TRANSPORT INSURANCE PACKAGE","isPartOf":{"@id":"https:\/\/www.transport-insurances.com\/#website"},"datePublished":"2020-06-02T16:02:28+00:00","dateModified":"2023-03-13T08:58:48+00:00","description":"Safe.T Premium - Bekijk wat er allemaal gemeten wordt bij Safe.t Premium.","breadcrumb":{"@id":"https:\/\/www.transport-insurances.com\/safe-t-premium\/#breadcrumb"},"inLanguage":"fr-BE","potentialAction":[{"@type":"ReadAction","target":["https:\/\/www.transport-insurances.com\/safe-t-premium\/"]}]},{"@type":"BreadcrumbList","@id":"https:\/\/www.transport-insurances.com\/safe-t-premium\/#breadcrumb","itemListElement":[{"@type":"ListItem","position":1,"name":"Home","item":"https:\/\/www.transport-insurances.com\/"},{"@type":"ListItem","position":2,"name":"SAFE.T PREMIUM"}]},{"@type":"WebSite","@id":"https:\/\/www.transport-insurances.com\/#website","url":"https:\/\/www.transport-insurances.com\/","name":"TRANSPORT INSURANCE PACKAGE","description":"Goed verzekerd en veilig de baan op","potentialAction":[{"@type":"SearchAction","target":{"@type":"EntryPoint","urlTemplate":"https:\/\/www.transport-insurances.com\/?s={search_term_string}"},"query-input":{"@type":"PropertyValueSpecification","valueRequired":true,"valueName":"search_term_string"}}],"inLanguage":"fr-BE"}]}},"_links":{"self":[{"href":"https:\/\/www.transport-insurances.com\/fr\/wp-json\/wp\/v2\/pages\/1571","targetHints":{"allow":["GET"]}}],"collection":[{"href":"https:\/\/www.transport-insurances.com\/fr\/wp-json\/wp\/v2\/pages"}],"about":[{"href":"https:\/\/www.transport-insurances.com\/fr\/wp-json\/wp\/v2\/types\/page"}],"author":[{"embeddable":true,"href":"https:\/\/www.transport-insurances.com\/fr\/wp-json\/wp\/v2\/users\/2"}],"replies":[{"embeddable":true,"href":"https:\/\/www.transport-insurances.com\/fr\/wp-json\/wp\/v2\/comments?post=1571"}],"version-history":[{"count":3,"href":"https:\/\/www.transport-insurances.com\/fr\/wp-json\/wp\/v2\/pages\/1571\/revisions"}],"predecessor-version":[{"id":2536,"href":"https:\/\/www.transport-insurances.com\/fr\/wp-json\/wp\/v2\/pages\/1571\/revisions\/2536"}],"wp:attachment":[{"href":"https:\/\/www.transport-insurances.com\/fr\/wp-json\/wp\/v2\/media?parent=1571"}],"curies":[{"name":"wp","href":"https:\/\/api.w.org\/{rel}","templated":true}]}}