{"id":1217,"date":"2020-10-16T12:27:35","date_gmt":"2020-10-16T10:27:35","guid":{"rendered":"https:\/\/transport-insurances.com\/?page_id=1217"},"modified":"2023-03-09T17:53:01","modified_gmt":"2023-03-09T16:53:01","slug":"personeels-verzekeringen","status":"publish","type":"page","link":"https:\/\/www.transport-insurances.com\/fr\/personeels-verzekeringen\/","title":{"rendered":"PERSONEELS VERZEKERINGEN"},"content":{"rendered":"<section class=\"wpb-content-wrapper\"><div data-vc-full-width=\"true\" data-vc-full-width-init=\"false\" data-vc-stretch-content=\"true\" class=\"vc_row wpb_row vc_row-fluid vc_row-no-padding\"><div class=\"wpb_column vc_column_container vc_col-sm-12 sc_layouts_column_icons_position_left\"><div class=\"vc_column-inner\"><div class=\"wpb_wrapper\"><div class=\"vc_empty_space\"   style=\"height: 12em\"><span class=\"vc_empty_space_inner\"><\/span><\/div><\/div><\/div><\/div><\/div><div class=\"vc_row-full-width vc_clearfix\"><\/div><div class=\"vc_row wpb_row vc_row-fluid\"><div class=\"wpb_column vc_column_container vc_col-sm-12 sc_layouts_column_icons_position_left\"><div class=\"vc_column-inner\"><div class=\"wpb_wrapper\"><div class=\"vc_empty_space\"   style=\"height: 3.5em\"><span class=\"vc_empty_space_inner\"><\/span><\/div><div id=\"sc_icons_137101077\" \n\tclass=\"sc_icons sc_icons_default sc_icons_size_large sc_align_left\"><div class=\"sc_icons_item\"><div id=\"sc_icons_137101077_icon-2\" class=\"sc_icons_icon sc_icon_type_fontawesome icon-2\"\n\t\t\t\t\t\t style=\"color: #f4ba08\"\t\t\t\t\t\t><span class=\"sc_icon_type_fontawesome icon-2\" style=\"color: #f4ba08\"><\/span><\/div><\/div><\/div><!-- \/.sc_icons --><div class=\"vc_empty_space\"   style=\"height: 3.5em\"><span class=\"vc_empty_space_inner\"><\/span><\/div><div id=\"sc_title_1992122538\"\n\t\tclass=\"sc_title sc_title_default\"><h2 class=\"sc_item_title sc_title_title sc_align_left sc_item_title_style_default\">ASSURANCE ACCIDENTS DU TRAVAIL<\/h2><\/div><!-- \/.sc_title --><div class=\"vc_empty_space\"   style=\"height: 3.5em\"><span class=\"vc_empty_space_inner\"><\/span><\/div><\/div><\/div><\/div><\/div><div class=\"vc_row wpb_row vc_row-fluid\"><div class=\"wpb_column vc_column_container vc_col-sm-12 sc_layouts_column_icons_position_left\"><div class=\"vc_column-inner\"><div class=\"wpb_wrapper\"><h3 style=\"color: #f4ba08;text-align: left;font-family:Montserrat;font-weight:700;font-style:normal\" class=\"vc_custom_heading\" >Assurance des employ\u00e9s<\/h3><div class=\"vc_empty_space\"   style=\"height: 1.5em\"><span class=\"vc_empty_space_inner\"><\/span><\/div>\n\t<div class=\"wpb_text_column wpb_content_element\" >\n\t\t<div class=\"wpb_wrapper\">\n\t\t\t<p>D\u00e8s que vous employez un membre de personnel, l\u2019assurance accidents du travail est l\u00e9galement obligatoire en Belgique.  L\u2019assurance intervient \u00e0 divers niveaux lorsqu\u2019un accident se produit.<\/p>\n\n\t\t<\/div>\n\t<\/div>\n<div class=\"vc_separator wpb_content_element vc_separator_align_center vc_sep_width_100 vc_sep_pos_align_center vc_separator_no_text vc_sep_color_grey\" ><span class=\"vc_sep_holder vc_sep_holder_l\"><span class=\"vc_sep_line\"><\/span><\/span><span class=\"vc_sep_holder vc_sep_holder_r\"><span class=\"vc_sep_line\"><\/span><\/span>\n<\/div><h3 style=\"color: #f4ba08;text-align: left;font-family:Montserrat;font-weight:700;font-style:normal\" class=\"vc_custom_heading\" >Votre s\u00e9curit\u00e9 en cas d'accident du travail<\/h3><div class=\"vc_empty_space\"   style=\"height: 1.5em\"><span class=\"vc_empty_space_inner\"><\/span><\/div>\n\t<div class=\"wpb_text_column wpb_content_element\" >\n\t\t<div class=\"wpb_wrapper\">\n\t\t\t<p>En bref, cette assurance peut bien s\u00fbr \u00eatre utilis\u00e9e pour les accidents du travail ou sur le chemin du travail (par la voie normale), mais en elle-m\u00eame, l'assurance accidents du travail offre bien plus. Il existe un certain nombre de garanties standard qui garantissent que l'assurance est pleinement conforme \u00e0 notre soci\u00e9t\u00e9 moderne.<\/p>\n<ul>\n<li>Concubin : en cas de d\u00e9c\u00e8s d'un salari\u00e9, le concubin est assimil\u00e9 au conjoint.<\/li>\n<li>Travail \u00e0 domicile : les accidents dans le cadre du travail \u00e0 domicile sont assur\u00e9s.<\/li>\n<li>Mission 24h\/24 : Les accidents lors de missions temporaires, \u00e0 l'\u00e9tranger ou non, sont couverts.<\/li>\n<li>Ev\u00e9nements sportifs et autres : Il existe une intervention en cas d'accidents pendant ou sur le chemin de\/vers un \u00e9v\u00e9nement que vous organisez ou auquel participent vos salari\u00e9s.<\/li>\n<\/ul>\n\n\t\t<\/div>\n\t<\/div>\n<div class=\"vc_separator wpb_content_element vc_separator_align_center vc_sep_width_100 vc_sep_pos_align_center vc_separator_no_text vc_sep_color_grey\" ><span class=\"vc_sep_holder vc_sep_holder_l\"><span class=\"vc_sep_line\"><\/span><\/span><span class=\"vc_sep_holder vc_sep_holder_r\"><span class=\"vc_sep_line\"><\/span><\/span>\n<\/div><h3 style=\"color: #f4ba08;text-align: left;font-family:Montserrat;font-weight:700;font-style:normal\" class=\"vc_custom_heading\" >Qu'est-ce qui est couvert?<\/h3><div class=\"vc_empty_space\"   style=\"height: 1.5em\"><span class=\"vc_empty_space_inner\"><\/span><\/div>\n\t<div class=\"wpb_text_column wpb_content_element\" >\n\t\t<div class=\"wpb_wrapper\">\n\t\t\t<ul>\n<li>Frais m\u00e9dicaux<\/li>\n<li>Incapacit\u00e9 temporaire de travail<\/li>\n<li>Incapacit\u00e9 permanente de travail<\/li>\n<li>D\u00e9c\u00e8s suite \u00e0 un accident<\/li>\n<\/ul>\n\n\t\t<\/div>\n\t<\/div>\n<div class=\"vc_empty_space\"   style=\"height: 6em\"><span class=\"vc_empty_space_inner\"><\/span><\/div><\/div><\/div><\/div><\/div><div data-vc-full-width=\"true\" data-vc-full-width-init=\"false\" class=\"vc_row wpb_row vc_row-fluid vc_custom_1675696811062 vc_row-has-fill scheme_dark\"><div class=\"wpb_column vc_column_container vc_col-sm-12 sc_layouts_column_icons_position_left\"><div class=\"vc_column-inner\"><div class=\"wpb_wrapper\"><div class=\"vc_empty_space\"   style=\"height: 3.5em\"><span class=\"vc_empty_space_inner\"><\/span><\/div><div id=\"sc_title_608754873\"\n\t\tclass=\"scheme_dark sc_title sc_title_default\"><h2 class=\"sc_item_title sc_title_title sc_align_center sc_item_title_style_default\">Calculez votre prime pour le pack ici<\/h2><div class=\"sc_item_descr sc_title_descr sc_align_center\">Vous pouvez facilement calculer la prime de votre assurance ici.<\/div><\/div><!-- \/.sc_title --><div class=\"vc_empty_space\"   style=\"height: 2em\"><span class=\"vc_empty_space_inner\"><\/span><\/div><div class=\"sc_item_button sc_button_wrap sc_align_center\"><a href=\"https:\/\/www.transport-insurances.com\/fr\/premie\/\" id=\"sc_button_1076094593\" class=\"sc_button sc_button_default sc_button_size_large sc_button_icon_right\"><span class=\"sc_button_icon\"><span class=\"icon-right\"><\/span><\/span><span class=\"sc_button_text\"><span class=\"sc_button_title\">Calculez ici<\/span><\/span><!-- \/.sc_button_text --><\/a><!-- \/.sc_button --><\/div><!-- \/.sc_item_button --><div class=\"vc_empty_space\"   style=\"height: 2em\"><span class=\"vc_empty_space_inner\"><\/span><\/div><\/div><\/div><\/div><\/div><div class=\"vc_row-full-width vc_clearfix\"><\/div>\n<\/section>","protected":false},"excerpt":{"rendered":"PERSONEELSVERZEKERINGArbeidsongevallenverzekering Van zodra u \u00e9\u00e9n personeelslid in dienst hebt, is een arbeidsongevallenverzekering wettelijk verplicht in Belgi\u00eb. De verzekering komt op verschillende vlakken tussen wanneer er zich een ongeval voordoet. Deze verzekering is uitbreidbaar met tal van extra dekkingen zodat de inhoud 100% afgestemd is op uw bedrijfsactiviteiten en medewerkers. Uw zekerheid bij arbeidsongevallen Kort door de bocht kan deze verzekering&hellip;","protected":false},"author":1,"featured_media":0,"parent":0,"menu_order":0,"comment_status":"closed","ping_status":"closed","template":"","meta":{"footnotes":""},"class_list":["post-1217","page","type-page","status-publish","hentry"],"yoast_head":"<!-- This site is optimized with the Yoast SEO plugin v23.9 - https:\/\/yoast.com\/wordpress\/plugins\/seo\/ -->\n<title>PERSONEELS VERZEKERINGEN - TRANSPORT INSURANCE PACKAGE<\/title>\n<meta name=\"description\" content=\"Personeelsverzekeringen - Verzeker je personeel tegen arbeidsongevallen en tijdelijke arbeidsongeschiktheid.\" \/>\n<meta name=\"robots\" content=\"index, follow, max-snippet:-1, max-image-preview:large, max-video-preview:-1\" \/>\n<link rel=\"canonical\" href=\"https:\/\/www.transport-insurances.com\/fr\/personeels-verzekeringen\/\" \/>\n<meta property=\"og:locale\" content=\"fr_FR\" \/>\n<meta property=\"og:type\" content=\"article\" \/>\n<meta property=\"og:title\" content=\"PERSONEELS VERZEKERINGEN - TRANSPORT INSURANCE PACKAGE\" \/>\n<meta property=\"og:description\" content=\"Personeelsverzekeringen - Verzeker je personeel tegen arbeidsongevallen en tijdelijke arbeidsongeschiktheid.\" \/>\n<meta property=\"og:url\" content=\"https:\/\/www.transport-insurances.com\/fr\/personeels-verzekeringen\/\" \/>\n<meta property=\"og:site_name\" content=\"TRANSPORT INSURANCE PACKAGE\" \/>\n<meta property=\"article:modified_time\" content=\"2023-03-09T16:53:01+00:00\" \/>\n<meta name=\"twitter:card\" content=\"summary_large_image\" \/>\n<meta name=\"twitter:label1\" content=\"Dur\u00e9e de lecture est.\" \/>\n\t<meta name=\"twitter:data1\" content=\"2 minutes\" \/>\n<script type=\"application\/ld+json\" class=\"yoast-schema-graph\">{\"@context\":\"https:\/\/schema.org\",\"@graph\":[{\"@type\":\"WebPage\",\"@id\":\"https:\/\/www.transport-insurances.com\/personeels-verzekeringen\/\",\"url\":\"https:\/\/www.transport-insurances.com\/personeels-verzekeringen\/\",\"name\":\"PERSONEELS VERZEKERINGEN - TRANSPORT INSURANCE PACKAGE\",\"isPartOf\":{\"@id\":\"https:\/\/www.transport-insurances.com\/#website\"},\"datePublished\":\"2020-10-16T10:27:35+00:00\",\"dateModified\":\"2023-03-09T16:53:01+00:00\",\"description\":\"Personeelsverzekeringen - Verzeker je personeel tegen arbeidsongevallen en tijdelijke arbeidsongeschiktheid.\",\"breadcrumb\":{\"@id\":\"https:\/\/www.transport-insurances.com\/personeels-verzekeringen\/#breadcrumb\"},\"inLanguage\":\"fr-BE\",\"potentialAction\":[{\"@type\":\"ReadAction\",\"target\":[\"https:\/\/www.transport-insurances.com\/personeels-verzekeringen\/\"]}]},{\"@type\":\"BreadcrumbList\",\"@id\":\"https:\/\/www.transport-insurances.com\/personeels-verzekeringen\/#breadcrumb\",\"itemListElement\":[{\"@type\":\"ListItem\",\"position\":1,\"name\":\"Home\",\"item\":\"https:\/\/www.transport-insurances.com\/\"},{\"@type\":\"ListItem\",\"position\":2,\"name\":\"PERSONEELS VERZEKERINGEN\"}]},{\"@type\":\"WebSite\",\"@id\":\"https:\/\/www.transport-insurances.com\/#website\",\"url\":\"https:\/\/www.transport-insurances.com\/\",\"name\":\"TRANSPORT INSURANCE PACKAGE\",\"description\":\"Goed verzekerd en veilig de baan op\",\"potentialAction\":[{\"@type\":\"SearchAction\",\"target\":{\"@type\":\"EntryPoint\",\"urlTemplate\":\"https:\/\/www.transport-insurances.com\/?s={search_term_string}\"},\"query-input\":{\"@type\":\"PropertyValueSpecification\",\"valueRequired\":true,\"valueName\":\"search_term_string\"}}],\"inLanguage\":\"fr-BE\"}]}<\/script>\n<!-- \/ Yoast SEO plugin. -->","yoast_head_json":{"title":"PERSONEELS VERZEKERINGEN - TRANSPORT INSURANCE PACKAGE","description":"Personeelsverzekeringen - Verzeker je personeel tegen arbeidsongevallen en tijdelijke arbeidsongeschiktheid.","robots":{"index":"index","follow":"follow","max-snippet":"max-snippet:-1","max-image-preview":"max-image-preview:large","max-video-preview":"max-video-preview:-1"},"canonical":"https:\/\/www.transport-insurances.com\/fr\/personeels-verzekeringen\/","og_locale":"fr_FR","og_type":"article","og_title":"PERSONEELS VERZEKERINGEN - TRANSPORT INSURANCE PACKAGE","og_description":"Personeelsverzekeringen - Verzeker je personeel tegen arbeidsongevallen en tijdelijke arbeidsongeschiktheid.","og_url":"https:\/\/www.transport-insurances.com\/fr\/personeels-verzekeringen\/","og_site_name":"TRANSPORT INSURANCE PACKAGE","article_modified_time":"2023-03-09T16:53:01+00:00","twitter_card":"summary_large_image","twitter_misc":{"Dur\u00e9e de lecture est.":"2 minutes"},"schema":{"@context":"https:\/\/schema.org","@graph":[{"@type":"WebPage","@id":"https:\/\/www.transport-insurances.com\/personeels-verzekeringen\/","url":"https:\/\/www.transport-insurances.com\/personeels-verzekeringen\/","name":"PERSONEELS VERZEKERINGEN - TRANSPORT INSURANCE PACKAGE","isPartOf":{"@id":"https:\/\/www.transport-insurances.com\/#website"},"datePublished":"2020-10-16T10:27:35+00:00","dateModified":"2023-03-09T16:53:01+00:00","description":"Personeelsverzekeringen - Verzeker je personeel tegen arbeidsongevallen en tijdelijke arbeidsongeschiktheid.","breadcrumb":{"@id":"https:\/\/www.transport-insurances.com\/personeels-verzekeringen\/#breadcrumb"},"inLanguage":"fr-BE","potentialAction":[{"@type":"ReadAction","target":["https:\/\/www.transport-insurances.com\/personeels-verzekeringen\/"]}]},{"@type":"BreadcrumbList","@id":"https:\/\/www.transport-insurances.com\/personeels-verzekeringen\/#breadcrumb","itemListElement":[{"@type":"ListItem","position":1,"name":"Home","item":"https:\/\/www.transport-insurances.com\/"},{"@type":"ListItem","position":2,"name":"PERSONEELS VERZEKERINGEN"}]},{"@type":"WebSite","@id":"https:\/\/www.transport-insurances.com\/#website","url":"https:\/\/www.transport-insurances.com\/","name":"TRANSPORT INSURANCE PACKAGE","description":"Goed verzekerd en veilig de baan op","potentialAction":[{"@type":"SearchAction","target":{"@type":"EntryPoint","urlTemplate":"https:\/\/www.transport-insurances.com\/?s={search_term_string}"},"query-input":{"@type":"PropertyValueSpecification","valueRequired":true,"valueName":"search_term_string"}}],"inLanguage":"fr-BE"}]}},"_links":{"self":[{"href":"https:\/\/www.transport-insurances.com\/fr\/wp-json\/wp\/v2\/pages\/1217","targetHints":{"allow":["GET"]}}],"collection":[{"href":"https:\/\/www.transport-insurances.com\/fr\/wp-json\/wp\/v2\/pages"}],"about":[{"href":"https:\/\/www.transport-insurances.com\/fr\/wp-json\/wp\/v2\/types\/page"}],"author":[{"embeddable":true,"href":"https:\/\/www.transport-insurances.com\/fr\/wp-json\/wp\/v2\/users\/1"}],"replies":[{"embeddable":true,"href":"https:\/\/www.transport-insurances.com\/fr\/wp-json\/wp\/v2\/comments?post=1217"}],"version-history":[{"count":1,"href":"https:\/\/www.transport-insurances.com\/fr\/wp-json\/wp\/v2\/pages\/1217\/revisions"}],"predecessor-version":[{"id":2610,"href":"https:\/\/www.transport-insurances.com\/fr\/wp-json\/wp\/v2\/pages\/1217\/revisions\/2610"}],"wp:attachment":[{"href":"https:\/\/www.transport-insurances.com\/fr\/wp-json\/wp\/v2\/media?parent=1217"}],"curies":[{"name":"wp","href":"https:\/\/api.w.org\/{rel}","templated":true}]}}