{"id":1209,"date":"2020-10-16T12:18:42","date_gmt":"2020-10-16T10:18:42","guid":{"rendered":"https:\/\/transport-insurances.com\/?page_id=1209"},"modified":"2023-03-13T09:56:34","modified_gmt":"2023-03-13T08:56:34","slug":"rechtbijstand-vrachtwagen-trekker","status":"publish","type":"page","link":"https:\/\/www.transport-insurances.com\/fr\/rechtbijstand-vrachtwagen-trekker\/","title":{"rendered":"ASSISTANCE JURIDIQUE CAMION \/ TRACTEUR"},"content":{"rendered":"<section class=\"wpb-content-wrapper\"><div data-vc-full-width=\"true\" data-vc-full-width-init=\"false\" data-vc-stretch-content=\"true\" class=\"vc_row wpb_row vc_row-fluid vc_row-no-padding\"><div class=\"wpb_column vc_column_container vc_col-sm-12 sc_layouts_column_icons_position_left\"><div class=\"vc_column-inner\"><div class=\"wpb_wrapper\"><div class=\"vc_empty_space\"   style=\"height: 12em\"><span class=\"vc_empty_space_inner\"><\/span><\/div><\/div><\/div><\/div><\/div><div class=\"vc_row-full-width vc_clearfix\"><\/div><div class=\"vc_row wpb_row vc_row-fluid\"><div class=\"wpb_column vc_column_container vc_col-sm-12 sc_layouts_column_icons_position_left\"><div class=\"vc_column-inner\"><div class=\"wpb_wrapper\"><div class=\"vc_empty_space\"   style=\"height: 3.5em\"><span class=\"vc_empty_space_inner\"><\/span><\/div><div id=\"sc_icons_1555630557\" \n\tclass=\"sc_icons sc_icons_default sc_icons_size_large sc_align_left\"><div class=\"sc_icons_item\"><div id=\"sc_icons_1555630557_icon-3\" class=\"sc_icons_icon sc_icon_type_fontawesome icon-3\"\n\t\t\t\t\t\t style=\"color: #f4ba08\"\t\t\t\t\t\t><span class=\"sc_icon_type_fontawesome icon-3\" style=\"color: #f4ba08\"><\/span><\/div><\/div><\/div><!-- \/.sc_icons --><div class=\"vc_empty_space\"   style=\"height: 3.5em\"><span class=\"vc_empty_space_inner\"><\/span><\/div><div id=\"sc_title_702372982\"\n\t\tclass=\"sc_title sc_title_default\"><h2 class=\"sc_item_title sc_title_title sc_align_left sc_item_title_style_default\">ASSISTANCE JURIDIQUE CAMION \/ TRACTEUR<\/h2><\/div><!-- \/.sc_title --><div class=\"vc_empty_space\"   style=\"height: 3.5em\"><span class=\"vc_empty_space_inner\"><\/span><\/div><\/div><\/div><\/div><\/div><div class=\"vc_row wpb_row vc_row-fluid\"><div class=\"wpb_column vc_column_container vc_col-sm-12 sc_layouts_column_icons_position_left\"><div class=\"vc_column-inner\"><div class=\"wpb_wrapper\">\n\t<div class=\"wpb_text_column wpb_content_element\" >\n\t\t<div class=\"wpb_wrapper\">\n\t\t\t<p>Assistance juridique en cas de litige avec des clients ou des fournisseurs, jusqu\u2019\u00e0 un montant assur\u00e9 de 100.000 euros par sinistre pour diverses couvertures telles que la d\u00e9fense p\u00e9nale, la r\u00e9paration civile, la d\u00e9fense civile,\u2026<\/p>\n\n\t\t<\/div>\n\t<\/div>\n<div class=\"vc_empty_space\"   style=\"height: 6em\"><span class=\"vc_empty_space_inner\"><\/span><\/div><\/div><\/div><\/div><\/div><div data-vc-full-width=\"true\" data-vc-full-width-init=\"false\" class=\"vc_row wpb_row vc_row-fluid vc_custom_1675696845164 vc_row-has-fill scheme_dark\"><div class=\"wpb_column vc_column_container vc_col-sm-12 sc_layouts_column_icons_position_left\"><div class=\"vc_column-inner\"><div class=\"wpb_wrapper\"><div class=\"vc_empty_space\"   style=\"height: 3.5em\"><span class=\"vc_empty_space_inner\"><\/span><\/div><div id=\"sc_title_962057860\"\n\t\tclass=\"scheme_dark sc_title sc_title_default\"><h2 class=\"sc_item_title sc_title_title sc_align_center sc_item_title_style_default\">Calculez votre prime pour le pack ici<\/h2><div class=\"sc_item_descr sc_title_descr sc_align_center\">Vous pouvez facilement calculer la prime de votre assurance ici.<\/div><\/div><!-- \/.sc_title --><div class=\"vc_empty_space\"   style=\"height: 2em\"><span class=\"vc_empty_space_inner\"><\/span><\/div><div class=\"sc_item_button sc_button_wrap sc_align_center\"><a href=\"https:\/\/www.transport-insurances.com\/fr\/premie\/\" id=\"sc_button_332072244\" class=\"sc_button sc_button_default sc_button_size_large sc_button_icon_right\"><span class=\"sc_button_icon\"><span class=\"icon-right\"><\/span><\/span><span class=\"sc_button_text\"><span class=\"sc_button_title\">Calculez ici<\/span><\/span><!-- \/.sc_button_text --><\/a><!-- \/.sc_button --><\/div><!-- \/.sc_item_button --><div class=\"vc_empty_space\"   style=\"height: 2em\"><span class=\"vc_empty_space_inner\"><\/span><\/div><\/div><\/div><\/div><\/div><div class=\"vc_row-full-width vc_clearfix\"><\/div>\n<\/section>","protected":false},"excerpt":{"rendered":"RECHTBIJSTAND VRACHTWAGEN\/TREKKER Juridische hulp bij geschillen met klanten of leveranciers, tot een verzekerd bedrag van 100.000 euro per schadegeval voor diverse dekkingen. Zoals strafrechterlijke verdediging, burgerlijk verhaal, burgerlijke verdediging, \u2026 Premie berekenen voor het pakketU kunt hier eenvoudig de premie voor uw verzekering berekenen.Bereken hier","protected":false},"author":1,"featured_media":0,"parent":0,"menu_order":0,"comment_status":"closed","ping_status":"closed","template":"","meta":{"footnotes":""},"class_list":["post-1209","page","type-page","status-publish","hentry"],"yoast_head":"<!-- This site is optimized with the Yoast SEO plugin v23.9 - https:\/\/yoast.com\/wordpress\/plugins\/seo\/ -->\n<title>RECHTBIJSTAND VRACHTWAGEN\/TREKKER - TRANSPORT INSURANCE PACKAGE<\/title>\n<meta name=\"description\" content=\"Rechtsbijstand vrachtwagen \/ trekker - Ook voor uw vrachtwagen of trekker kan u een rechtsbijstand afsluiten.\" \/>\n<meta name=\"robots\" content=\"index, follow, max-snippet:-1, max-image-preview:large, max-video-preview:-1\" \/>\n<link rel=\"canonical\" href=\"https:\/\/www.transport-insurances.com\/fr\/rechtbijstand-vrachtwagen-trekker\/\" \/>\n<meta property=\"og:locale\" content=\"fr_FR\" \/>\n<meta property=\"og:type\" content=\"article\" \/>\n<meta property=\"og:title\" content=\"RECHTBIJSTAND VRACHTWAGEN\/TREKKER - TRANSPORT INSURANCE PACKAGE\" \/>\n<meta property=\"og:description\" content=\"Rechtsbijstand vrachtwagen \/ trekker - Ook voor uw vrachtwagen of trekker kan u een rechtsbijstand afsluiten.\" \/>\n<meta property=\"og:url\" content=\"https:\/\/www.transport-insurances.com\/fr\/rechtbijstand-vrachtwagen-trekker\/\" \/>\n<meta property=\"og:site_name\" content=\"TRANSPORT INSURANCE PACKAGE\" \/>\n<meta property=\"article:modified_time\" content=\"2023-03-13T08:56:34+00:00\" \/>\n<meta name=\"twitter:card\" content=\"summary_large_image\" \/>\n<meta name=\"twitter:label1\" content=\"Dur\u00e9e de lecture est.\" \/>\n\t<meta name=\"twitter:data1\" content=\"1 minute\" \/>\n<script type=\"application\/ld+json\" class=\"yoast-schema-graph\">{\"@context\":\"https:\/\/schema.org\",\"@graph\":[{\"@type\":\"WebPage\",\"@id\":\"https:\/\/www.transport-insurances.com\/fr\/rechtbijstand-vrachtwagen-trekker\/\",\"url\":\"https:\/\/www.transport-insurances.com\/fr\/rechtbijstand-vrachtwagen-trekker\/\",\"name\":\"RECHTBIJSTAND VRACHTWAGEN\/TREKKER - TRANSPORT INSURANCE PACKAGE\",\"isPartOf\":{\"@id\":\"https:\/\/www.transport-insurances.com\/#website\"},\"datePublished\":\"2020-10-16T10:18:42+00:00\",\"dateModified\":\"2023-03-13T08:56:34+00:00\",\"description\":\"Rechtsbijstand vrachtwagen \/ trekker - Ook voor uw vrachtwagen of trekker kan u een rechtsbijstand afsluiten.\",\"breadcrumb\":{\"@id\":\"https:\/\/www.transport-insurances.com\/fr\/rechtbijstand-vrachtwagen-trekker\/#breadcrumb\"},\"inLanguage\":\"fr-BE\",\"potentialAction\":[{\"@type\":\"ReadAction\",\"target\":[\"https:\/\/www.transport-insurances.com\/fr\/rechtbijstand-vrachtwagen-trekker\/\"]}]},{\"@type\":\"BreadcrumbList\",\"@id\":\"https:\/\/www.transport-insurances.com\/fr\/rechtbijstand-vrachtwagen-trekker\/#breadcrumb\",\"itemListElement\":[{\"@type\":\"ListItem\",\"position\":1,\"name\":\"Home\",\"item\":\"https:\/\/www.transport-insurances.com\/\"},{\"@type\":\"ListItem\",\"position\":2,\"name\":\"RECHTBIJSTAND VRACHTWAGEN\/TREKKER\"}]},{\"@type\":\"WebSite\",\"@id\":\"https:\/\/www.transport-insurances.com\/#website\",\"url\":\"https:\/\/www.transport-insurances.com\/\",\"name\":\"TRANSPORT INSURANCE PACKAGE\",\"description\":\"Goed verzekerd en veilig de baan op\",\"potentialAction\":[{\"@type\":\"SearchAction\",\"target\":{\"@type\":\"EntryPoint\",\"urlTemplate\":\"https:\/\/www.transport-insurances.com\/?s={search_term_string}\"},\"query-input\":{\"@type\":\"PropertyValueSpecification\",\"valueRequired\":true,\"valueName\":\"search_term_string\"}}],\"inLanguage\":\"fr-BE\"}]}<\/script>\n<!-- \/ Yoast SEO plugin. -->","yoast_head_json":{"title":"RECHTBIJSTAND VRACHTWAGEN\/TREKKER - TRANSPORT INSURANCE PACKAGE","description":"Rechtsbijstand vrachtwagen \/ trekker - Ook voor uw vrachtwagen of trekker kan u een rechtsbijstand afsluiten.","robots":{"index":"index","follow":"follow","max-snippet":"max-snippet:-1","max-image-preview":"max-image-preview:large","max-video-preview":"max-video-preview:-1"},"canonical":"https:\/\/www.transport-insurances.com\/fr\/rechtbijstand-vrachtwagen-trekker\/","og_locale":"fr_FR","og_type":"article","og_title":"RECHTBIJSTAND VRACHTWAGEN\/TREKKER - TRANSPORT INSURANCE PACKAGE","og_description":"Rechtsbijstand vrachtwagen \/ trekker - Ook voor uw vrachtwagen of trekker kan u een rechtsbijstand afsluiten.","og_url":"https:\/\/www.transport-insurances.com\/fr\/rechtbijstand-vrachtwagen-trekker\/","og_site_name":"TRANSPORT INSURANCE PACKAGE","article_modified_time":"2023-03-13T08:56:34+00:00","twitter_card":"summary_large_image","twitter_misc":{"Dur\u00e9e de lecture est.":"1 minute"},"schema":{"@context":"https:\/\/schema.org","@graph":[{"@type":"WebPage","@id":"https:\/\/www.transport-insurances.com\/fr\/rechtbijstand-vrachtwagen-trekker\/","url":"https:\/\/www.transport-insurances.com\/fr\/rechtbijstand-vrachtwagen-trekker\/","name":"RECHTBIJSTAND VRACHTWAGEN\/TREKKER - TRANSPORT INSURANCE PACKAGE","isPartOf":{"@id":"https:\/\/www.transport-insurances.com\/#website"},"datePublished":"2020-10-16T10:18:42+00:00","dateModified":"2023-03-13T08:56:34+00:00","description":"Rechtsbijstand vrachtwagen \/ trekker - Ook voor uw vrachtwagen of trekker kan u een rechtsbijstand afsluiten.","breadcrumb":{"@id":"https:\/\/www.transport-insurances.com\/fr\/rechtbijstand-vrachtwagen-trekker\/#breadcrumb"},"inLanguage":"fr-BE","potentialAction":[{"@type":"ReadAction","target":["https:\/\/www.transport-insurances.com\/fr\/rechtbijstand-vrachtwagen-trekker\/"]}]},{"@type":"BreadcrumbList","@id":"https:\/\/www.transport-insurances.com\/fr\/rechtbijstand-vrachtwagen-trekker\/#breadcrumb","itemListElement":[{"@type":"ListItem","position":1,"name":"Home","item":"https:\/\/www.transport-insurances.com\/"},{"@type":"ListItem","position":2,"name":"RECHTBIJSTAND VRACHTWAGEN\/TREKKER"}]},{"@type":"WebSite","@id":"https:\/\/www.transport-insurances.com\/#website","url":"https:\/\/www.transport-insurances.com\/","name":"TRANSPORT INSURANCE PACKAGE","description":"Goed verzekerd en veilig de baan op","potentialAction":[{"@type":"SearchAction","target":{"@type":"EntryPoint","urlTemplate":"https:\/\/www.transport-insurances.com\/?s={search_term_string}"},"query-input":{"@type":"PropertyValueSpecification","valueRequired":true,"valueName":"search_term_string"}}],"inLanguage":"fr-BE"}]}},"_links":{"self":[{"href":"https:\/\/www.transport-insurances.com\/fr\/wp-json\/wp\/v2\/pages\/1209","targetHints":{"allow":["GET"]}}],"collection":[{"href":"https:\/\/www.transport-insurances.com\/fr\/wp-json\/wp\/v2\/pages"}],"about":[{"href":"https:\/\/www.transport-insurances.com\/fr\/wp-json\/wp\/v2\/types\/page"}],"author":[{"embeddable":true,"href":"https:\/\/www.transport-insurances.com\/fr\/wp-json\/wp\/v2\/users\/1"}],"replies":[{"embeddable":true,"href":"https:\/\/www.transport-insurances.com\/fr\/wp-json\/wp\/v2\/comments?post=1209"}],"version-history":[{"count":1,"href":"https:\/\/www.transport-insurances.com\/fr\/wp-json\/wp\/v2\/pages\/1209\/revisions"}],"predecessor-version":[{"id":2567,"href":"https:\/\/www.transport-insurances.com\/fr\/wp-json\/wp\/v2\/pages\/1209\/revisions\/2567"}],"wp:attachment":[{"href":"https:\/\/www.transport-insurances.com\/fr\/wp-json\/wp\/v2\/media?parent=1209"}],"curies":[{"name":"wp","href":"https:\/\/api.w.org\/{rel}","templated":true}]}}