{"id":1203,"date":"2020-10-16T12:02:09","date_gmt":"2020-10-16T10:02:09","guid":{"rendered":"https:\/\/transport-insurances.com\/?page_id=1203"},"modified":"2023-03-13T10:02:29","modified_gmt":"2023-03-13T09:02:29","slug":"verzekeringen","status":"publish","type":"page","link":"https:\/\/www.transport-insurances.com\/fr\/verzekeringen\/","title":{"rendered":"ASSURANCES"},"content":{"rendered":"<section class=\"wpb-content-wrapper\"><div data-vc-full-width=\"true\" data-vc-full-width-init=\"false\" class=\"vc_row wpb_row vc_row-fluid\"><div class=\"wpb_column vc_column_container vc_col-sm-12 sc_layouts_column_icons_position_left\"><div class=\"vc_column-inner\"><div class=\"wpb_wrapper\"><div class=\"vc_empty_space\"   style=\"height: 20em\"><span class=\"vc_empty_space_inner\"><\/span><\/div><\/div><\/div><\/div><\/div><div class=\"vc_row-full-width vc_clearfix\"><\/div><div data-vc-full-width=\"true\" data-vc-full-width-init=\"false\" data-vc-stretch-content=\"true\" class=\"vc_row wpb_row vc_row-fluid vc_row-o-equal-height vc_row-flex\"><div class=\"wpb_column vc_column_container vc_col-sm-3 vc_col-has-fill sc_layouts_column_icons_position_left\"><div class=\"vc_column-inner vc_custom_1590477224183\"><div class=\"wpb_wrapper\"><div class=\"vc_empty_space\"   style=\"height: 7.45em\"><span class=\"vc_empty_space_inner\"><\/span><\/div><div id=\"sc_icons_1335873242\" \n\tclass=\"sc_icons sc_icons_default sc_icons_size_small sc_align_center  vc_custom_1590476250416\"><div class=\"sc_icons_item\"><div id=\"sc_icons_1335873242_icon-cars\" class=\"sc_icons_icon sc_icon_type_fontawesome icon-cars\"\n\t\t\t\t\t\t\t\t\t\t\t\t><span class=\"sc_icon_type_fontawesome icon-cars\"><\/span><\/div><\/div><\/div><!-- \/.sc_icons -->\n\t<div class=\"wpb_text_column wpb_content_element  vc_custom_1591867255954\" >\n\t\t<div class=\"wpb_wrapper\">\n\t\t\t<h4 style=\"text-align: center;\">1. RC CAMION \/ TRACTEUR<\/h4>\n\n\t\t<\/div>\n\t<\/div>\n<div class=\"vc_empty_space\"   style=\"height: 1em\"><span class=\"vc_empty_space_inner\"><\/span><\/div>\n\t<div class=\"wpb_text_column wpb_content_element  vc_custom_1603195603211\" >\n\t\t<div class=\"wpb_wrapper\">\n\t\t\t<p style=\"text-align: center;\">L\u2019assurance Responsabilit\u00e9 Civile des camions et tracteurs est obligatoire en vertu de la loi du 21\/11\/1989.  Elle intervient pour tous dommages corporels et mat\u00e9riels caus\u00e9s \u00e0 des tiers pour lesquels la responsabilit\u00e9 de votre chauffeur est engag\u00e9e.<\/p>\n<p style=\"text-align: center;\"><a href=\"https:\/\/www.transport-insurances.com\/fr\/ba-vrachtwagen-trekker\/\">&gt; Continuez<\/a><\/p>\n\n\t\t<\/div>\n\t<\/div>\n<div class=\"vc_empty_space\"   style=\"height: 7.6em\"><span class=\"vc_empty_space_inner\"><\/span><\/div><\/div><\/div><\/div><div class=\"wpb_column vc_column_container vc_col-sm-3 vc_col-has-fill sc_layouts_column_icons_position_left\"><div class=\"vc_column-inner vc_custom_1603448077028\"><div class=\"wpb_wrapper\"><div class=\"vc_empty_space\"   style=\"height: 7.45em\"><span class=\"vc_empty_space_inner\"><\/span><\/div><div id=\"sc_icons_418208176\" \n\tclass=\"sc_icons sc_icons_default sc_icons_size_small sc_align_center  vc_custom_1590476858882\"><div class=\"sc_icons_item\"><div id=\"sc_icons_418208176_icon-paper-plane\" class=\"sc_icons_icon sc_icon_type_fontawesome icon-paper-plane\"\n\t\t\t\t\t\t\t\t\t\t\t\t><span class=\"sc_icon_type_fontawesome icon-paper-plane\"><\/span><\/div><\/div><\/div><!-- \/.sc_icons -->\n\t<div class=\"wpb_text_column wpb_content_element  vc_custom_1591867339663\" >\n\t\t<div class=\"wpb_wrapper\">\n\t\t\t<h4 style=\"text-align: center;\">2. ASSURANCE ACCIDENTS DU TRAVAIL<\/h4>\n\n\t\t<\/div>\n\t<\/div>\n<div class=\"vc_empty_space\"   style=\"height: 1em\"><span class=\"vc_empty_space_inner\"><\/span><\/div>\n\t<div class=\"wpb_text_column wpb_content_element  vc_custom_1603195703338\" >\n\t\t<div class=\"wpb_wrapper\">\n\t\t\t<p style=\"text-align: center;\">D\u00e8s que vous employez un membre de personnel, l\u2019assurance accidents du travail est l\u00e9galement obligatoire en Belgique.  L\u2019assurance intervient \u00e0 divers niveaux lorsqu\u2019un accident se produit.<\/p>\n<p style=\"text-align: center;\"><a href=\"https:\/\/www.transport-insurances.com\/fr\/personeels-verzekeringen\/\">&gt; Continuez<\/a><\/p>\n\n\t\t<\/div>\n\t<\/div>\n<div class=\"vc_empty_space\"   style=\"height: 7.6em\"><span class=\"vc_empty_space_inner\"><\/span><\/div><\/div><\/div><\/div><div class=\"wpb_column vc_column_container vc_col-sm-3 vc_col-has-fill sc_layouts_column_icons_position_left scheme_dark\"><div class=\"vc_column-inner vc_custom_1589551735926\"><div class=\"wpb_wrapper\"><div class=\"vc_empty_space\"   style=\"height: 7.45em\"><span class=\"vc_empty_space_inner\"><\/span><\/div><div id=\"sc_icons_207220283\" \n\tclass=\"sc_icons sc_icons_default sc_icons_size_small sc_align_center  vc_custom_1590475615296\"><div class=\"sc_icons_item\"><div id=\"sc_icons_207220283_icon-3\" class=\"sc_icons_icon sc_icon_type_fontawesome icon-3\"\n\t\t\t\t\t\t\t\t\t\t\t\t><span class=\"sc_icon_type_fontawesome icon-3\"><\/span><\/div><\/div><\/div><!-- \/.sc_icons -->\n\t<div class=\"wpb_text_column wpb_content_element  vc_custom_1591867389911\" >\n\t\t<div class=\"wpb_wrapper\">\n\t\t\t<h4 style=\"text-align: center;\">3. ASSISTANCE JURIDIQUE CAMION \/ TRACTEUR<\/h4>\n\n\t\t<\/div>\n\t<\/div>\n<div class=\"vc_empty_space\"   style=\"height: 1em\"><span class=\"vc_empty_space_inner\"><\/span><\/div>\n\t<div class=\"wpb_text_column wpb_content_element  vc_custom_1678286840585\" >\n\t\t<div class=\"wpb_wrapper\">\n\t\t\t<p style=\"text-align: center;\"><span style=\"color: #ffffff;\">Assistance juridique en cas de litige avec des clients ou des fournisseurs, jusqu\u2019\u00e0 un montant assur\u00e9 de 100.000 euros par sinistre pour diverses couvertures telles que la d\u00e9fense p\u00e9nale, la r\u00e9paration civile, la d\u00e9fense civile,\u2026<\/span><\/p>\n<p style=\"text-align: center;\"><span style=\"color: #ffffff;\"><a style=\"color: #ffffff;\" href=\"https:\/\/www.transport-insurances.com\/fr\/rechtbijstand-vrachtwagen-trekker\/\">&gt; Continuez<\/a><\/span><\/p>\n\n\t\t<\/div>\n\t<\/div>\n<div class=\"vc_empty_space\"   style=\"height: 7.6em\"><span class=\"vc_empty_space_inner\"><\/span><\/div><\/div><\/div><\/div><div class=\"wpb_column vc_column_container vc_col-sm-3 vc_col-has-fill sc_layouts_column_icons_position_left scheme_dark\"><div class=\"vc_column-inner vc_custom_1591867028271\"><div class=\"wpb_wrapper\"><div class=\"vc_empty_space\"   style=\"height: 7.45em\"><span class=\"vc_empty_space_inner\"><\/span><\/div><div id=\"sc_icons_2001444073\" \n\tclass=\"sc_icons sc_icons_default sc_icons_size_small sc_align_center  vc_custom_1591872236975\"><div class=\"sc_icons_item\"><div id=\"sc_icons_2001444073_fa fa-sticky-note-o\" class=\"sc_icons_icon sc_icon_type_fontawesome fa fa-sticky-note-o\"\n\t\t\t\t\t\t style=\"color: #ffffff\"\t\t\t\t\t\t><span class=\"sc_icon_type_fontawesome fa fa-sticky-note-o\" style=\"color: #ffffff\"><\/span><\/div><\/div><\/div><!-- \/.sc_icons -->\n\t<div class=\"wpb_text_column wpb_content_element  vc_custom_1591867451700\" >\n\t\t<div class=\"wpb_wrapper\">\n\t\t\t<h4 style=\"text-align: center;\">4. CMR : RESPONSABILITE DE L'ENTREPRENEUR<\/h4>\n\n\t\t<\/div>\n\t<\/div>\n<div class=\"vc_empty_space\"   style=\"height: 1em\"><span class=\"vc_empty_space_inner\"><\/span><\/div>\n\t<div class=\"wpb_text_column wpb_content_element  vc_custom_1603195650828\" >\n\t\t<div class=\"wpb_wrapper\">\n\t\t\t<p style=\"text-align: center;\"><span style=\"color: #ffffff;\">Vous \u00eates une entreprise de transport qui fait du transport des marchandises \u00e0 domicile et\/ou \u00e0 l\u2019\u00e9tranger?  Dans ce cas, l\u2019assurance CMR s\u2019impose dans tous les cas.  Cette assurance intervient lorsque des dommages, pertes, vols, etc. surviennent pendant la p\u00e9riode de laquelle vous \u00eates responsable de la marchandise.<\/span><\/p>\n<p style=\"text-align: center;\"><span style=\"color: #ffffff;\"><a style=\"color: #ffffff;\" href=\"https:\/\/www.transport-insurances.com\/fr\/cmr-contractuele-aansprakelijkheid-van-de-vervoerder\/\">&gt; Continuez<\/a><\/span><\/p>\n\n\t\t<\/div>\n\t<\/div>\n<div class=\"vc_empty_space\"   style=\"height: 7.6em\"><span class=\"vc_empty_space_inner\"><\/span><\/div><\/div><\/div><\/div><\/div><div class=\"vc_row-full-width vc_clearfix\"><\/div><div data-vc-full-width=\"true\" data-vc-full-width-init=\"false\" data-vc-stretch-content=\"true\" class=\"vc_row wpb_row vc_row-fluid vc_custom_1591868631667 vc_row-has-fill vc_row-o-equal-height vc_row-flex\"><div class=\"wpb_column vc_column_container vc_col-sm-3 vc_col-has-fill sc_layouts_column_icons_position_left scheme_dark\"><div class=\"vc_column-inner vc_custom_1678286723632\"><div class=\"wpb_wrapper\"><div class=\"vc_empty_space\"   style=\"height: 7.45em\"><span class=\"vc_empty_space_inner\"><\/span><\/div><div id=\"sc_icons_895263005\" \n\tclass=\"sc_icons sc_icons_default sc_icons_size_small sc_align_center  vc_custom_1590475762997\"><div class=\"sc_icons_item\"><div id=\"sc_icons_895263005_icon-box\" class=\"sc_icons_icon sc_icon_type_fontawesome icon-box\"\n\t\t\t\t\t\t style=\"color: #ffffff\"\t\t\t\t\t\t><span class=\"sc_icon_type_fontawesome icon-box\" style=\"color: #ffffff\"><\/span><\/div><\/div><\/div><!-- \/.sc_icons -->\n\t<div class=\"wpb_text_column wpb_content_element  vc_custom_1591867796363\" >\n\t\t<div class=\"wpb_wrapper\">\n\t\t\t<h4 style=\"text-align: center;\">5. RCT = RESPONSABILITE CONTENEUR \/ REMORQUE<\/h4>\n\n\t\t<\/div>\n\t<\/div>\n<div class=\"vc_empty_space\"   style=\"height: 1em\"><span class=\"vc_empty_space_inner\"><\/span><\/div>\n\t<div class=\"wpb_text_column wpb_content_element  vc_custom_1655969101248\" >\n\t\t<div class=\"wpb_wrapper\">\n\t\t\t<p style=\"text-align: center;\"><span style=\"color: #ffffff;\">L\u2019assurance responsabilit\u00e9 civile du transporteur \u00e0 l\u2019\u00e9gard des conteneurs \/ remorque (RCT) est int\u00e9ressante si vous louez ou empruntez r\u00e9guli\u00e8rement des conteneurs, remorques, \u2026 etc.  Cette assurance intervient en cas d\u2019endommagement ou de perte du mat\u00e9riel lou\u00e9.<\/span><\/p>\n<p style=\"text-align: center;\"><span style=\"color: #ffffff;\"><a style=\"color: #ffffff;\" href=\"https:\/\/www.transport-insurances.com\/fr\/cta-container-traileraansprakelijkheid\/\">&gt; Continuez<\/a><\/span><\/p>\n\n\t\t<\/div>\n\t<\/div>\n<div class=\"vc_empty_space\"   style=\"height: 7.6em\"><span class=\"vc_empty_space_inner\"><\/span><\/div><\/div><\/div><\/div><div class=\"wpb_column vc_column_container vc_col-sm-3 vc_col-has-fill sc_layouts_column_icons_position_left scheme_dark\"><div class=\"vc_column-inner vc_custom_1678286738020\"><div class=\"wpb_wrapper\"><div class=\"vc_empty_space\"   style=\"height: 7.45em\"><span class=\"vc_empty_space_inner\"><\/span><\/div><div id=\"sc_icons_973271039\" \n\tclass=\"sc_icons sc_icons_default sc_icons_size_small sc_align_center  vc_custom_1590475800288\"><div class=\"sc_icons_item\"><div id=\"sc_icons_973271039_icon-home-alt\" class=\"sc_icons_icon sc_icon_type_fontawesome icon-home-alt\"\n\t\t\t\t\t\t\t\t\t\t\t\t><span class=\"sc_icon_type_fontawesome icon-home-alt\"><\/span><\/div><\/div><\/div><!-- \/.sc_icons -->\n\t<div class=\"wpb_text_column wpb_content_element  vc_custom_1591867845410\" >\n\t\t<div class=\"wpb_wrapper\">\n\t\t\t<h4 style=\"text-align: center;\">6. RC EXPLOITATION &amp; RC APRES LIVRAISON<\/h4>\n\n\t\t<\/div>\n\t<\/div>\n<div class=\"vc_empty_space\"   style=\"height: 1em\"><span class=\"vc_empty_space_inner\"><\/span><\/div>\n\t<div class=\"wpb_text_column wpb_content_element  vc_custom_1678286772417\" >\n\t\t<div class=\"wpb_wrapper\">\n\t\t\t<p style=\"text-align: center;\"><span style=\"color: #ffffff;\">La RC exploitation est parfois consid\u00e9r\u00e9e comme l\u2019assurance familiale du monde des affaires.  Apr\u00e8s tout, cette assurance couvre tous les dommages caus\u00e9s \u00e0 des tiers au sein ou en dehors de l\u2019entreprise.  De plus, le nombre de r\u00e9clamations en dommages et les montants r\u00e9clam\u00e9s montent tr\u00e8s vite. Une RC Exploitation est donc une obligation pour tout entreprise moderne.<\/span><\/p>\n<p style=\"text-align: center;\"><span style=\"color: #ffffff;\"><a style=\"color: #ffffff;\" href=\"https:\/\/www.transport-insurances.com\/fr\/ba-uitbating-ba-na-levering\/\">&gt; Continuez<\/a><\/span><\/p>\n\n\t\t<\/div>\n\t<\/div>\n<div class=\"vc_empty_space\"   style=\"height: 7.6em\"><span class=\"vc_empty_space_inner\"><\/span><\/div><\/div><\/div><\/div><div class=\"wpb_column vc_column_container vc_col-sm-3 vc_col-has-fill sc_layouts_column_icons_position_left\"><div class=\"vc_column-inner vc_custom_1603448087293\"><div class=\"wpb_wrapper\"><div class=\"vc_empty_space\"   style=\"height: 7.45em\"><span class=\"vc_empty_space_inner\"><\/span><\/div><div id=\"sc_icons_2090703170\" \n\tclass=\"sc_icons sc_icons_default sc_icons_size_small sc_align_center  vc_custom_1590476041231\"><div class=\"sc_icons_item\"><div id=\"sc_icons_2090703170_icon-2\" class=\"sc_icons_icon sc_icon_type_fontawesome icon-2\"\n\t\t\t\t\t\t\t\t\t\t\t\t><span class=\"sc_icon_type_fontawesome icon-2\"><\/span><\/div><\/div><\/div><!-- \/.sc_icons -->\n\t<div class=\"wpb_text_column wpb_content_element  vc_custom_1591867890342\" >\n\t\t<div class=\"wpb_wrapper\">\n\t\t\t<h4 style=\"text-align: center;\">OMNIUM CAMION \/ TRACTEUR<\/h4>\n\n\t\t<\/div>\n\t<\/div>\n<div class=\"vc_empty_space\"   style=\"height: 1em\"><span class=\"vc_empty_space_inner\"><\/span><\/div>\n\t<div class=\"wpb_text_column wpb_content_element  vc_custom_1603195617057\" >\n\t\t<div class=\"wpb_wrapper\">\n\t\t\t<p style=\"text-align: center;\">Pour l\u2019omnium, nous nous basons toujours sur la valeur assur\u00e9e de votre v\u00e9hicule. Ensemble, nous d\u00e9terminerons la valeur. Cette garantie s\u2019ajoute aux six autres garanties.<\/p>\n<p style=\"text-align: center;\"><a href=\"https:\/\/www.transport-insurances.com\/fr\/omnium-vrachtwagen-trekker\/\">&gt; Continuez<\/a><\/p>\n\n\t\t<\/div>\n\t<\/div>\n<div class=\"vc_empty_space\"   style=\"height: 7.6em\"><span class=\"vc_empty_space_inner\"><\/span><\/div><\/div><\/div><\/div><div class=\"wpb_column vc_column_container vc_col-sm-3 vc_col-has-fill sc_layouts_column_icons_position_left\"><div class=\"vc_column-inner vc_custom_1590477232048\"><div class=\"wpb_wrapper\"><div class=\"vc_empty_space\"   style=\"height: 7.45em\"><span class=\"vc_empty_space_inner\"><\/span><\/div><div id=\"sc_icons_1268694062\" \n\tclass=\"sc_icons sc_icons_default sc_icons_size_small sc_align_center  vc_custom_1590476157294\"><div class=\"sc_icons_item\"><div id=\"sc_icons_1268694062_icon-1\" class=\"sc_icons_icon sc_icon_type_fontawesome icon-1\"\n\t\t\t\t\t\t\t\t\t\t\t\t><span class=\"sc_icon_type_fontawesome icon-1\"><\/span><\/div><\/div><\/div><!-- \/.sc_icons -->\n\t<div class=\"wpb_text_column wpb_content_element  vc_custom_1590475290502\" >\n\t\t<div class=\"wpb_wrapper\">\n\t\t\t<h4 style=\"text-align: center;\">6 GARANTIES POUR UN  SEUL PRIX<\/h4>\n\n\t\t<\/div>\n\t<\/div>\n<div class=\"vc_empty_space\"   style=\"height: 1em\"><span class=\"vc_empty_space_inner\"><\/span><\/div>\n\t<div class=\"wpb_text_column wpb_content_element  vc_custom_1603195717116\" >\n\t\t<div class=\"wpb_wrapper\">\n\t\t\t<p class=\"p1\" style=\"text-align: center;\">Garanties:<\/p>\n<ul style=\"text-align: left;\">\n<li class=\"p2\">RCT = RESPONSABILITE CONTENEUR \/ REMORQUE<\/li>\n<li class=\"p2\">ASSURANCE ACCIDENTS DU TRAVAIL<\/li>\n<li class=\"p2\">ASSISTANCE JURIDIQUE CAMION \/ TRACTEUR<\/li>\n<li class=\"p2\">CMR<\/li>\n<li class=\"p2\">RCT<\/li>\n<li class=\"p2\">RC EXPLOITATION &amp; RC APRES LIVRAISON<\/li>\n<\/ul>\n<p style=\"text-align: center;\">Optionnel:<\/p>\n<ul>\n<li style=\"text-align: left;\">Omnium Camion\/Tracteur<\/li>\n<\/ul>\n\n\t\t<\/div>\n\t<\/div>\n<div class=\"vc_empty_space\"   style=\"height: 7.6em\"><span class=\"vc_empty_space_inner\"><\/span><\/div><\/div><\/div><\/div><\/div><div class=\"vc_row-full-width vc_clearfix\"><\/div><div class=\"vc_row wpb_row vc_row-fluid\"><div class=\"wpb_column vc_column_container vc_col-sm-12 sc_layouts_column_icons_position_left\"><div class=\"vc_column-inner\"><div class=\"wpb_wrapper\"><div class=\"vc_empty_space  height_tiny\"   style=\"height: 0.5em\"><span class=\"vc_empty_space_inner\"><\/span><\/div><\/div><\/div><\/div><\/div><div class=\"vc_row wpb_row vc_row-fluid\"><div class=\"wpb_column vc_column_container vc_col-sm-12 sc_layouts_column_icons_position_left\"><div class=\"vc_column-inner\"><div class=\"wpb_wrapper\">\n\t<div class=\"wpb_text_column wpb_content_element\" >\n\t\t<div class=\"wpb_wrapper\">\n\t\t\t<p>\u00a0<\/p>\n\n\t\t<\/div>\n\t<\/div>\n<\/div><\/div><\/div><\/div>\n<\/section>","protected":false},"excerpt":{"rendered":"1. BA VRACHTWAGEN \/ TREKKER De verzekering Burgerlijke Aansprakelijkheid voor vrachtwagens en trekkers is verplicht bij Wet van 21\/11\/1989. Ze komt tussen bij alle lichamelijke en stoffelijke schade aan derden waarbij uw voertuig verantwoordelijk gesteld wordt. &gt; Lees meer 2. PERSONEELSVERZEKERING Van zodra u \u00e9\u00e9n personeelslid in dienst hebt, is een arbeidsongevallenverzekering wettelijk verplicht in Belgi\u00eb. De verzekering komt op&hellip;","protected":false},"author":1,"featured_media":0,"parent":0,"menu_order":0,"comment_status":"closed","ping_status":"closed","template":"","meta":{"footnotes":""},"class_list":["post-1203","page","type-page","status-publish","hentry"],"yoast_head":"<!-- This site is optimized with the Yoast SEO plugin v23.9 - https:\/\/yoast.com\/wordpress\/plugins\/seo\/ -->\n<title>VERZEKERINGEN - TRANSPORT INSURANCE PACKAGE<\/title>\n<meta name=\"description\" content=\"Verzekeringen Transport Insurance Package - Bekijk welke verzekeringen wij allemaal opnemen in onze Transport Insurance Package.\" \/>\n<meta name=\"robots\" content=\"index, follow, max-snippet:-1, max-image-preview:large, max-video-preview:-1\" \/>\n<link rel=\"canonical\" href=\"https:\/\/www.transport-insurances.com\/fr\/verzekeringen\/\" \/>\n<meta property=\"og:locale\" content=\"fr_FR\" \/>\n<meta property=\"og:type\" content=\"article\" \/>\n<meta property=\"og:title\" content=\"VERZEKERINGEN - TRANSPORT INSURANCE PACKAGE\" \/>\n<meta property=\"og:description\" content=\"Verzekeringen Transport Insurance Package - Bekijk welke verzekeringen wij allemaal opnemen in onze Transport Insurance Package.\" \/>\n<meta property=\"og:url\" content=\"https:\/\/www.transport-insurances.com\/fr\/verzekeringen\/\" \/>\n<meta property=\"og:site_name\" content=\"TRANSPORT INSURANCE PACKAGE\" \/>\n<meta property=\"article:modified_time\" content=\"2023-03-13T09:02:29+00:00\" \/>\n<meta name=\"twitter:card\" content=\"summary_large_image\" \/>\n<meta name=\"twitter:label1\" content=\"Dur\u00e9e de lecture est.\" \/>\n\t<meta name=\"twitter:data1\" content=\"4 minutes\" \/>\n<script type=\"application\/ld+json\" class=\"yoast-schema-graph\">{\"@context\":\"https:\/\/schema.org\",\"@graph\":[{\"@type\":\"WebPage\",\"@id\":\"https:\/\/www.transport-insurances.com\/verzekeringen\/\",\"url\":\"https:\/\/www.transport-insurances.com\/verzekeringen\/\",\"name\":\"VERZEKERINGEN - TRANSPORT INSURANCE PACKAGE\",\"isPartOf\":{\"@id\":\"https:\/\/www.transport-insurances.com\/#website\"},\"datePublished\":\"2020-10-16T10:02:09+00:00\",\"dateModified\":\"2023-03-13T09:02:29+00:00\",\"description\":\"Verzekeringen Transport Insurance Package - Bekijk welke verzekeringen wij allemaal opnemen in onze Transport Insurance Package.\",\"breadcrumb\":{\"@id\":\"https:\/\/www.transport-insurances.com\/verzekeringen\/#breadcrumb\"},\"inLanguage\":\"fr-BE\",\"potentialAction\":[{\"@type\":\"ReadAction\",\"target\":[\"https:\/\/www.transport-insurances.com\/verzekeringen\/\"]}]},{\"@type\":\"BreadcrumbList\",\"@id\":\"https:\/\/www.transport-insurances.com\/verzekeringen\/#breadcrumb\",\"itemListElement\":[{\"@type\":\"ListItem\",\"position\":1,\"name\":\"Home\",\"item\":\"https:\/\/www.transport-insurances.com\/\"},{\"@type\":\"ListItem\",\"position\":2,\"name\":\"VERZEKERINGEN\"}]},{\"@type\":\"WebSite\",\"@id\":\"https:\/\/www.transport-insurances.com\/#website\",\"url\":\"https:\/\/www.transport-insurances.com\/\",\"name\":\"TRANSPORT INSURANCE PACKAGE\",\"description\":\"Goed verzekerd en veilig de baan op\",\"potentialAction\":[{\"@type\":\"SearchAction\",\"target\":{\"@type\":\"EntryPoint\",\"urlTemplate\":\"https:\/\/www.transport-insurances.com\/?s={search_term_string}\"},\"query-input\":{\"@type\":\"PropertyValueSpecification\",\"valueRequired\":true,\"valueName\":\"search_term_string\"}}],\"inLanguage\":\"fr-BE\"}]}<\/script>\n<!-- \/ Yoast SEO plugin. -->","yoast_head_json":{"title":"VERZEKERINGEN - TRANSPORT INSURANCE PACKAGE","description":"Verzekeringen Transport Insurance Package - Bekijk welke verzekeringen wij allemaal opnemen in onze Transport Insurance Package.","robots":{"index":"index","follow":"follow","max-snippet":"max-snippet:-1","max-image-preview":"max-image-preview:large","max-video-preview":"max-video-preview:-1"},"canonical":"https:\/\/www.transport-insurances.com\/fr\/verzekeringen\/","og_locale":"fr_FR","og_type":"article","og_title":"VERZEKERINGEN - TRANSPORT INSURANCE PACKAGE","og_description":"Verzekeringen Transport Insurance Package - Bekijk welke verzekeringen wij allemaal opnemen in onze Transport Insurance Package.","og_url":"https:\/\/www.transport-insurances.com\/fr\/verzekeringen\/","og_site_name":"TRANSPORT INSURANCE PACKAGE","article_modified_time":"2023-03-13T09:02:29+00:00","twitter_card":"summary_large_image","twitter_misc":{"Dur\u00e9e de lecture est.":"4 minutes"},"schema":{"@context":"https:\/\/schema.org","@graph":[{"@type":"WebPage","@id":"https:\/\/www.transport-insurances.com\/verzekeringen\/","url":"https:\/\/www.transport-insurances.com\/verzekeringen\/","name":"VERZEKERINGEN - TRANSPORT INSURANCE PACKAGE","isPartOf":{"@id":"https:\/\/www.transport-insurances.com\/#website"},"datePublished":"2020-10-16T10:02:09+00:00","dateModified":"2023-03-13T09:02:29+00:00","description":"Verzekeringen Transport Insurance Package - Bekijk welke verzekeringen wij allemaal opnemen in onze Transport Insurance Package.","breadcrumb":{"@id":"https:\/\/www.transport-insurances.com\/verzekeringen\/#breadcrumb"},"inLanguage":"fr-BE","potentialAction":[{"@type":"ReadAction","target":["https:\/\/www.transport-insurances.com\/verzekeringen\/"]}]},{"@type":"BreadcrumbList","@id":"https:\/\/www.transport-insurances.com\/verzekeringen\/#breadcrumb","itemListElement":[{"@type":"ListItem","position":1,"name":"Home","item":"https:\/\/www.transport-insurances.com\/"},{"@type":"ListItem","position":2,"name":"VERZEKERINGEN"}]},{"@type":"WebSite","@id":"https:\/\/www.transport-insurances.com\/#website","url":"https:\/\/www.transport-insurances.com\/","name":"TRANSPORT INSURANCE PACKAGE","description":"Goed verzekerd en veilig de baan op","potentialAction":[{"@type":"SearchAction","target":{"@type":"EntryPoint","urlTemplate":"https:\/\/www.transport-insurances.com\/?s={search_term_string}"},"query-input":{"@type":"PropertyValueSpecification","valueRequired":true,"valueName":"search_term_string"}}],"inLanguage":"fr-BE"}]}},"_links":{"self":[{"href":"https:\/\/www.transport-insurances.com\/fr\/wp-json\/wp\/v2\/pages\/1203","targetHints":{"allow":["GET"]}}],"collection":[{"href":"https:\/\/www.transport-insurances.com\/fr\/wp-json\/wp\/v2\/pages"}],"about":[{"href":"https:\/\/www.transport-insurances.com\/fr\/wp-json\/wp\/v2\/types\/page"}],"author":[{"embeddable":true,"href":"https:\/\/www.transport-insurances.com\/fr\/wp-json\/wp\/v2\/users\/1"}],"replies":[{"embeddable":true,"href":"https:\/\/www.transport-insurances.com\/fr\/wp-json\/wp\/v2\/comments?post=1203"}],"version-history":[{"count":6,"href":"https:\/\/www.transport-insurances.com\/fr\/wp-json\/wp\/v2\/pages\/1203\/revisions"}],"predecessor-version":[{"id":2540,"href":"https:\/\/www.transport-insurances.com\/fr\/wp-json\/wp\/v2\/pages\/1203\/revisions\/2540"}],"wp:attachment":[{"href":"https:\/\/www.transport-insurances.com\/fr\/wp-json\/wp\/v2\/media?parent=1203"}],"curies":[{"name":"wp","href":"https:\/\/api.w.org\/{rel}","templated":true}]}}