{"id":2594,"date":"2023-03-09T14:12:39","date_gmt":"2023-03-09T13:12:39","guid":{"rendered":"https:\/\/www.transport-insurances.com\/?page_id=2594"},"modified":"2023-04-14T13:52:21","modified_gmt":"2023-04-14T11:52:21","slug":"cookie-policy","status":"publish","type":"page","link":"https:\/\/www.transport-insurances.com\/de\/cookie-policy\/","title":{"rendered":"Cookie-Richtlinie"},"content":{"rendered":"<section class=\"wpb-content-wrapper\"><div data-vc-full-width=\"true\" data-vc-full-width-init=\"false\" data-vc-stretch-content=\"true\" class=\"vc_row wpb_row vc_row-fluid vc_row-no-padding\"><div class=\"wpb_column vc_column_container vc_col-sm-12 sc_layouts_column_icons_position_left\"><div class=\"vc_column-inner\"><div class=\"wpb_wrapper\"><div class=\"vc_empty_space\"   style=\"height: 12em\"><span class=\"vc_empty_space_inner\"><\/span><\/div><\/div><\/div><\/div><\/div><div class=\"vc_row-full-width vc_clearfix\"><\/div><div class=\"vc_row wpb_row vc_row-fluid\"><div class=\"wpb_column vc_column_container vc_col-sm-12 sc_layouts_column_icons_position_left\"><div class=\"vc_column-inner\"><div class=\"wpb_wrapper\"><div class=\"vc_empty_space\"   style=\"height: 8em\"><span class=\"vc_empty_space_inner\"><\/span><\/div><div id=\"sc_title_2142324671\"\n\t\tclass=\"sc_title sc_title_default\"><h2 class=\"sc_item_title sc_title_title sc_align_left sc_item_title_style_default\">Cookie-Richtlinie<\/h2><\/div><!-- \/.sc_title --><div class=\"vc_empty_space\"   style=\"height: 4em\"><span class=\"vc_empty_space_inner\"><\/span><\/div><\/div><\/div><\/div><\/div><div class=\"vc_row wpb_row vc_row-fluid\"><div class=\"wpb_column vc_column_container vc_col-sm-12 sc_layouts_column_icons_position_left\"><div class=\"vc_column-inner\"><div class=\"wpb_wrapper\">\n\t<div class=\"wpb_text_column wpb_content_element\" >\n\t\t<div class=\"wpb_wrapper\">\n\t\t\t<h4>Was sind Cookies?<\/h4>\n<p>Cookies sind kleine, einfache Textdateien, die auf der Festplatte Ihres Computers abgelegt werden, wenn Sie eine Webseite besuchen. Diese Cookies k\u00f6nnen sicherstellen, dass Ihr Website-Besuch optimiert wird. Beispielsweise werden Ihre Pr\u00e4ferenzen gespeichert, um Ihnen nur Informationen anzuzeigen, die f\u00fcr Sie von Interesse sind. Ein weiterer Vorteil ist, dass Sie sich nicht jedes Mal anmelden oder dieselben Informationen eingeben m\u00fcssen, wenn Sie eine bestimmte Website besuchen.<\/p>\n<h4>Warum informieren wir Sie \u00fcber die Verwendung von Cookies?<\/h4>\n<p>Ab Mai 2018 trat die neue Verordnung der EU in Kraft: die Datenschutz-Grundverordnung (DSGVO). Cookies d\u00fcrfen nur mit ausdr\u00fccklicher Zustimmung des Internetnutzers gesetzt werden. Deshalb teilen wir Ihnen mit, dass unsere Website Cookies verwendet und was der Grund daf\u00fcr ist.<\/p>\n<h4>Funktionale Cookies<\/h4>\n<p>Dies sind Cookies, die f\u00fcr das Funktionieren der Website erforderlich sind. Ohne diese Cookies k\u00f6nnen bestimmte Teile nicht verwendet werden. Das Gesetz erlaubt uns, Cookies auf Ihrem Ger\u00e4t zu speichern, wenn sie f\u00fcr die Nutzung der Website unbedingt erforderlich sind. F\u00fcr alle anderen Arten von Cookies ben\u00f6tigen wir Ihre Zustimmung.<\/p>\n<h4>Pr\u00e4ferenz-Cookies<\/h4>\n<p>Pr\u00e4ferenz-Cookies erm\u00f6glichen es dieser Website, sich Informationen zu merken, die das Verhalten und Design der Website beeinflussen, wie z. B. Ihre bevorzugte Sprache oder die Region, in der Sie leben.<\/p>\n<h4>Analytische Cookies<\/h4>\n<p>Auch Besucherstatistiken k\u00f6nnen mit Hilfe von Cookies nachverfolgt werden. Wir verwenden Google Analytics, um Einblick in das Verhalten der Besucher unserer Website zu erhalten. Anhand dieser Daten erhalten wir Einblick in das Surf- und Besuchsverhalten unserer Besucher und k\u00f6nnen unsere Website ggf. f\u00fcr Sie optimieren. Die Informationen, die Google sammelt, sind anonymisiert. Es werden daher keine personenbezogenen Daten gespeichert, was bedeutet, dass wir diese Cookies ohne Erlaubnis platzieren d\u00fcrfen. Wir geben diese Informationen nicht an Dritte weiter.<\/p>\n<h4>Tracking cookies<\/h4>\n<p>Mit Hilfe von Tracking-Cookies k\u00f6nnen wir unter anderem gezielter werben und registrieren, welche Unternehmen und Organisationen unsere Website besuchen. So k\u00f6nnen wir Angebote anpassen und Besucher mit interessanten Vorschl\u00e4gen ansprechen. Diese Cookies werden nur platziert, wenn Sie dies erlauben. Wir verwenden derzeit keine Tracking-Cookies.<\/p>\n<h4>Cookies akzeptieren oder ablehnen<\/h4>\n<p>\u00dcber das Cookie-Banner, das auf unserer Website erscheint, wenn Sie diese besuchen, und \u00fcber die Einstellungen Ihres Browsers k\u00f6nnen Sie entscheiden, ob Sie Cookies akzeptieren oder ablehnen. Die meisten Browser sind standardm\u00e4\u00dfig so eingestellt, dass sie Cookies akzeptieren, aber Sie k\u00f6nnen Ihre Browsereinstellungen normalerweise so anpassen, dass Cookies abgelehnt werden. Sie m\u00fcssen dies pro Browser und f\u00fcr jeden Computer zur\u00fccksetzen.<\/p>\n<p>Stand: 09.03.2023<\/p>\n\n\t\t<\/div>\n\t<\/div>\n<\/div><\/div><\/div><\/div><div class=\"vc_row wpb_row vc_row-fluid\"><div class=\"wpb_column vc_column_container vc_col-sm-12 sc_layouts_column_icons_position_left\"><div class=\"vc_column-inner\"><div class=\"wpb_wrapper\"><div class=\"vc_empty_space\"   style=\"height: 7.7em\"><span class=\"vc_empty_space_inner\"><\/span><\/div><\/div><\/div><\/div><\/div>\n<\/section>","protected":false},"excerpt":{"rendered":"Cookie policy Wat zijn cookies? Cookies zijn kleine, eenvoudige tekstbestandjes die op de harde schijf van uw computer worden gezet als u een webpagina bezoekt. Deze cookies kunnen ervoor zorgen dat uw websitebezoek wordt geoptimaliseerd. Zo worden bijvoorbeeld uw voorkeuren onthouden om u alleen informatie te tonen die voor u interessant is. Een ander voordeel is dat u zich niet&hellip;","protected":false},"author":1,"featured_media":0,"parent":0,"menu_order":0,"comment_status":"closed","ping_status":"closed","template":"","meta":{"footnotes":""},"class_list":["post-2594","page","type-page","status-publish","hentry"],"yoast_head":"<!-- This site is optimized with the Yoast SEO plugin v23.9 - https:\/\/yoast.com\/wordpress\/plugins\/seo\/ -->\n<title>Cookie policy - TRANSPORT INSURANCE PACKAGE<\/title>\n<meta name=\"description\" content=\"Cookie policy - Transport Insurance Package - Lees in onze cookie policy welke cookies wij gebruiken op onze website.\" \/>\n<meta name=\"robots\" content=\"index, follow, max-snippet:-1, max-image-preview:large, max-video-preview:-1\" \/>\n<link rel=\"canonical\" href=\"https:\/\/www.transport-insurances.com\/de\/cookie-policy\/\" \/>\n<meta property=\"og:locale\" content=\"de_DE\" \/>\n<meta property=\"og:type\" content=\"article\" \/>\n<meta property=\"og:title\" content=\"Cookie policy - TRANSPORT INSURANCE PACKAGE\" \/>\n<meta property=\"og:description\" content=\"Cookie policy - Transport Insurance Package - Lees in onze cookie policy welke cookies wij gebruiken op onze website.\" \/>\n<meta property=\"og:url\" content=\"https:\/\/www.transport-insurances.com\/de\/cookie-policy\/\" \/>\n<meta property=\"og:site_name\" content=\"TRANSPORT INSURANCE PACKAGE\" \/>\n<meta property=\"article:modified_time\" content=\"2023-04-14T11:52:21+00:00\" \/>\n<meta name=\"twitter:card\" content=\"summary_large_image\" \/>\n<meta name=\"twitter:label1\" content=\"Gesch\u00e4tzte Lesezeit\" \/>\n\t<meta name=\"twitter:data1\" content=\"3\u00a0Minuten\" \/>\n<script type=\"application\/ld+json\" class=\"yoast-schema-graph\">{\"@context\":\"https:\/\/schema.org\",\"@graph\":[{\"@type\":\"WebPage\",\"@id\":\"https:\/\/www.transport-insurances.com\/cookie-policy\/\",\"url\":\"https:\/\/www.transport-insurances.com\/cookie-policy\/\",\"name\":\"Cookie policy - TRANSPORT INSURANCE PACKAGE\",\"isPartOf\":{\"@id\":\"https:\/\/www.transport-insurances.com\/#website\"},\"datePublished\":\"2023-03-09T13:12:39+00:00\",\"dateModified\":\"2023-04-14T11:52:21+00:00\",\"description\":\"Cookie policy - Transport Insurance Package - Lees in onze cookie policy welke cookies wij gebruiken op onze website.\",\"breadcrumb\":{\"@id\":\"https:\/\/www.transport-insurances.com\/cookie-policy\/#breadcrumb\"},\"inLanguage\":\"de\",\"potentialAction\":[{\"@type\":\"ReadAction\",\"target\":[\"https:\/\/www.transport-insurances.com\/cookie-policy\/\"]}]},{\"@type\":\"BreadcrumbList\",\"@id\":\"https:\/\/www.transport-insurances.com\/cookie-policy\/#breadcrumb\",\"itemListElement\":[{\"@type\":\"ListItem\",\"position\":1,\"name\":\"Home\",\"item\":\"https:\/\/www.transport-insurances.com\/\"},{\"@type\":\"ListItem\",\"position\":2,\"name\":\"Cookie policy\"}]},{\"@type\":\"WebSite\",\"@id\":\"https:\/\/www.transport-insurances.com\/#website\",\"url\":\"https:\/\/www.transport-insurances.com\/\",\"name\":\"TRANSPORT INSURANCE PACKAGE\",\"description\":\"Goed verzekerd en veilig de baan op\",\"potentialAction\":[{\"@type\":\"SearchAction\",\"target\":{\"@type\":\"EntryPoint\",\"urlTemplate\":\"https:\/\/www.transport-insurances.com\/?s={search_term_string}\"},\"query-input\":{\"@type\":\"PropertyValueSpecification\",\"valueRequired\":true,\"valueName\":\"search_term_string\"}}],\"inLanguage\":\"de\"}]}<\/script>\n<!-- \/ Yoast SEO plugin. -->","yoast_head_json":{"title":"Cookie policy - TRANSPORT INSURANCE PACKAGE","description":"Cookie policy - Transport Insurance Package - Lees in onze cookie policy welke cookies wij gebruiken op onze website.","robots":{"index":"index","follow":"follow","max-snippet":"max-snippet:-1","max-image-preview":"max-image-preview:large","max-video-preview":"max-video-preview:-1"},"canonical":"https:\/\/www.transport-insurances.com\/de\/cookie-policy\/","og_locale":"de_DE","og_type":"article","og_title":"Cookie policy - TRANSPORT INSURANCE PACKAGE","og_description":"Cookie policy - Transport Insurance Package - Lees in onze cookie policy welke cookies wij gebruiken op onze website.","og_url":"https:\/\/www.transport-insurances.com\/de\/cookie-policy\/","og_site_name":"TRANSPORT INSURANCE PACKAGE","article_modified_time":"2023-04-14T11:52:21+00:00","twitter_card":"summary_large_image","twitter_misc":{"Gesch\u00e4tzte Lesezeit":"3\u00a0Minuten"},"schema":{"@context":"https:\/\/schema.org","@graph":[{"@type":"WebPage","@id":"https:\/\/www.transport-insurances.com\/cookie-policy\/","url":"https:\/\/www.transport-insurances.com\/cookie-policy\/","name":"Cookie policy - TRANSPORT INSURANCE PACKAGE","isPartOf":{"@id":"https:\/\/www.transport-insurances.com\/#website"},"datePublished":"2023-03-09T13:12:39+00:00","dateModified":"2023-04-14T11:52:21+00:00","description":"Cookie policy - Transport Insurance Package - Lees in onze cookie policy welke cookies wij gebruiken op onze website.","breadcrumb":{"@id":"https:\/\/www.transport-insurances.com\/cookie-policy\/#breadcrumb"},"inLanguage":"de","potentialAction":[{"@type":"ReadAction","target":["https:\/\/www.transport-insurances.com\/cookie-policy\/"]}]},{"@type":"BreadcrumbList","@id":"https:\/\/www.transport-insurances.com\/cookie-policy\/#breadcrumb","itemListElement":[{"@type":"ListItem","position":1,"name":"Home","item":"https:\/\/www.transport-insurances.com\/"},{"@type":"ListItem","position":2,"name":"Cookie policy"}]},{"@type":"WebSite","@id":"https:\/\/www.transport-insurances.com\/#website","url":"https:\/\/www.transport-insurances.com\/","name":"TRANSPORT INSURANCE PACKAGE","description":"Goed verzekerd en veilig de baan op","potentialAction":[{"@type":"SearchAction","target":{"@type":"EntryPoint","urlTemplate":"https:\/\/www.transport-insurances.com\/?s={search_term_string}"},"query-input":{"@type":"PropertyValueSpecification","valueRequired":true,"valueName":"search_term_string"}}],"inLanguage":"de"}]}},"_links":{"self":[{"href":"https:\/\/www.transport-insurances.com\/de\/wp-json\/wp\/v2\/pages\/2594","targetHints":{"allow":["GET"]}}],"collection":[{"href":"https:\/\/www.transport-insurances.com\/de\/wp-json\/wp\/v2\/pages"}],"about":[{"href":"https:\/\/www.transport-insurances.com\/de\/wp-json\/wp\/v2\/types\/page"}],"author":[{"embeddable":true,"href":"https:\/\/www.transport-insurances.com\/de\/wp-json\/wp\/v2\/users\/1"}],"replies":[{"embeddable":true,"href":"https:\/\/www.transport-insurances.com\/de\/wp-json\/wp\/v2\/comments?post=2594"}],"version-history":[{"count":6,"href":"https:\/\/www.transport-insurances.com\/de\/wp-json\/wp\/v2\/pages\/2594\/revisions"}],"predecessor-version":[{"id":2597,"href":"https:\/\/www.transport-insurances.com\/de\/wp-json\/wp\/v2\/pages\/2594\/revisions\/2597"}],"wp:attachment":[{"href":"https:\/\/www.transport-insurances.com\/de\/wp-json\/wp\/v2\/media?parent=2594"}],"curies":[{"name":"wp","href":"https:\/\/api.w.org\/{rel}","templated":true}]}}