{"id":1569,"date":"2020-06-02T16:01:51","date_gmt":"2020-06-02T16:01:51","guid":{"rendered":"https:\/\/www.transport-insurance.be\/?page_id=1569"},"modified":"2023-03-13T09:57:32","modified_gmt":"2023-03-13T08:57:32","slug":"safe-t-light-2","status":"publish","type":"page","link":"https:\/\/www.transport-insurances.com\/de\/safe-t-light-2\/","title":{"rendered":"SAFE.T LIGHT"},"content":{"rendered":"<section class=\"wpb-content-wrapper\"><div class=\"vc_row wpb_row vc_row-fluid\"><div class=\"wpb_column vc_column_container vc_col-sm-12 sc_layouts_column_icons_position_left\"><div class=\"vc_column-inner\"><div class=\"wpb_wrapper\"><div class=\"vc_empty_space\"   style=\"height: 12em\"><span class=\"vc_empty_space_inner\"><\/span><\/div><\/div><\/div><\/div><\/div><div data-vc-parallax=\"1.5\" class=\"vc_row wpb_row vc_row-fluid vc_row-has-fill vc_general vc_parallax vc_parallax-content-moving\"><div class=\"wpb_column vc_column_container vc_col-sm-6 sc_layouts_column_icons_position_left\"><div class=\"vc_column-inner\"><div class=\"wpb_wrapper\"><div class=\"vc_empty_space\"   style=\"height: 8em\"><span class=\"vc_empty_space_inner\"><\/span><\/div><div id=\"sc_title_1804301699\"\n\t\tclass=\"sc_title sc_title_default\"><h2 class=\"sc_item_title sc_title_title sc_align_left sc_item_title_style_default\">SAFE.T LIGHT<\/h2><\/div><!-- \/.sc_title --><div class=\"vc_separator wpb_content_element vc_separator_align_center vc_sep_width_100 vc_sep_pos_align_center vc_separator_no_text vc_sep_color_grey\" ><span class=\"vc_sep_holder vc_sep_holder_l\"><span class=\"vc_sep_line\"><\/span><\/span><span class=\"vc_sep_holder vc_sep_holder_r\"><span class=\"vc_sep_line\"><\/span><\/span>\n<\/div><h5 style=\"color: #f4ba08;text-align: left;font-family:Montserrat;font-weight:700;font-style:normal\" class=\"vc_custom_heading\" >CardioID DashCAM<\/h5>\n\t<div class=\"wpb_text_column wpb_content_element\" >\n\t\t<div class=\"wpb_wrapper\">\n\t\t\t<ul>\n<li>Kleine Dashcam-Kamera<\/li>\n<li>Zeichnet alle Fahrten oder Vorf\u00e4lle auf, die sich vor dem Fahrzeug ereignen<\/li>\n<li>Die Smart Dashcam wird durch eine Reihe von Ereignissen ausgel\u00f6st (z.B.: pl\u00f6tzliches Bremsen)<\/li>\n<li>Die Aufzeichnung beginnt 10 Sekunden vor und nach dem Vorfall<\/li>\n<li>Tageslicht-Indikator<\/li>\n<li>Auch in der Nacht sehr klare Bilder<\/li>\n<\/ul>\n\n\t\t<\/div>\n\t<\/div>\n<\/div><\/div><\/div><div class=\"wpb_column vc_column_container vc_col-sm-6 vc_col-xs-1 sc_layouts_column_icons_position_left\"><div class=\"vc_column-inner\"><div class=\"wpb_wrapper\"><div class=\"vc_empty_space\"   style=\"height: 8em\"><span class=\"vc_empty_space_inner\"><\/span><\/div>\n\t<div class=\"wpb_text_column wpb_content_element\" >\n\t\t<div class=\"wpb_wrapper\">\n\t\t\t\n            <div \n                class=\"elfsight-widget-pricing-table elfsight-widget\" \n                data-elfsight-pricing-table-options=\"%7B%22layout%22%3A%22columns%22%2C%22skin%22%3A%22skin1%22%2C%22mainColor%22%3A%22rgb%28244%2C%20186%2C%208%29%22%2C%22styleColumnBorderRadius%22%3Atrue%2C%22styleColumnBorderWidth%22%3Atrue%2C%22headTitle%22%3A%22Plan%20name%22%2C%22headFeatures%22%3A%5B%7B%22text%22%3A%22Feature%201%22%7D%2C%7B%22text%22%3A%22Feature%202%22%7D%5D%2C%22headTextColor%22%3A%22rgb%2823%2C%2025%2C%2026%29%22%2C%22headBackgroundColor%22%3A%22rgb%28247%2C%20247%2C%20247%29%22%2C%22toggleVisible%22%3Afalse%2C%22toggleItems%22%3A%5B%5D%2C%22toggleDefaultItem%22%3A%22%22%2C%22toggleColor%22%3A%22%22%2C%22columns%22%3A%5B%7B%22isFeatured%22%3Atrue%2C%22title%22%3A%22SAFE.T%20LIGHT%22%2C%22titleCaption%22%3A%22Preventietools%22%2C%22features%22%3A%5B%7B%22text%22%3A%22Cardio%5CnID%20DASHCAM%22%2C%22icon%22%3A%22check%22%2C%22hint%22%3A%22%22%7D%2C%7B%22text%22%3A%22Cardio%5CnGateway%22%2C%22icon%22%3A%22check%22%2C%22hint%22%3A%22%22%7D%5D%2C%22priceCurrency%22%3A%22USD%22%2C%22price%22%3A%22%22%2C%22pricePostfix%22%3A%22%22%2C%22button%22%3A%22Select%22%2C%22buttonLink%22%3A%22https%3A%5C%2F%5C%2Felfsight.com%22%2C%22buttonCaption%22%3A%2214-day%20money%20back%20guarantee%22%2C%22mainColor%22%3A%22rgb%28244%2C%20186%2C%208%29%22%2C%22priceOptions%22%3A%5B%5D%2C%22buttonOptions%22%3A%5B%5D%2C%22contentDivider%22%3Anull%2C%22pricePrefix%22%3A%22%22%2C%22priceCaption%22%3A%22%22%7D%5D%2C%22elements%22%3A%5B%7B%22complexGroup%22%3A%22title%22%2C%22name%22%3A%22Title%22%2C%22titleEnable%22%3Atrue%2C%22titleCaptionColor%22%3A%22%22%2C%22titleTextColor%22%3A%22%22%2C%22titleFontSize%22%3A24%2C%22titleFontWeight%22%3A600%7D%2C%7B%22complexGroup%22%3A%22features%22%2C%22name%22%3A%22Features%22%2C%22featuresEnable%22%3Atrue%2C%22featuresStyle%22%3A%22clean%22%2C%22featuresIconColor%22%3A%22%22%2C%22featuresTextColor%22%3A%22%22%2C%22featuresAlign%22%3A%22left%22%2C%22featuresFontSize%22%3A13%7D%2C%7B%22complexGroup%22%3A%22price%22%2C%22name%22%3A%22Price%22%2C%22priceEnable%22%3Afalse%2C%22priceCaptionColor%22%3A%22%22%2C%22priceTextColor%22%3A%22%22%2C%22priceFontSize%22%3A32%2C%22priceFontWeight%22%3A600%7D%2C%7B%22complexGroup%22%3A%22button%22%2C%22name%22%3A%22Button%22%2C%22buttonEnable%22%3Afalse%2C%22buttonType%22%3A%22outline%22%2C%22buttonColor%22%3A%22%22%2C%22buttonTextColor%22%3A%22%22%2C%22buttonSize%22%3A%22medium%22%2C%22buttonCaptionColor%22%3A%22%22%7D%2C%7B%22complexGroup%22%3A%22picture%22%2C%22name%22%3A%22Picture%22%2C%22pictureEnable%22%3Atrue%7D%5D%2C%22widgetId%22%3A%223%22%7D\" \n                data-elfsight-pricing-table-version=\"2.5.3\"\n                data-elfsight-widget-id=\"elfsight-pricing-table-3\">\n            <\/div>\n            \n<div class=\"elfsight-admin-page-widgets-list-item-shortcode-copy\"><\/div>\n\n\t\t<\/div>\n\t<\/div>\n<div class=\"vc_empty_space\"   style=\"height: 15em\"><span class=\"vc_empty_space_inner\"><\/span><\/div><\/div><\/div><\/div><\/div><div class=\"vc_row wpb_row vc_row-fluid\"><div class=\"wpb_column vc_column_container vc_col-sm-12 sc_layouts_column_icons_position_left\"><div class=\"vc_column-inner\"><div class=\"wpb_wrapper\"><div class=\"vc_empty_space\"   style=\"height: 4em\"><span class=\"vc_empty_space_inner\"><\/span><\/div><\/div><\/div><\/div><\/div><div data-vc-full-width=\"true\" data-vc-full-width-init=\"false\" data-vc-parallax=\"1.5\" class=\"vc_row wpb_row vc_row-fluid vc_custom_1591196884737 vc_row-has-fill vc_general vc_parallax vc_parallax-content-moving\"><div class=\"wpb_column vc_column_container vc_col-sm-6 sc_layouts_column_icons_position_left\"><div class=\"vc_column-inner\"><div class=\"wpb_wrapper\"><div class=\"vc_empty_space\"   style=\"height: 5em\"><span class=\"vc_empty_space_inner\"><\/span><\/div><h5 style=\"color: #f4ba08;text-align: left;font-family:Montserrat;font-weight:700;font-style:normal\" class=\"vc_custom_heading\" >CardioGateway (GW)<\/h5>\n\t<div class=\"wpb_text_column wpb_content_element\" >\n\t\t<div class=\"wpb_wrapper\">\n\t\t\t<ul>\n<li>Sensor Connection HUB &amp; Ckiyd Ubterface (Wifi oder 3G Verbindung, wichtig f\u00fcr Post-Trip Intervention)<\/li>\n<li>Empf\u00e4ngt Daten mit verschiedenen Protokollen (CAN-Bus, I2C, UART, SPU, BLE)<\/li>\n<li>Anschluss an andere Hardware (Dashcam, GPS-Modul, HMI-Display)<\/li>\n<\/ul>\n\n\t\t<\/div>\n\t<\/div>\n<div class=\"vc_empty_space\"   style=\"height: 5em\"><span class=\"vc_empty_space_inner\"><\/span><\/div><\/div><\/div><\/div><div class=\"wpb_column vc_column_container vc_col-sm-6 sc_layouts_column_icons_position_left\"><div class=\"vc_column-inner vc_custom_1591185251407\"><div class=\"wpb_wrapper\"><div class=\"vc_empty_space\"   style=\"height: 5em\"><span class=\"vc_empty_space_inner\"><\/span><\/div><div class=\"vc_row wpb_row vc_inner vc_row-fluid\"><div class=\"wpb_column vc_column_container vc_col-sm-12 sc_layouts_column_icons_position_left\"><div class=\"vc_column-inner\"><div class=\"wpb_wrapper\">\n\t<div  class=\"wpb_single_image wpb_content_element vc_align_left\">\n\t\t\n\t\t<figure class=\"wpb_wrapper vc_figure\">\n\t\t\t<div class=\"vc_single_image-wrapper   vc_box_border_grey\"><img loading=\"lazy\" decoding=\"async\" width=\"1024\" height=\"836\" src=\"https:\/\/www.transport-insurances.com\/wp-content\/uploads\/2020\/10\/Paginas-van-SAFE-Features1-Alleen-lezen-1-1024x836.png\" class=\"vc_single_image-img attachment-large\" alt=\"\" title=\"Pagina&#039;s van SAFE Features[1] - Alleen-lezen-1\" srcset=\"https:\/\/www.transport-insurances.com\/wp-content\/uploads\/2020\/10\/Paginas-van-SAFE-Features1-Alleen-lezen-1-1024x836.png 1024w, https:\/\/www.transport-insurances.com\/wp-content\/uploads\/2020\/10\/Paginas-van-SAFE-Features1-Alleen-lezen-1-300x245.png 300w, https:\/\/www.transport-insurances.com\/wp-content\/uploads\/2020\/10\/Paginas-van-SAFE-Features1-Alleen-lezen-1-768x627.png 768w, https:\/\/www.transport-insurances.com\/wp-content\/uploads\/2020\/10\/Paginas-van-SAFE-Features1-Alleen-lezen-1-1536x1254.png 1536w, https:\/\/www.transport-insurances.com\/wp-content\/uploads\/2020\/10\/Paginas-van-SAFE-Features1-Alleen-lezen-1-2048x1673.png 2048w, https:\/\/www.transport-insurances.com\/wp-content\/uploads\/2020\/10\/Paginas-van-SAFE-Features1-Alleen-lezen-1-370x302.png 370w, https:\/\/www.transport-insurances.com\/wp-content\/uploads\/2020\/10\/Paginas-van-SAFE-Features1-Alleen-lezen-1-770x629.png 770w\" sizes=\"auto, (max-width: 1024px) 100vw, 1024px\" \/><\/div>\n\t\t<\/figure>\n\t<\/div>\n<\/div><\/div><\/div><\/div><\/div><\/div><\/div><\/div><div class=\"vc_row-full-width vc_clearfix\"><\/div><div class=\"vc_row wpb_row vc_row-fluid\"><div class=\"wpb_column vc_column_container vc_col-sm-12 sc_layouts_column_icons_position_left\"><div class=\"vc_column-inner\"><div class=\"wpb_wrapper\"><div class=\"vc_empty_space\"   style=\"height: 5em\"><span class=\"vc_empty_space_inner\"><\/span><\/div><h5 style=\"color: #f4ba08;text-align: left;font-family:Montserrat;font-weight:700;font-style:normal\" class=\"vc_custom_heading\" >Spezifikationen<\/h5>\n\t<div class=\"wpb_text_column wpb_content_element\" >\n\t\t<div class=\"wpb_wrapper\">\n\t\t\t<p>Das Gateway wird f\u00fcnf Faktoren abbilden:<\/p>\n\n\t\t<\/div>\n\t<\/div>\n<div class=\"vc_empty_space\"   style=\"height: 5em\"><span class=\"vc_empty_space_inner\"><\/span><\/div><\/div><\/div><\/div><\/div><div data-vc-full-width=\"true\" data-vc-full-width-init=\"false\" class=\"vc_row wpb_row vc_row-fluid vc_custom_1591875314040 vc_row-has-fill scheme_dark\"><div class=\"wpb_column vc_column_container vc_col-sm-12 sc_layouts_column_icons_position_left\"><div class=\"vc_column-inner\"><div class=\"wpb_wrapper\"><div class=\"vc_empty_space\"   style=\"height: 5em\"><span class=\"vc_empty_space_inner\"><\/span><\/div><div id=\"sc_icons_633864469\" \n\tclass=\"sc_icons sc_icons_modern sc_icons_size_medium sc_align_center\"><div class=\"sc_icons_columns sc_item_columns trx_addons_columns_wrap columns_padding_bottom\"><div class=\"trx_addons_column-1_5\"><div class=\"sc_icons_item\"><div id=\"sc_icons_633864469_fa fa-road\" class=\"sc_icons_icon sc_icon_type_fontawesome fa fa-road\"\n\t\t\t\t\t\t style=\"color: #ffffff\"\t\t\t\t\t\t><span class=\"sc_icon_type_fontawesome fa fa-road\" style=\"color: #ffffff\"><\/span><\/div><h4 class=\"sc_icons_title\"><span>Durchschnittliche Geschwindigkeit<\/span><\/h4><\/div><\/div><div class=\"trx_addons_column-1_5\"><div class=\"sc_icons_item\"><div id=\"sc_icons_633864469_fa fa-exclamation\" class=\"sc_icons_icon sc_icon_type_fontawesome fa fa-exclamation\"\n\t\t\t\t\t\t style=\"color: #ffffff\"\t\t\t\t\t\t><span class=\"sc_icon_type_fontawesome fa fa-exclamation\" style=\"color: #ffffff\"><\/span><\/div><h4 class=\"sc_icons_title\"><span>Geschwindigkeitsbegrenzungen<\/span><\/h4><\/div><\/div><div class=\"trx_addons_column-1_5\"><div class=\"sc_icons_item\"><div id=\"sc_icons_633864469_icon-truck-light\" class=\"sc_icons_icon sc_icon_type_fontawesome icon-truck-light\"\n\t\t\t\t\t\t style=\"color: #ffffff\"\t\t\t\t\t\t><span class=\"sc_icon_type_fontawesome icon-truck-light\" style=\"color: #ffffff\"><\/span><\/div><h4 class=\"sc_icons_title\"><span>Anzahl der Stopps\/Lieferungen<\/span><\/h4><\/div><\/div><div class=\"trx_addons_column-1_5\"><div class=\"sc_icons_item\"><div id=\"sc_icons_633864469_fa fa-bolt\" class=\"sc_icons_icon sc_icon_type_fontawesome fa fa-bolt\"\n\t\t\t\t\t\t style=\"color: #ffffff\"\t\t\t\t\t\t><span class=\"sc_icon_type_fontawesome fa fa-bolt\" style=\"color: #ffffff\"><\/span><\/div><h4 class=\"sc_icons_title\"><span>Notbremsungen (pl\u00f6tzliches Bremsen)<\/span><\/h4><\/div><\/div><div class=\"trx_addons_column-1_5\"><div class=\"sc_icons_item\"><div id=\"sc_icons_633864469_fa fa-exchange\" class=\"sc_icons_icon sc_icon_type_fontawesome fa fa-exchange\"\n\t\t\t\t\t\t style=\"color: #ffffff\"\t\t\t\t\t\t><span class=\"sc_icon_type_fontawesome fa fa-exchange\" style=\"color: #ffffff\"><\/span><\/div><h4 class=\"sc_icons_title\"><span>Beschleunigung und Abbremsung<\/span><\/h4><\/div><\/div><\/div><\/div><!-- \/.sc_icons --><div class=\"vc_empty_space\"   style=\"height: 2em\"><span class=\"vc_empty_space_inner\"><\/span><\/div><\/div><\/div><\/div><\/div><div class=\"vc_row-full-width vc_clearfix\"><\/div><div data-vc-full-width=\"true\" data-vc-full-width-init=\"false\" class=\"vc_row wpb_row vc_row-fluid vc_custom_1675696179411 vc_row-has-fill scheme_dark\"><div class=\"wpb_column vc_column_container vc_col-sm-12 sc_layouts_column_icons_position_left\"><div class=\"vc_column-inner\"><div class=\"wpb_wrapper\"><div class=\"vc_empty_space\"   style=\"height: 2em\"><span class=\"vc_empty_space_inner\"><\/span><\/div><div id=\"sc_title_2034480474\"\n\t\tclass=\"scheme_dark sc_title sc_title_default\"><h2 class=\"sc_item_title sc_title_title sc_align_center sc_item_title_style_default\">ENTDECKEN SIE AUCH SAFE.T PREMIUM<\/h2><div class=\"sc_item_descr sc_title_descr sc_align_center\">Das Pr\u00e4ventionsinstrument f\u00fcr eine wettbewerbsf\u00e4hige Pr\u00e4mie<\/div><\/div><!-- \/.sc_title --><div class=\"vc_empty_space\"   style=\"height: 2em\"><span class=\"vc_empty_space_inner\"><\/span><\/div><div class=\"sc_item_button sc_button_wrap sc_align_center\"><a href=\"https:\/\/www.transport-insurances.com\/de\/safe-t-premium\/\" id=\"sc_button_1641420371\" class=\"sc_button sc_button_default sc_button_size_large sc_button_icon_right\"><span class=\"sc_button_icon\"><span class=\"icon-right\"><\/span><\/span><span class=\"sc_button_text\"><span class=\"sc_button_title\">Lesen Sie mehr<\/span><\/span><!-- \/.sc_button_text --><\/a><!-- \/.sc_button --><\/div><!-- \/.sc_item_button --><div class=\"vc_empty_space\"   style=\"height: 2em\"><span class=\"vc_empty_space_inner\"><\/span><\/div><\/div><\/div><\/div><\/div><div class=\"vc_row-full-width vc_clearfix\"><\/div>\n<\/section>","protected":false},"excerpt":{"rendered":"SAFE.T LIGHT CardioID DashCAM Kleine dashcamcamera Neemt alle ritten of eventuele incidenten op die gebeuren voor het voertuig De \u201cslimme\u201d dashcam wordt getriggerd door een aantal incidenten &gt; Bv.: bruusk remmen Opname start 10 seconden voor en na het incident. Daglicht indicator Ook tijdens de nacht heel helder beeldmateriaal CardioGateway (GW) Sensor Connectie HUB &amp; Cloud Interface (WiFi or 3G&hellip;","protected":false},"author":2,"featured_media":0,"parent":0,"menu_order":0,"comment_status":"closed","ping_status":"closed","template":"","meta":{"footnotes":""},"class_list":["post-1569","page","type-page","status-publish","hentry"],"yoast_head":"<!-- This site is optimized with the Yoast SEO plugin v23.9 - https:\/\/yoast.com\/wordpress\/plugins\/seo\/ -->\n<title>SAFE.T LIGHT - TRANSPORT INSURANCE PACKAGE<\/title>\n<meta name=\"description\" content=\"Safe.T Light - Bekijk welke features u allemaal krijgt als u een Safe.T light formule zou aflsuiten.\" \/>\n<meta name=\"robots\" content=\"index, follow, max-snippet:-1, max-image-preview:large, max-video-preview:-1\" \/>\n<link rel=\"canonical\" href=\"https:\/\/www.transport-insurances.com\/de\/safe-t-light-2\/\" \/>\n<meta property=\"og:locale\" content=\"de_DE\" \/>\n<meta property=\"og:type\" content=\"article\" \/>\n<meta property=\"og:title\" content=\"SAFE.T LIGHT - TRANSPORT INSURANCE PACKAGE\" \/>\n<meta property=\"og:description\" content=\"Safe.T Light - Bekijk welke features u allemaal krijgt als u een Safe.T light formule zou aflsuiten.\" \/>\n<meta property=\"og:url\" content=\"https:\/\/www.transport-insurances.com\/de\/safe-t-light-2\/\" \/>\n<meta property=\"og:site_name\" content=\"TRANSPORT INSURANCE PACKAGE\" \/>\n<meta property=\"article:modified_time\" content=\"2023-03-13T08:57:32+00:00\" \/>\n<meta name=\"twitter:card\" content=\"summary_large_image\" \/>\n<meta name=\"twitter:label1\" content=\"Gesch\u00e4tzte Lesezeit\" \/>\n\t<meta name=\"twitter:data1\" content=\"2\u00a0Minuten\" \/>\n<script type=\"application\/ld+json\" class=\"yoast-schema-graph\">{\"@context\":\"https:\/\/schema.org\",\"@graph\":[{\"@type\":\"WebPage\",\"@id\":\"https:\/\/www.transport-insurances.com\/safe-t-light-2\/\",\"url\":\"https:\/\/www.transport-insurances.com\/safe-t-light-2\/\",\"name\":\"SAFE.T LIGHT - TRANSPORT INSURANCE PACKAGE\",\"isPartOf\":{\"@id\":\"https:\/\/www.transport-insurances.com\/#website\"},\"datePublished\":\"2020-06-02T16:01:51+00:00\",\"dateModified\":\"2023-03-13T08:57:32+00:00\",\"description\":\"Safe.T Light - Bekijk welke features u allemaal krijgt als u een Safe.T light formule zou aflsuiten.\",\"breadcrumb\":{\"@id\":\"https:\/\/www.transport-insurances.com\/safe-t-light-2\/#breadcrumb\"},\"inLanguage\":\"de\",\"potentialAction\":[{\"@type\":\"ReadAction\",\"target\":[\"https:\/\/www.transport-insurances.com\/safe-t-light-2\/\"]}]},{\"@type\":\"BreadcrumbList\",\"@id\":\"https:\/\/www.transport-insurances.com\/safe-t-light-2\/#breadcrumb\",\"itemListElement\":[{\"@type\":\"ListItem\",\"position\":1,\"name\":\"Home\",\"item\":\"https:\/\/www.transport-insurances.com\/\"},{\"@type\":\"ListItem\",\"position\":2,\"name\":\"SAFE.T LIGHT\"}]},{\"@type\":\"WebSite\",\"@id\":\"https:\/\/www.transport-insurances.com\/#website\",\"url\":\"https:\/\/www.transport-insurances.com\/\",\"name\":\"TRANSPORT INSURANCE PACKAGE\",\"description\":\"Goed verzekerd en veilig de baan op\",\"potentialAction\":[{\"@type\":\"SearchAction\",\"target\":{\"@type\":\"EntryPoint\",\"urlTemplate\":\"https:\/\/www.transport-insurances.com\/?s={search_term_string}\"},\"query-input\":{\"@type\":\"PropertyValueSpecification\",\"valueRequired\":true,\"valueName\":\"search_term_string\"}}],\"inLanguage\":\"de\"}]}<\/script>\n<!-- \/ Yoast SEO plugin. -->","yoast_head_json":{"title":"SAFE.T LIGHT - TRANSPORT INSURANCE PACKAGE","description":"Safe.T Light - Bekijk welke features u allemaal krijgt als u een Safe.T light formule zou aflsuiten.","robots":{"index":"index","follow":"follow","max-snippet":"max-snippet:-1","max-image-preview":"max-image-preview:large","max-video-preview":"max-video-preview:-1"},"canonical":"https:\/\/www.transport-insurances.com\/de\/safe-t-light-2\/","og_locale":"de_DE","og_type":"article","og_title":"SAFE.T LIGHT - TRANSPORT INSURANCE PACKAGE","og_description":"Safe.T Light - Bekijk welke features u allemaal krijgt als u een Safe.T light formule zou aflsuiten.","og_url":"https:\/\/www.transport-insurances.com\/de\/safe-t-light-2\/","og_site_name":"TRANSPORT INSURANCE PACKAGE","article_modified_time":"2023-03-13T08:57:32+00:00","twitter_card":"summary_large_image","twitter_misc":{"Gesch\u00e4tzte Lesezeit":"2\u00a0Minuten"},"schema":{"@context":"https:\/\/schema.org","@graph":[{"@type":"WebPage","@id":"https:\/\/www.transport-insurances.com\/safe-t-light-2\/","url":"https:\/\/www.transport-insurances.com\/safe-t-light-2\/","name":"SAFE.T LIGHT - TRANSPORT INSURANCE PACKAGE","isPartOf":{"@id":"https:\/\/www.transport-insurances.com\/#website"},"datePublished":"2020-06-02T16:01:51+00:00","dateModified":"2023-03-13T08:57:32+00:00","description":"Safe.T Light - Bekijk welke features u allemaal krijgt als u een Safe.T light formule zou aflsuiten.","breadcrumb":{"@id":"https:\/\/www.transport-insurances.com\/safe-t-light-2\/#breadcrumb"},"inLanguage":"de","potentialAction":[{"@type":"ReadAction","target":["https:\/\/www.transport-insurances.com\/safe-t-light-2\/"]}]},{"@type":"BreadcrumbList","@id":"https:\/\/www.transport-insurances.com\/safe-t-light-2\/#breadcrumb","itemListElement":[{"@type":"ListItem","position":1,"name":"Home","item":"https:\/\/www.transport-insurances.com\/"},{"@type":"ListItem","position":2,"name":"SAFE.T LIGHT"}]},{"@type":"WebSite","@id":"https:\/\/www.transport-insurances.com\/#website","url":"https:\/\/www.transport-insurances.com\/","name":"TRANSPORT INSURANCE PACKAGE","description":"Goed verzekerd en veilig de baan op","potentialAction":[{"@type":"SearchAction","target":{"@type":"EntryPoint","urlTemplate":"https:\/\/www.transport-insurances.com\/?s={search_term_string}"},"query-input":{"@type":"PropertyValueSpecification","valueRequired":true,"valueName":"search_term_string"}}],"inLanguage":"de"}]}},"_links":{"self":[{"href":"https:\/\/www.transport-insurances.com\/de\/wp-json\/wp\/v2\/pages\/1569","targetHints":{"allow":["GET"]}}],"collection":[{"href":"https:\/\/www.transport-insurances.com\/de\/wp-json\/wp\/v2\/pages"}],"about":[{"href":"https:\/\/www.transport-insurances.com\/de\/wp-json\/wp\/v2\/types\/page"}],"author":[{"embeddable":true,"href":"https:\/\/www.transport-insurances.com\/de\/wp-json\/wp\/v2\/users\/2"}],"replies":[{"embeddable":true,"href":"https:\/\/www.transport-insurances.com\/de\/wp-json\/wp\/v2\/comments?post=1569"}],"version-history":[{"count":5,"href":"https:\/\/www.transport-insurances.com\/de\/wp-json\/wp\/v2\/pages\/1569\/revisions"}],"predecessor-version":[{"id":2535,"href":"https:\/\/www.transport-insurances.com\/de\/wp-json\/wp\/v2\/pages\/1569\/revisions\/2535"}],"wp:attachment":[{"href":"https:\/\/www.transport-insurances.com\/de\/wp-json\/wp\/v2\/media?parent=1569"}],"curies":[{"name":"wp","href":"https:\/\/api.w.org\/{rel}","templated":true}]}}