{"id":1211,"date":"2020-10-16T12:21:10","date_gmt":"2020-10-16T10:21:10","guid":{"rendered":"https:\/\/transport-insurances.com\/?page_id=1211"},"modified":"2023-03-09T15:20:29","modified_gmt":"2023-03-09T14:20:29","slug":"cmr-contractuele-aansprakelijkheid-van-de-vervoerder","status":"publish","type":"page","link":"https:\/\/www.transport-insurances.com\/de\/cmr-contractuele-aansprakelijkheid-van-de-vervoerder\/","title":{"rendered":"CMR: VERTRAGLICHE HAFTUNG DES BEF\u00d6RDERERS"},"content":{"rendered":"<section class=\"wpb-content-wrapper\"><div data-vc-full-width=\"true\" data-vc-full-width-init=\"false\" data-vc-stretch-content=\"true\" class=\"vc_row wpb_row vc_row-fluid vc_row-no-padding\"><div class=\"wpb_column vc_column_container vc_col-sm-12 sc_layouts_column_icons_position_left\"><div class=\"vc_column-inner\"><div class=\"wpb_wrapper\"><div class=\"vc_empty_space\"   style=\"height: 12em\"><span class=\"vc_empty_space_inner\"><\/span><\/div><\/div><\/div><\/div><\/div><div class=\"vc_row-full-width vc_clearfix\"><\/div><div class=\"vc_row wpb_row vc_row-fluid\"><div class=\"wpb_column vc_column_container vc_col-sm-12 sc_layouts_column_icons_position_left\"><div class=\"vc_column-inner\"><div class=\"wpb_wrapper\"><div class=\"vc_empty_space\"   style=\"height: 3.5em\"><span class=\"vc_empty_space_inner\"><\/span><\/div><div id=\"sc_icons_291798339\" \n\tclass=\"sc_icons sc_icons_default sc_icons_size_large sc_align_left\"><div class=\"sc_icons_item\"><div id=\"sc_icons_291798339_fa fa-sticky-note-o\" class=\"sc_icons_icon sc_icon_type_fontawesome fa fa-sticky-note-o\"\n\t\t\t\t\t\t style=\"color: #f4ba08\"\t\t\t\t\t\t><span class=\"sc_icon_type_fontawesome fa fa-sticky-note-o\" style=\"color: #f4ba08\"><\/span><\/div><\/div><\/div><!-- \/.sc_icons --><div class=\"vc_empty_space\"   style=\"height: 3.5em\"><span class=\"vc_empty_space_inner\"><\/span><\/div><div id=\"sc_title_2067127027\"\n\t\tclass=\"sc_title sc_title_default\"><h2 class=\"sc_item_title sc_title_title sc_align_left sc_item_title_style_default\">CMR: VERTRAGLICHE HAFTUNG DES BEF\u00d6RDERERS<\/h2><\/div><!-- \/.sc_title --><div class=\"vc_empty_space\"   style=\"height: 3.5em\"><span class=\"vc_empty_space_inner\"><\/span><\/div><\/div><\/div><\/div><\/div><div class=\"vc_row wpb_row vc_row-fluid\"><div class=\"wpb_column vc_column_container vc_col-sm-12 sc_layouts_column_icons_position_left\"><div class=\"vc_column-inner\"><div class=\"wpb_wrapper\">\n\t<div class=\"wpb_text_column wpb_content_element\" >\n\t\t<div class=\"wpb_wrapper\">\n\t\t\t<p>Transportieren Sie als Transportunternehmen G\u00fcter im In- und\/oder Ausland?  Dann ist eine CMR-Versicherung auf jeden Fall ein Muss.  Diese Versicherung greift bei Besch\u00e4digung, Verlust, Diebstahl usw. w\u00e4hrend des Zeitraums ein, in dem Sie f\u00fcr die Waren verantwortlich sind.<\/p>\n\n\t\t<\/div>\n\t<\/div>\n<div class=\"vc_separator wpb_content_element vc_separator_align_center vc_sep_width_100 vc_sep_pos_align_center vc_separator_no_text vc_sep_color_grey\" ><span class=\"vc_sep_holder vc_sep_holder_l\"><span class=\"vc_sep_line\"><\/span><\/span><span class=\"vc_sep_holder vc_sep_holder_r\"><span class=\"vc_sep_line\"><\/span><\/span>\n<\/div><h3 style=\"color: #f4ba08;text-align: left;font-family:Montserrat;font-weight:700;font-style:normal\" class=\"vc_custom_heading\" >Ma\u00dfgeschneidert f\u00fcr jeden Transport<\/h3><div class=\"vc_empty_space\"   style=\"height: 1.5em\"><span class=\"vc_empty_space_inner\"><\/span><\/div>\n\t<div class=\"wpb_text_column wpb_content_element\" >\n\t\t<div class=\"wpb_wrapper\">\n\t\t\t<p>Diese Versicherung deckt die Haftung des Frachtf\u00fchrers nach dem CMR-Gesetz oder einem \u00e4hnlichen Gesetz, das zum Zeitpunkt des Schadensfalls gilt.  Besch\u00e4digung, versp\u00e4tete Lieferung, Diebstahl, ... Dies sind nur einige der in der Versicherung enthaltenen Deckungen.   Wir k\u00f6nnen noch einen Schritt weiter gehen, indem wir - zus\u00e4tzlich zur Standarddeckung - auch bei schweren Sch\u00e4den oder Diebstahl von Ladung in abgekuppelten Anh\u00e4ngern eingreifen (vorbehaltlich einer erh\u00f6hten Freistellung).<\/p>\n\n\t\t<\/div>\n\t<\/div>\n<div class=\"vc_separator wpb_content_element vc_separator_align_center vc_sep_width_100 vc_sep_pos_align_center vc_separator_no_text vc_sep_color_grey\" ><span class=\"vc_sep_holder vc_sep_holder_l\"><span class=\"vc_sep_line\"><\/span><\/span><span class=\"vc_sep_holder vc_sep_holder_r\"><span class=\"vc_sep_line\"><\/span><\/span>\n<\/div><h3 style=\"color: #f4ba08;text-align: left;font-family:Montserrat;font-weight:700;font-style:normal\" class=\"vc_custom_heading\" >Was ist abgedeckt?<\/h3><div class=\"vc_empty_space\"   style=\"height: 1.5em\"><span class=\"vc_empty_space_inner\"><\/span><\/div>\n\t<div class=\"wpb_text_column wpb_content_element\" >\n\t\t<div class=\"wpb_wrapper\">\n\t\t\t<ul>\n<li><span style=\"color: #f4ba08;\">Besch\u00e4digung oder Verlust<\/span> von Waren w\u00e4hrend des Transports<\/li>\n<li><span style=\"color: #f4ba08;\">Versp\u00e4tete Lieferung<\/span> in \u00dcbereinstimmung mit der CMR-Bedingungen<\/li>\n<li><span style=\"color: #f4ba08;\">Diebstahl<\/span> und physische Vorg\u00e4nge beim Be- und Entladen.<\/li>\n<\/ul>\n<p>Der H\u00f6chstbetrag der Intervention liegt bei 335.000 Euro pro Schadensfall.<\/p>\n\n\t\t<\/div>\n\t<\/div>\n<div class=\"vc_separator wpb_content_element vc_separator_align_center vc_sep_width_100 vc_sep_pos_align_center vc_separator_no_text vc_sep_color_grey\" ><span class=\"vc_sep_holder vc_sep_holder_l\"><span class=\"vc_sep_line\"><\/span><\/span><span class=\"vc_sep_holder vc_sep_holder_r\"><span class=\"vc_sep_line\"><\/span><\/span>\n<\/div><h3 style=\"color: #f4ba08;text-align: left;font-family:Montserrat;font-weight:700;font-style:normal\" class=\"vc_custom_heading\" >Zus\u00e4tzliche Deckungen in unserer CMR-Police<\/h3><div class=\"vc_empty_space\"   style=\"height: 1.5em\"><span class=\"vc_empty_space_inner\"><\/span><\/div>\n\t<div class=\"wpb_text_column wpb_content_element\" >\n\t\t<div class=\"wpb_wrapper\">\n\t\t\t<ul>\n<li>Diebstahl der gesamten Ladung in abgekuppelten Anh\u00e4ngern, wenn diese sich an einem verschlossenen Ort befinden (im Falle eines unverschlossenen Ortes gilt eine erh\u00f6hte Befreiung)<\/li>\n<li>Schwere Ordnungswidrigkeit<\/li>\n<\/ul>\n\n\t\t<\/div>\n\t<\/div>\n<div class=\"vc_empty_space\"   style=\"height: 6em\"><span class=\"vc_empty_space_inner\"><\/span><\/div><\/div><\/div><\/div><\/div><div data-vc-full-width=\"true\" data-vc-full-width-init=\"false\" class=\"vc_row wpb_row vc_row-fluid vc_custom_1675696894548 vc_row-has-fill scheme_dark\"><div class=\"wpb_column vc_column_container vc_col-sm-12 sc_layouts_column_icons_position_left\"><div class=\"vc_column-inner\"><div class=\"wpb_wrapper\"><div class=\"vc_empty_space\"   style=\"height: 3.5em\"><span class=\"vc_empty_space_inner\"><\/span><\/div><div id=\"sc_title_232853156\"\n\t\tclass=\"scheme_dark sc_title sc_title_default\"><h2 class=\"sc_item_title sc_title_title sc_align_center sc_item_title_style_default\">Preis berechnen f\u00fcr das ganze Paket<\/h2><div class=\"sc_item_descr sc_title_descr sc_align_center\">Hier k\u00f6nnen Sie die Pr\u00e4mie f\u00fcr Ihre Versicherung leicht berechnen.<\/div><\/div><!-- \/.sc_title --><div class=\"vc_empty_space\"   style=\"height: 2em\"><span class=\"vc_empty_space_inner\"><\/span><\/div><div class=\"sc_item_button sc_button_wrap sc_align_center\"><a href=\"https:\/\/www.transport-insurances.com\/de\/premie\/\" id=\"sc_button_1287488383\" class=\"sc_button sc_button_default sc_button_size_large sc_button_icon_right\"><span class=\"sc_button_icon\"><span class=\"icon-right\"><\/span><\/span><span class=\"sc_button_text\"><span class=\"sc_button_title\">Berechnen Sie hier<\/span><\/span><!-- \/.sc_button_text --><\/a><!-- \/.sc_button --><\/div><!-- \/.sc_item_button --><div class=\"vc_empty_space\"   style=\"height: 2em\"><span class=\"vc_empty_space_inner\"><\/span><\/div><\/div><\/div><\/div><\/div><div class=\"vc_row-full-width vc_clearfix\"><\/div>\n<\/section>","protected":false},"excerpt":{"rendered":"CMR: CONTRACTUELE AANSPRAKELIJKHEID VAN DE VERVOERDER U vervoert als transportbedrijf goederen in binnen- en\/of buitenland? Een CMR-verzekering is dan sowieso een must. Deze polis komt namelijk tussen wanneer er zich schade, verlies, diefstal, \u2026 voordoet tijdens de periode waarin u verantwoordelijk bent voor de goederen. Op maat van elk soort transport Deze verzekering dekt de vervoerdersaansprakelijkheid conform de CMR-wetgeving, of&hellip;","protected":false},"author":1,"featured_media":0,"parent":0,"menu_order":0,"comment_status":"closed","ping_status":"closed","template":"","meta":{"footnotes":""},"class_list":["post-1211","page","type-page","status-publish","hentry"],"yoast_head":"<!-- This site is optimized with the Yoast SEO plugin v23.9 - https:\/\/yoast.com\/wordpress\/plugins\/seo\/ -->\n<title>CMR: CONTRACTUELE AANSPRAKELIJKHEID VAN DE VERVOERDER - TRANSPORT INSURANCE PACKAGE<\/title>\n<meta name=\"description\" content=\"CMR - Deze dekking is essentieel tijdens het vervoer van goederen, dek je in tegen verlies, schade en diefstal...\" \/>\n<meta name=\"robots\" content=\"index, follow, max-snippet:-1, max-image-preview:large, max-video-preview:-1\" \/>\n<link rel=\"canonical\" href=\"https:\/\/www.transport-insurances.com\/de\/cmr-contractuele-aansprakelijkheid-van-de-vervoerder\/\" \/>\n<meta property=\"og:locale\" content=\"de_DE\" \/>\n<meta property=\"og:type\" content=\"article\" \/>\n<meta property=\"og:title\" content=\"CMR: CONTRACTUELE AANSPRAKELIJKHEID VAN DE VERVOERDER - TRANSPORT INSURANCE PACKAGE\" \/>\n<meta property=\"og:description\" content=\"CMR - Deze dekking is essentieel tijdens het vervoer van goederen, dek je in tegen verlies, schade en diefstal...\" \/>\n<meta property=\"og:url\" content=\"https:\/\/www.transport-insurances.com\/de\/cmr-contractuele-aansprakelijkheid-van-de-vervoerder\/\" \/>\n<meta property=\"og:site_name\" content=\"TRANSPORT INSURANCE PACKAGE\" \/>\n<meta property=\"article:modified_time\" content=\"2023-03-09T14:20:29+00:00\" \/>\n<meta name=\"twitter:card\" content=\"summary_large_image\" \/>\n<meta name=\"twitter:label1\" content=\"Gesch\u00e4tzte Lesezeit\" \/>\n\t<meta name=\"twitter:data1\" content=\"2\u00a0Minuten\" \/>\n<script type=\"application\/ld+json\" class=\"yoast-schema-graph\">{\"@context\":\"https:\/\/schema.org\",\"@graph\":[{\"@type\":\"WebPage\",\"@id\":\"https:\/\/www.transport-insurances.com\/cmr-contractuele-aansprakelijkheid-van-de-vervoerder\/\",\"url\":\"https:\/\/www.transport-insurances.com\/cmr-contractuele-aansprakelijkheid-van-de-vervoerder\/\",\"name\":\"CMR: CONTRACTUELE AANSPRAKELIJKHEID VAN DE VERVOERDER - TRANSPORT INSURANCE PACKAGE\",\"isPartOf\":{\"@id\":\"https:\/\/www.transport-insurances.com\/#website\"},\"datePublished\":\"2020-10-16T10:21:10+00:00\",\"dateModified\":\"2023-03-09T14:20:29+00:00\",\"description\":\"CMR - Deze dekking is essentieel tijdens het vervoer van goederen, dek je in tegen verlies, schade en diefstal...\",\"breadcrumb\":{\"@id\":\"https:\/\/www.transport-insurances.com\/cmr-contractuele-aansprakelijkheid-van-de-vervoerder\/#breadcrumb\"},\"inLanguage\":\"de\",\"potentialAction\":[{\"@type\":\"ReadAction\",\"target\":[\"https:\/\/www.transport-insurances.com\/cmr-contractuele-aansprakelijkheid-van-de-vervoerder\/\"]}]},{\"@type\":\"BreadcrumbList\",\"@id\":\"https:\/\/www.transport-insurances.com\/cmr-contractuele-aansprakelijkheid-van-de-vervoerder\/#breadcrumb\",\"itemListElement\":[{\"@type\":\"ListItem\",\"position\":1,\"name\":\"Home\",\"item\":\"https:\/\/www.transport-insurances.com\/\"},{\"@type\":\"ListItem\",\"position\":2,\"name\":\"CMR: CONTRACTUELE AANSPRAKELIJKHEID VAN DE VERVOERDER\"}]},{\"@type\":\"WebSite\",\"@id\":\"https:\/\/www.transport-insurances.com\/#website\",\"url\":\"https:\/\/www.transport-insurances.com\/\",\"name\":\"TRANSPORT INSURANCE PACKAGE\",\"description\":\"Goed verzekerd en veilig de baan op\",\"potentialAction\":[{\"@type\":\"SearchAction\",\"target\":{\"@type\":\"EntryPoint\",\"urlTemplate\":\"https:\/\/www.transport-insurances.com\/?s={search_term_string}\"},\"query-input\":{\"@type\":\"PropertyValueSpecification\",\"valueRequired\":true,\"valueName\":\"search_term_string\"}}],\"inLanguage\":\"de\"}]}<\/script>\n<!-- \/ Yoast SEO plugin. -->","yoast_head_json":{"title":"CMR: CONTRACTUELE AANSPRAKELIJKHEID VAN DE VERVOERDER - TRANSPORT INSURANCE PACKAGE","description":"CMR - Deze dekking is essentieel tijdens het vervoer van goederen, dek je in tegen verlies, schade en diefstal...","robots":{"index":"index","follow":"follow","max-snippet":"max-snippet:-1","max-image-preview":"max-image-preview:large","max-video-preview":"max-video-preview:-1"},"canonical":"https:\/\/www.transport-insurances.com\/de\/cmr-contractuele-aansprakelijkheid-van-de-vervoerder\/","og_locale":"de_DE","og_type":"article","og_title":"CMR: CONTRACTUELE AANSPRAKELIJKHEID VAN DE VERVOERDER - TRANSPORT INSURANCE PACKAGE","og_description":"CMR - Deze dekking is essentieel tijdens het vervoer van goederen, dek je in tegen verlies, schade en diefstal...","og_url":"https:\/\/www.transport-insurances.com\/de\/cmr-contractuele-aansprakelijkheid-van-de-vervoerder\/","og_site_name":"TRANSPORT INSURANCE PACKAGE","article_modified_time":"2023-03-09T14:20:29+00:00","twitter_card":"summary_large_image","twitter_misc":{"Gesch\u00e4tzte Lesezeit":"2\u00a0Minuten"},"schema":{"@context":"https:\/\/schema.org","@graph":[{"@type":"WebPage","@id":"https:\/\/www.transport-insurances.com\/cmr-contractuele-aansprakelijkheid-van-de-vervoerder\/","url":"https:\/\/www.transport-insurances.com\/cmr-contractuele-aansprakelijkheid-van-de-vervoerder\/","name":"CMR: CONTRACTUELE AANSPRAKELIJKHEID VAN DE VERVOERDER - TRANSPORT INSURANCE PACKAGE","isPartOf":{"@id":"https:\/\/www.transport-insurances.com\/#website"},"datePublished":"2020-10-16T10:21:10+00:00","dateModified":"2023-03-09T14:20:29+00:00","description":"CMR - Deze dekking is essentieel tijdens het vervoer van goederen, dek je in tegen verlies, schade en diefstal...","breadcrumb":{"@id":"https:\/\/www.transport-insurances.com\/cmr-contractuele-aansprakelijkheid-van-de-vervoerder\/#breadcrumb"},"inLanguage":"de","potentialAction":[{"@type":"ReadAction","target":["https:\/\/www.transport-insurances.com\/cmr-contractuele-aansprakelijkheid-van-de-vervoerder\/"]}]},{"@type":"BreadcrumbList","@id":"https:\/\/www.transport-insurances.com\/cmr-contractuele-aansprakelijkheid-van-de-vervoerder\/#breadcrumb","itemListElement":[{"@type":"ListItem","position":1,"name":"Home","item":"https:\/\/www.transport-insurances.com\/"},{"@type":"ListItem","position":2,"name":"CMR: CONTRACTUELE AANSPRAKELIJKHEID VAN DE VERVOERDER"}]},{"@type":"WebSite","@id":"https:\/\/www.transport-insurances.com\/#website","url":"https:\/\/www.transport-insurances.com\/","name":"TRANSPORT INSURANCE PACKAGE","description":"Goed verzekerd en veilig de baan op","potentialAction":[{"@type":"SearchAction","target":{"@type":"EntryPoint","urlTemplate":"https:\/\/www.transport-insurances.com\/?s={search_term_string}"},"query-input":{"@type":"PropertyValueSpecification","valueRequired":true,"valueName":"search_term_string"}}],"inLanguage":"de"}]}},"_links":{"self":[{"href":"https:\/\/www.transport-insurances.com\/de\/wp-json\/wp\/v2\/pages\/1211","targetHints":{"allow":["GET"]}}],"collection":[{"href":"https:\/\/www.transport-insurances.com\/de\/wp-json\/wp\/v2\/pages"}],"about":[{"href":"https:\/\/www.transport-insurances.com\/de\/wp-json\/wp\/v2\/types\/page"}],"author":[{"embeddable":true,"href":"https:\/\/www.transport-insurances.com\/de\/wp-json\/wp\/v2\/users\/1"}],"replies":[{"embeddable":true,"href":"https:\/\/www.transport-insurances.com\/de\/wp-json\/wp\/v2\/comments?post=1211"}],"version-history":[{"count":1,"href":"https:\/\/www.transport-insurances.com\/de\/wp-json\/wp\/v2\/pages\/1211\/revisions"}],"predecessor-version":[{"id":2607,"href":"https:\/\/www.transport-insurances.com\/de\/wp-json\/wp\/v2\/pages\/1211\/revisions\/2607"}],"wp:attachment":[{"href":"https:\/\/www.transport-insurances.com\/de\/wp-json\/wp\/v2\/media?parent=1211"}],"curies":[{"name":"wp","href":"https:\/\/api.w.org\/{rel}","templated":true}]}}