{"id":1203,"date":"2020-10-16T12:02:09","date_gmt":"2020-10-16T10:02:09","guid":{"rendered":"https:\/\/transport-insurances.com\/?page_id=1203"},"modified":"2023-03-13T10:02:29","modified_gmt":"2023-03-13T09:02:29","slug":"verzekeringen","status":"publish","type":"page","link":"https:\/\/www.transport-insurances.com\/de\/verzekeringen\/","title":{"rendered":"VERSICHERUNGEN"},"content":{"rendered":"<section class=\"wpb-content-wrapper\"><div data-vc-full-width=\"true\" data-vc-full-width-init=\"false\" class=\"vc_row wpb_row vc_row-fluid\"><div class=\"wpb_column vc_column_container vc_col-sm-12 sc_layouts_column_icons_position_left\"><div class=\"vc_column-inner\"><div class=\"wpb_wrapper\"><div class=\"vc_empty_space\"   style=\"height: 20em\"><span class=\"vc_empty_space_inner\"><\/span><\/div><\/div><\/div><\/div><\/div><div class=\"vc_row-full-width vc_clearfix\"><\/div><div data-vc-full-width=\"true\" data-vc-full-width-init=\"false\" data-vc-stretch-content=\"true\" class=\"vc_row wpb_row vc_row-fluid vc_row-o-equal-height vc_row-flex\"><div class=\"wpb_column vc_column_container vc_col-sm-3 vc_col-has-fill sc_layouts_column_icons_position_left\"><div class=\"vc_column-inner vc_custom_1590477224183\"><div class=\"wpb_wrapper\"><div class=\"vc_empty_space\"   style=\"height: 7.45em\"><span class=\"vc_empty_space_inner\"><\/span><\/div><div id=\"sc_icons_1574168569\" \n\tclass=\"sc_icons sc_icons_default sc_icons_size_small sc_align_center  vc_custom_1590476250416\"><div class=\"sc_icons_item\"><div id=\"sc_icons_1574168569_icon-cars\" class=\"sc_icons_icon sc_icon_type_fontawesome icon-cars\"\n\t\t\t\t\t\t\t\t\t\t\t\t><span class=\"sc_icon_type_fontawesome icon-cars\"><\/span><\/div><\/div><\/div><!-- \/.sc_icons -->\n\t<div class=\"wpb_text_column wpb_content_element  vc_custom_1591867255954\" >\n\t\t<div class=\"wpb_wrapper\">\n\t\t\t<h4 style=\"text-align: center;\">1. HAFTUNGSVERSICHERUNG LKW<\/h4>\n\n\t\t<\/div>\n\t<\/div>\n<div class=\"vc_empty_space\"   style=\"height: 1em\"><span class=\"vc_empty_space_inner\"><\/span><\/div>\n\t<div class=\"wpb_text_column wpb_content_element  vc_custom_1603195603211\" >\n\t\t<div class=\"wpb_wrapper\">\n\t\t\t<p style=\"text-align: center;\">Die Haftungsversicherung LKW ist verpflichtet laut Gesetz von 21\/11\/1989. Physischer und materieller Schaden an dritte Personen wof\u00fcr Sie haftbar gehalten werden, wird verg\u00fctet.<\/p>\n<p style=\"text-align: center;\"><a href=\"https:\/\/www.transport-insurances.com\/de\/ba-vrachtwagen-trekker\/\">&gt; Lesen Sie mehr<\/a><\/p>\n\n\t\t<\/div>\n\t<\/div>\n<div class=\"vc_empty_space\"   style=\"height: 7.6em\"><span class=\"vc_empty_space_inner\"><\/span><\/div><\/div><\/div><\/div><div class=\"wpb_column vc_column_container vc_col-sm-3 vc_col-has-fill sc_layouts_column_icons_position_left\"><div class=\"vc_column-inner vc_custom_1603448077028\"><div class=\"wpb_wrapper\"><div class=\"vc_empty_space\"   style=\"height: 7.45em\"><span class=\"vc_empty_space_inner\"><\/span><\/div><div id=\"sc_icons_1831928226\" \n\tclass=\"sc_icons sc_icons_default sc_icons_size_small sc_align_center  vc_custom_1590476858882\"><div class=\"sc_icons_item\"><div id=\"sc_icons_1831928226_icon-paper-plane\" class=\"sc_icons_icon sc_icon_type_fontawesome icon-paper-plane\"\n\t\t\t\t\t\t\t\t\t\t\t\t><span class=\"sc_icon_type_fontawesome icon-paper-plane\"><\/span><\/div><\/div><\/div><!-- \/.sc_icons -->\n\t<div class=\"wpb_text_column wpb_content_element  vc_custom_1591867339663\" >\n\t\t<div class=\"wpb_wrapper\">\n\t\t\t<h4 style=\"text-align: center;\">2. VERSICHERUNG F\u00dcR IHRE MITARBEITER<\/h4>\n\n\t\t<\/div>\n\t<\/div>\n<div class=\"vc_empty_space\"   style=\"height: 1em\"><span class=\"vc_empty_space_inner\"><\/span><\/div>\n\t<div class=\"wpb_text_column wpb_content_element  vc_custom_1603195703338\" >\n\t\t<div class=\"wpb_wrapper\">\n\t\t\t<p style=\"text-align: center;\">Ab ein Angestellter ist eine Arbeitsunfallenversicherung in Belgien verpflichtet. Diese Versicherung kann auf verschiedene Weise t\u00e4tig sein f\u00fcr Unf\u00e4lle die stattfinden k\u00f6nnen.<\/p>\n<p style=\"text-align: center;\"><a href=\"https:\/\/www.transport-insurances.com\/de\/personeels-verzekeringen\/\">&gt; Lesen Sie mehr<\/a><\/p>\n\n\t\t<\/div>\n\t<\/div>\n<div class=\"vc_empty_space\"   style=\"height: 7.6em\"><span class=\"vc_empty_space_inner\"><\/span><\/div><\/div><\/div><\/div><div class=\"wpb_column vc_column_container vc_col-sm-3 vc_col-has-fill sc_layouts_column_icons_position_left scheme_dark\"><div class=\"vc_column-inner vc_custom_1589551735926\"><div class=\"wpb_wrapper\"><div class=\"vc_empty_space\"   style=\"height: 7.45em\"><span class=\"vc_empty_space_inner\"><\/span><\/div><div id=\"sc_icons_976277067\" \n\tclass=\"sc_icons sc_icons_default sc_icons_size_small sc_align_center  vc_custom_1590475615296\"><div class=\"sc_icons_item\"><div id=\"sc_icons_976277067_icon-3\" class=\"sc_icons_icon sc_icon_type_fontawesome icon-3\"\n\t\t\t\t\t\t\t\t\t\t\t\t><span class=\"sc_icon_type_fontawesome icon-3\"><\/span><\/div><\/div><\/div><!-- \/.sc_icons -->\n\t<div class=\"wpb_text_column wpb_content_element  vc_custom_1591867389911\" >\n\t\t<div class=\"wpb_wrapper\">\n\t\t\t<h4 style=\"text-align: center;\">3. RECHTSSCHUTZ LKW\/ZUGMASCHINE<\/h4>\n\n\t\t<\/div>\n\t<\/div>\n<div class=\"vc_empty_space\"   style=\"height: 1em\"><span class=\"vc_empty_space_inner\"><\/span><\/div>\n\t<div class=\"wpb_text_column wpb_content_element  vc_custom_1678286840585\" >\n\t\t<div class=\"wpb_wrapper\">\n\t\t\t<p style=\"text-align: center;\"><span style=\"color: #ffffff;\">Rechtsschutz bei Streitigkeiten mit Kunden oder Lieferanten, bis zu einer Versicherungssumme von 100.000 EUR pro Schadensfall f\u00fcr verschiedene Deckungen wie Strafverteidigung, Zivilrechtsschutz, Zivilverteidigung, ...<\/span><\/p>\n<p style=\"text-align: center;\"><span style=\"color: #ffffff;\"><a style=\"color: #ffffff;\" href=\"https:\/\/www.transport-insurances.com\/de\/rechtbijstand-vrachtwagen-trekker\/\">&gt; Lesen Sie mehr<\/a><\/span><\/p>\n\n\t\t<\/div>\n\t<\/div>\n<div class=\"vc_empty_space\"   style=\"height: 7.6em\"><span class=\"vc_empty_space_inner\"><\/span><\/div><\/div><\/div><\/div><div class=\"wpb_column vc_column_container vc_col-sm-3 vc_col-has-fill sc_layouts_column_icons_position_left scheme_dark\"><div class=\"vc_column-inner vc_custom_1591867028271\"><div class=\"wpb_wrapper\"><div class=\"vc_empty_space\"   style=\"height: 7.45em\"><span class=\"vc_empty_space_inner\"><\/span><\/div><div id=\"sc_icons_483236444\" \n\tclass=\"sc_icons sc_icons_default sc_icons_size_small sc_align_center  vc_custom_1591872236975\"><div class=\"sc_icons_item\"><div id=\"sc_icons_483236444_fa fa-sticky-note-o\" class=\"sc_icons_icon sc_icon_type_fontawesome fa fa-sticky-note-o\"\n\t\t\t\t\t\t style=\"color: #ffffff\"\t\t\t\t\t\t><span class=\"sc_icon_type_fontawesome fa fa-sticky-note-o\" style=\"color: #ffffff\"><\/span><\/div><\/div><\/div><!-- \/.sc_icons -->\n\t<div class=\"wpb_text_column wpb_content_element  vc_custom_1591867451700\" >\n\t\t<div class=\"wpb_wrapper\">\n\t\t\t<h4 style=\"text-align: center;\">4. CMR: VERTRAGLICHE HAFTUNG DES BEF\u00d6RDERERS<\/h4>\n\n\t\t<\/div>\n\t<\/div>\n<div class=\"vc_empty_space\"   style=\"height: 1em\"><span class=\"vc_empty_space_inner\"><\/span><\/div>\n\t<div class=\"wpb_text_column wpb_content_element  vc_custom_1603195650828\" >\n\t\t<div class=\"wpb_wrapper\">\n\t\t\t<p style=\"text-align: center;\"><span style=\"color: #ffffff;\">Transportieren Sie als Transportunternehmen G\u00fcter im In- und\/oder Ausland?  Dann ist eine CMR-Versicherung auf jeden Fall ein Muss.  Diese Versicherung greift bei Besch\u00e4digung, Verlust, Diebstahl usw. w\u00e4hrend des Zeitraums ein, in dem Sie f\u00fcr die Waren verantwortlich sind.<\/span><\/p>\n<p style=\"text-align: center;\"><span style=\"color: #ffffff;\"><a style=\"color: #ffffff;\" href=\"https:\/\/www.transport-insurances.com\/de\/cmr-contractuele-aansprakelijkheid-van-de-vervoerder\/\">&gt; Lesen Sie mehr<\/a><\/span><\/p>\n\n\t\t<\/div>\n\t<\/div>\n<div class=\"vc_empty_space\"   style=\"height: 7.6em\"><span class=\"vc_empty_space_inner\"><\/span><\/div><\/div><\/div><\/div><\/div><div class=\"vc_row-full-width vc_clearfix\"><\/div><div data-vc-full-width=\"true\" data-vc-full-width-init=\"false\" data-vc-stretch-content=\"true\" class=\"vc_row wpb_row vc_row-fluid vc_custom_1591868631667 vc_row-has-fill vc_row-o-equal-height vc_row-flex\"><div class=\"wpb_column vc_column_container vc_col-sm-3 vc_col-has-fill sc_layouts_column_icons_position_left scheme_dark\"><div class=\"vc_column-inner vc_custom_1678286723632\"><div class=\"wpb_wrapper\"><div class=\"vc_empty_space\"   style=\"height: 7.45em\"><span class=\"vc_empty_space_inner\"><\/span><\/div><div id=\"sc_icons_1407953026\" \n\tclass=\"sc_icons sc_icons_default sc_icons_size_small sc_align_center  vc_custom_1590475762997\"><div class=\"sc_icons_item\"><div id=\"sc_icons_1407953026_icon-box\" class=\"sc_icons_icon sc_icon_type_fontawesome icon-box\"\n\t\t\t\t\t\t style=\"color: #ffffff\"\t\t\t\t\t\t><span class=\"sc_icon_type_fontawesome icon-box\" style=\"color: #ffffff\"><\/span><\/div><\/div><\/div><!-- \/.sc_icons -->\n\t<div class=\"wpb_text_column wpb_content_element  vc_custom_1591867796363\" >\n\t\t<div class=\"wpb_wrapper\">\n\t\t\t<h4 style=\"text-align: center;\">5. CTA: HAFTUNG F\u00dcR CONTAINER UND ANH\u00c4NGER<\/h4>\n\n\t\t<\/div>\n\t<\/div>\n<div class=\"vc_empty_space\"   style=\"height: 1em\"><span class=\"vc_empty_space_inner\"><\/span><\/div>\n\t<div class=\"wpb_text_column wpb_content_element  vc_custom_1655969101248\" >\n\t\t<div class=\"wpb_wrapper\">\n\t\t\t<p style=\"text-align: center;\"><span style=\"color: #ffffff;\">Eine Container-Trailer-Haftpflichtversicherung, kurz CTA, ist interessant, wenn Sie regelm\u00e4\u00dfig Container, Trailer, ... mieten oder leihen.   Diese Versicherung springt bei Besch\u00e4digung oder Verlust der gemieteten Ger\u00e4te ein.<\/span><\/p>\n<p style=\"text-align: center;\"><span style=\"color: #ffffff;\"><a style=\"color: #ffffff;\" href=\"https:\/\/www.transport-insurances.com\/de\/cta-container-traileraansprakelijkheid\/\">&gt; Lesen Sie mehr<\/a><\/span><\/p>\n\n\t\t<\/div>\n\t<\/div>\n<div class=\"vc_empty_space\"   style=\"height: 7.6em\"><span class=\"vc_empty_space_inner\"><\/span><\/div><\/div><\/div><\/div><div class=\"wpb_column vc_column_container vc_col-sm-3 vc_col-has-fill sc_layouts_column_icons_position_left scheme_dark\"><div class=\"vc_column-inner vc_custom_1678286738020\"><div class=\"wpb_wrapper\"><div class=\"vc_empty_space\"   style=\"height: 7.45em\"><span class=\"vc_empty_space_inner\"><\/span><\/div><div id=\"sc_icons_1193071480\" \n\tclass=\"sc_icons sc_icons_default sc_icons_size_small sc_align_center  vc_custom_1590475800288\"><div class=\"sc_icons_item\"><div id=\"sc_icons_1193071480_icon-home-alt\" class=\"sc_icons_icon sc_icon_type_fontawesome icon-home-alt\"\n\t\t\t\t\t\t\t\t\t\t\t\t><span class=\"sc_icon_type_fontawesome icon-home-alt\"><\/span><\/div><\/div><\/div><!-- \/.sc_icons -->\n\t<div class=\"wpb_text_column wpb_content_element  vc_custom_1591867845410\" >\n\t\t<div class=\"wpb_wrapper\">\n\t\t\t<h4 style=\"text-align: center;\">6. BA VERSICHERUNG UNTERNEHMEN &amp; BA NACH DER LIEFERUNG<\/h4>\n\n\t\t<\/div>\n\t<\/div>\n<div class=\"vc_empty_space\"   style=\"height: 1em\"><span class=\"vc_empty_space_inner\"><\/span><\/div>\n\t<div class=\"wpb_text_column wpb_content_element  vc_custom_1678286772417\" >\n\t\t<div class=\"wpb_wrapper\">\n\t\t\t<p style=\"text-align: center;\"><span style=\"color: #ffffff;\">Die BA-Unternehmen wird manchmal als Familienversicherung f\u00fcr die Gesch\u00e4ftswelt betrachtet.  Diese Versicherung deckt alle Sch\u00e4den an Dritten, die innerhalb oder au\u00dferhalb des Unternehmens verursacht werden.  Au\u00dferdem steigen die Zahl der Schadensf\u00e4lle und die Schadenssummen schnell an... eine Haftpflichtversicherung ist daher ein Muss f\u00fcr jedes modernes Unternehmen!<\/span><\/p>\n<p style=\"text-align: center;\"><span style=\"color: #ffffff;\"><a style=\"color: #ffffff;\" href=\"https:\/\/www.transport-insurances.com\/de\/ba-uitbating-ba-na-levering\/\">&gt; Lesen Sie mehr<\/a><\/span><\/p>\n\n\t\t<\/div>\n\t<\/div>\n<div class=\"vc_empty_space\"   style=\"height: 7.6em\"><span class=\"vc_empty_space_inner\"><\/span><\/div><\/div><\/div><\/div><div class=\"wpb_column vc_column_container vc_col-sm-3 vc_col-has-fill sc_layouts_column_icons_position_left\"><div class=\"vc_column-inner vc_custom_1603448087293\"><div class=\"wpb_wrapper\"><div class=\"vc_empty_space\"   style=\"height: 7.45em\"><span class=\"vc_empty_space_inner\"><\/span><\/div><div id=\"sc_icons_900828027\" \n\tclass=\"sc_icons sc_icons_default sc_icons_size_small sc_align_center  vc_custom_1590476041231\"><div class=\"sc_icons_item\"><div id=\"sc_icons_900828027_icon-2\" class=\"sc_icons_icon sc_icon_type_fontawesome icon-2\"\n\t\t\t\t\t\t\t\t\t\t\t\t><span class=\"sc_icon_type_fontawesome icon-2\"><\/span><\/div><\/div><\/div><!-- \/.sc_icons -->\n\t<div class=\"wpb_text_column wpb_content_element  vc_custom_1591867890342\" >\n\t\t<div class=\"wpb_wrapper\">\n\t\t\t<h4 style=\"text-align: center;\">7. VOLLKASKOVERSICHERUNG LKW\/ZUGMASCHINE<\/h4>\n\n\t\t<\/div>\n\t<\/div>\n<div class=\"vc_empty_space\"   style=\"height: 1em\"><span class=\"vc_empty_space_inner\"><\/span><\/div>\n\t<div class=\"wpb_text_column wpb_content_element  vc_custom_1603195617057\" >\n\t\t<div class=\"wpb_wrapper\">\n\t\t\t<p style=\"text-align: center;\">Die Vollkaskoversicherung ist f\u00fcr Nutzfahrzeuge \u00e4u\u00dferst n\u00fctzlich.  Es gibt eine Reihe spezifischer Deckungen, wie z. B. Sch\u00e4den, die durch Ladung verursacht werden.  Au\u00dferdem tut die Kaskoversicherung das, was sie tun soll: Ihre eigenen Sch\u00e4den decken.<\/p>\n<p style=\"text-align: center;\"><a href=\"https:\/\/www.transport-insurances.com\/de\/omnium-vrachtwagen-trekker\/\">&gt; Lesen Sie mehr<\/a><\/p>\n\n\t\t<\/div>\n\t<\/div>\n<div class=\"vc_empty_space\"   style=\"height: 7.6em\"><span class=\"vc_empty_space_inner\"><\/span><\/div><\/div><\/div><\/div><div class=\"wpb_column vc_column_container vc_col-sm-3 vc_col-has-fill sc_layouts_column_icons_position_left\"><div class=\"vc_column-inner vc_custom_1590477232048\"><div class=\"wpb_wrapper\"><div class=\"vc_empty_space\"   style=\"height: 7.45em\"><span class=\"vc_empty_space_inner\"><\/span><\/div><div id=\"sc_icons_1800236589\" \n\tclass=\"sc_icons sc_icons_default sc_icons_size_small sc_align_center  vc_custom_1590476157294\"><div class=\"sc_icons_item\"><div id=\"sc_icons_1800236589_icon-1\" class=\"sc_icons_icon sc_icon_type_fontawesome icon-1\"\n\t\t\t\t\t\t\t\t\t\t\t\t><span class=\"sc_icon_type_fontawesome icon-1\"><\/span><\/div><\/div><\/div><!-- \/.sc_icons -->\n\t<div class=\"wpb_text_column wpb_content_element  vc_custom_1590475290502\" >\n\t\t<div class=\"wpb_wrapper\">\n\t\t\t<h4 style=\"text-align: center;\">6 GARANTIEN F\u00dcR 1 EINZIGEN PREIS<\/h4>\n\n\t\t<\/div>\n\t<\/div>\n<div class=\"vc_empty_space\"   style=\"height: 1em\"><span class=\"vc_empty_space_inner\"><\/span><\/div>\n\t<div class=\"wpb_text_column wpb_content_element  vc_custom_1603195717116\" >\n\t\t<div class=\"wpb_wrapper\">\n\t\t\t<p class=\"p1\" style=\"text-align: center;\">Basisgarantien:<\/p>\n<ul style=\"text-align: left;\">\n<li class=\"p2\">BA Lkw\/Zugmaschine<\/li>\n<li class=\"p2\">Personalversicherung<\/li>\n<li class=\"p2\">Rechtsschutz LKW\/Zugmaschine<\/li>\n<li class=\"p2\">CMR<\/li>\n<li class=\"p2\">CTA<\/li>\n<li class=\"p2\">BA nach der Lieferung<\/li>\n<\/ul>\n<p style=\"text-align: center;\">Optional:<\/p>\n<ul>\n<li style=\"text-align: left;\">Vollkaskoversicherung Lkw\/Zugmaschine<\/li>\n<\/ul>\n\n\t\t<\/div>\n\t<\/div>\n<div class=\"vc_empty_space\"   style=\"height: 7.6em\"><span class=\"vc_empty_space_inner\"><\/span><\/div><\/div><\/div><\/div><\/div><div class=\"vc_row-full-width vc_clearfix\"><\/div><div class=\"vc_row wpb_row vc_row-fluid\"><div class=\"wpb_column vc_column_container vc_col-sm-12 sc_layouts_column_icons_position_left\"><div class=\"vc_column-inner\"><div class=\"wpb_wrapper\"><div class=\"vc_empty_space  height_tiny\"   style=\"height: 0.5em\"><span class=\"vc_empty_space_inner\"><\/span><\/div><\/div><\/div><\/div><\/div><div class=\"vc_row wpb_row vc_row-fluid\"><div class=\"wpb_column vc_column_container vc_col-sm-12 sc_layouts_column_icons_position_left\"><div class=\"vc_column-inner\"><div class=\"wpb_wrapper\">\n\t<div class=\"wpb_text_column wpb_content_element\" >\n\t\t<div class=\"wpb_wrapper\">\n\t\t\t<p>\u00a0<\/p>\n\n\t\t<\/div>\n\t<\/div>\n<\/div><\/div><\/div><\/div>\n<\/section>","protected":false},"excerpt":{"rendered":"1. BA VRACHTWAGEN \/ TREKKER De verzekering Burgerlijke Aansprakelijkheid voor vrachtwagens en trekkers is verplicht bij Wet van 21\/11\/1989. Ze komt tussen bij alle lichamelijke en stoffelijke schade aan derden waarbij uw voertuig verantwoordelijk gesteld wordt. &gt; Lees meer 2. PERSONEELSVERZEKERING Van zodra u \u00e9\u00e9n personeelslid in dienst hebt, is een arbeidsongevallenverzekering wettelijk verplicht in Belgi\u00eb. De verzekering komt op&hellip;","protected":false},"author":1,"featured_media":0,"parent":0,"menu_order":0,"comment_status":"closed","ping_status":"closed","template":"","meta":{"footnotes":""},"class_list":["post-1203","page","type-page","status-publish","hentry"],"yoast_head":"<!-- This site is optimized with the Yoast SEO plugin v23.9 - https:\/\/yoast.com\/wordpress\/plugins\/seo\/ -->\n<title>VERZEKERINGEN - TRANSPORT INSURANCE PACKAGE<\/title>\n<meta name=\"description\" content=\"Verzekeringen Transport Insurance Package - Bekijk welke verzekeringen wij allemaal opnemen in onze Transport Insurance Package.\" \/>\n<meta name=\"robots\" content=\"index, follow, max-snippet:-1, max-image-preview:large, max-video-preview:-1\" \/>\n<link rel=\"canonical\" href=\"https:\/\/www.transport-insurances.com\/de\/verzekeringen\/\" \/>\n<meta property=\"og:locale\" content=\"de_DE\" \/>\n<meta property=\"og:type\" content=\"article\" \/>\n<meta property=\"og:title\" content=\"VERZEKERINGEN - TRANSPORT INSURANCE PACKAGE\" \/>\n<meta property=\"og:description\" content=\"Verzekeringen Transport Insurance Package - Bekijk welke verzekeringen wij allemaal opnemen in onze Transport Insurance Package.\" \/>\n<meta property=\"og:url\" content=\"https:\/\/www.transport-insurances.com\/de\/verzekeringen\/\" \/>\n<meta property=\"og:site_name\" content=\"TRANSPORT INSURANCE PACKAGE\" \/>\n<meta property=\"article:modified_time\" content=\"2023-03-13T09:02:29+00:00\" \/>\n<meta name=\"twitter:card\" content=\"summary_large_image\" \/>\n<meta name=\"twitter:label1\" content=\"Gesch\u00e4tzte Lesezeit\" \/>\n\t<meta name=\"twitter:data1\" content=\"4\u00a0Minuten\" \/>\n<script type=\"application\/ld+json\" class=\"yoast-schema-graph\">{\"@context\":\"https:\/\/schema.org\",\"@graph\":[{\"@type\":\"WebPage\",\"@id\":\"https:\/\/www.transport-insurances.com\/verzekeringen\/\",\"url\":\"https:\/\/www.transport-insurances.com\/verzekeringen\/\",\"name\":\"VERZEKERINGEN - TRANSPORT INSURANCE PACKAGE\",\"isPartOf\":{\"@id\":\"https:\/\/www.transport-insurances.com\/#website\"},\"datePublished\":\"2020-10-16T10:02:09+00:00\",\"dateModified\":\"2023-03-13T09:02:29+00:00\",\"description\":\"Verzekeringen Transport Insurance Package - Bekijk welke verzekeringen wij allemaal opnemen in onze Transport Insurance Package.\",\"breadcrumb\":{\"@id\":\"https:\/\/www.transport-insurances.com\/verzekeringen\/#breadcrumb\"},\"inLanguage\":\"de\",\"potentialAction\":[{\"@type\":\"ReadAction\",\"target\":[\"https:\/\/www.transport-insurances.com\/verzekeringen\/\"]}]},{\"@type\":\"BreadcrumbList\",\"@id\":\"https:\/\/www.transport-insurances.com\/verzekeringen\/#breadcrumb\",\"itemListElement\":[{\"@type\":\"ListItem\",\"position\":1,\"name\":\"Home\",\"item\":\"https:\/\/www.transport-insurances.com\/\"},{\"@type\":\"ListItem\",\"position\":2,\"name\":\"VERZEKERINGEN\"}]},{\"@type\":\"WebSite\",\"@id\":\"https:\/\/www.transport-insurances.com\/#website\",\"url\":\"https:\/\/www.transport-insurances.com\/\",\"name\":\"TRANSPORT INSURANCE PACKAGE\",\"description\":\"Goed verzekerd en veilig de baan op\",\"potentialAction\":[{\"@type\":\"SearchAction\",\"target\":{\"@type\":\"EntryPoint\",\"urlTemplate\":\"https:\/\/www.transport-insurances.com\/?s={search_term_string}\"},\"query-input\":{\"@type\":\"PropertyValueSpecification\",\"valueRequired\":true,\"valueName\":\"search_term_string\"}}],\"inLanguage\":\"de\"}]}<\/script>\n<!-- \/ Yoast SEO plugin. -->","yoast_head_json":{"title":"VERZEKERINGEN - TRANSPORT INSURANCE PACKAGE","description":"Verzekeringen Transport Insurance Package - Bekijk welke verzekeringen wij allemaal opnemen in onze Transport Insurance Package.","robots":{"index":"index","follow":"follow","max-snippet":"max-snippet:-1","max-image-preview":"max-image-preview:large","max-video-preview":"max-video-preview:-1"},"canonical":"https:\/\/www.transport-insurances.com\/de\/verzekeringen\/","og_locale":"de_DE","og_type":"article","og_title":"VERZEKERINGEN - TRANSPORT INSURANCE PACKAGE","og_description":"Verzekeringen Transport Insurance Package - Bekijk welke verzekeringen wij allemaal opnemen in onze Transport Insurance Package.","og_url":"https:\/\/www.transport-insurances.com\/de\/verzekeringen\/","og_site_name":"TRANSPORT INSURANCE PACKAGE","article_modified_time":"2023-03-13T09:02:29+00:00","twitter_card":"summary_large_image","twitter_misc":{"Gesch\u00e4tzte Lesezeit":"4\u00a0Minuten"},"schema":{"@context":"https:\/\/schema.org","@graph":[{"@type":"WebPage","@id":"https:\/\/www.transport-insurances.com\/verzekeringen\/","url":"https:\/\/www.transport-insurances.com\/verzekeringen\/","name":"VERZEKERINGEN - TRANSPORT INSURANCE PACKAGE","isPartOf":{"@id":"https:\/\/www.transport-insurances.com\/#website"},"datePublished":"2020-10-16T10:02:09+00:00","dateModified":"2023-03-13T09:02:29+00:00","description":"Verzekeringen Transport Insurance Package - Bekijk welke verzekeringen wij allemaal opnemen in onze Transport Insurance Package.","breadcrumb":{"@id":"https:\/\/www.transport-insurances.com\/verzekeringen\/#breadcrumb"},"inLanguage":"de","potentialAction":[{"@type":"ReadAction","target":["https:\/\/www.transport-insurances.com\/verzekeringen\/"]}]},{"@type":"BreadcrumbList","@id":"https:\/\/www.transport-insurances.com\/verzekeringen\/#breadcrumb","itemListElement":[{"@type":"ListItem","position":1,"name":"Home","item":"https:\/\/www.transport-insurances.com\/"},{"@type":"ListItem","position":2,"name":"VERZEKERINGEN"}]},{"@type":"WebSite","@id":"https:\/\/www.transport-insurances.com\/#website","url":"https:\/\/www.transport-insurances.com\/","name":"TRANSPORT INSURANCE PACKAGE","description":"Goed verzekerd en veilig de baan op","potentialAction":[{"@type":"SearchAction","target":{"@type":"EntryPoint","urlTemplate":"https:\/\/www.transport-insurances.com\/?s={search_term_string}"},"query-input":{"@type":"PropertyValueSpecification","valueRequired":true,"valueName":"search_term_string"}}],"inLanguage":"de"}]}},"_links":{"self":[{"href":"https:\/\/www.transport-insurances.com\/de\/wp-json\/wp\/v2\/pages\/1203","targetHints":{"allow":["GET"]}}],"collection":[{"href":"https:\/\/www.transport-insurances.com\/de\/wp-json\/wp\/v2\/pages"}],"about":[{"href":"https:\/\/www.transport-insurances.com\/de\/wp-json\/wp\/v2\/types\/page"}],"author":[{"embeddable":true,"href":"https:\/\/www.transport-insurances.com\/de\/wp-json\/wp\/v2\/users\/1"}],"replies":[{"embeddable":true,"href":"https:\/\/www.transport-insurances.com\/de\/wp-json\/wp\/v2\/comments?post=1203"}],"version-history":[{"count":6,"href":"https:\/\/www.transport-insurances.com\/de\/wp-json\/wp\/v2\/pages\/1203\/revisions"}],"predecessor-version":[{"id":2540,"href":"https:\/\/www.transport-insurances.com\/de\/wp-json\/wp\/v2\/pages\/1203\/revisions\/2540"}],"wp:attachment":[{"href":"https:\/\/www.transport-insurances.com\/de\/wp-json\/wp\/v2\/media?parent=1203"}],"curies":[{"name":"wp","href":"https:\/\/api.w.org\/{rel}","templated":true}]}}